{"id":21366,"date":"2025-10-10T13:14:27","date_gmt":"2025-10-10T11:14:27","guid":{"rendered":"https:\/\/culturasconstructivas.org\/producto\/extraccion-conservacion-y-restauracion-de-pintura-mural-y-mosaico-romanos-com-beatriz-taboada-villanueva-irene-loschi-e-antonio-fernandez-ugalde-16-nov-2025\/"},"modified":"2025-10-15T17:49:41","modified_gmt":"2025-10-15T15:49:41","slug":"extraccion-conservacion-y-restauracion-de-pintura-mural-y-mosaico-romanos-com-beatriz-taboada-villanueva-irene-loschi-e-antonio-fernandez-ugalde-16-nov-2025","status":"publish","type":"product","link":"https:\/\/culturasconstructivas.org\/pt-pt\/producto\/extraccion-conservacion-y-restauracion-de-pintura-mural-y-mosaico-romanos-com-beatriz-taboada-villanueva-irene-loschi-e-antonio-fernandez-ugalde-16-nov-2025\/","title":{"rendered":"Extra\u00e7\u00e3o, conserva\u00e7\u00e3o e restauro de pinturas murais e mosaicos romanos com Beatriz Taboada Villanueva, Irene Loschi e Antonio Fernandez Ugalde (16 nov 2025)"},"content":{"rendered":"","protected":false},"excerpt":{"rendered":"","protected":false},"featured_media":0,"template":"","meta":{"_acf_changed":false,"_piecal_is_event":false,"_piecal_start_date":"","_piecal_end_date":"","_piecal_is_allday":false},"product_brand":[],"product_cat":[135],"product_tag":[],"class_list":{"0":"post-21366","1":"product","2":"type-product","3":"status-publish","5":"product_cat-sem-categoria","7":"first","8":"outofstock","9":"featured","10":"virtual","11":"taxable","12":"purchasable","13":"product-type-simple"},"acf":[],"yoast_head":"<!-- This site is optimized with the Yoast SEO plugin v27.3 - https:\/\/yoast.com\/product\/yoast-seo-wordpress\/ -->\n<title>Extra\u00e7\u00e3o, conserva\u00e7\u00e3o e restauro de pinturas murais e mosaicos romanos com Beatriz Taboada Villanueva, Irene Loschi e Antonio Fernandez Ugalde (16 nov 2025) - Fundaci\u00f3n Culturas Constructivas Tradicionales<\/title>\n<meta name=\"robots\" content=\"index, follow, max-snippet:-1, max-image-preview:large, max-video-preview:-1\" \/>\n<link rel=\"canonical\" href=\"https:\/\/culturasconstructivas.org\/pt-pt\/producto\/extraccion-conservacion-y-restauracion-de-pintura-mural-y-mosaico-romanos-com-beatriz-taboada-villanueva-irene-loschi-e-antonio-fernandez-ugalde-16-nov-2025\/\" \/>\n<meta property=\"og:locale\" content=\"pt_PT\" \/>\n<meta property=\"og:type\" content=\"article\" \/>\n<meta property=\"og:title\" content=\"Extra\u00e7\u00e3o, conserva\u00e7\u00e3o e restauro de pinturas murais e mosaicos romanos com Beatriz Taboada Villanueva, Irene Loschi e Antonio Fernandez Ugalde (16 nov 2025) - Fundaci\u00f3n Culturas Constructivas Tradicionales\" \/>\n<meta property=\"og:url\" content=\"https:\/\/culturasconstructivas.org\/pt-pt\/producto\/extraccion-conservacion-y-restauracion-de-pintura-mural-y-mosaico-romanos-com-beatriz-taboada-villanueva-irene-loschi-e-antonio-fernandez-ugalde-16-nov-2025\/\" \/>\n<meta property=\"og:site_name\" content=\"Fundaci\u00f3n Culturas Constructivas Tradicionales\" \/>\n<meta property=\"article:modified_time\" content=\"2025-10-15T15:49:41+00:00\" \/>\n<meta name=\"twitter:card\" content=\"summary_large_image\" \/>\n<script type=\"application\/ld+json\" class=\"yoast-schema-graph\">{\"@context\":\"https:\\\/\\\/schema.org\",\"@graph\":[{\"@type\":\"WebPage\",\"@id\":\"https:\\\/\\\/culturasconstructivas.org\\\/pt-pt\\\/producto\\\/extraccion-conservacion-y-restauracion-de-pintura-mural-y-mosaico-romanos-com-beatriz-taboada-villanueva-irene-loschi-e-antonio-fernandez-ugalde-16-nov-2025\\\/\",\"url\":\"https:\\\/\\\/culturasconstructivas.org\\\/pt-pt\\\/producto\\\/extraccion-conservacion-y-restauracion-de-pintura-mural-y-mosaico-romanos-com-beatriz-taboada-villanueva-irene-loschi-e-antonio-fernandez-ugalde-16-nov-2025\\\/\",\"name\":\"Extra\u00e7\u00e3o, conserva\u00e7\u00e3o e restauro de pinturas murais e mosaicos romanos com Beatriz Taboada Villanueva, Irene Loschi e Antonio Fernandez Ugalde (16 nov 2025) - Fundaci\u00f3n Culturas Constructivas Tradicionales\",\"isPartOf\":{\"@id\":\"https:\\\/\\\/culturasconstructivas.org\\\/pt-pt\\\/#website\"},\"datePublished\":\"2025-10-10T11:14:27+00:00\",\"dateModified\":\"2025-10-15T15:49:41+00:00\",\"breadcrumb\":{\"@id\":\"https:\\\/\\\/culturasconstructivas.org\\\/pt-pt\\\/producto\\\/extraccion-conservacion-y-restauracion-de-pintura-mural-y-mosaico-romanos-com-beatriz-taboada-villanueva-irene-loschi-e-antonio-fernandez-ugalde-16-nov-2025\\\/#breadcrumb\"},\"inLanguage\":\"pt-PT\",\"potentialAction\":[{\"@type\":\"ReadAction\",\"target\":[\"https:\\\/\\\/culturasconstructivas.org\\\/pt-pt\\\/producto\\\/extraccion-conservacion-y-restauracion-de-pintura-mural-y-mosaico-romanos-com-beatriz-taboada-villanueva-irene-loschi-e-antonio-fernandez-ugalde-16-nov-2025\\\/\"]}]},{\"@type\":\"BreadcrumbList\",\"@id\":\"https:\\\/\\\/culturasconstructivas.org\\\/pt-pt\\\/producto\\\/extraccion-conservacion-y-restauracion-de-pintura-mural-y-mosaico-romanos-com-beatriz-taboada-villanueva-irene-loschi-e-antonio-fernandez-ugalde-16-nov-2025\\\/#breadcrumb\",\"itemListElement\":[{\"@type\":\"ListItem\",\"position\":1,\"name\":\"Portada\",\"item\":\"https:\\\/\\\/culturasconstructivas.org\\\/pt-pt\\\/fundacao-culturas-construtivas-tradicionais\\\/\"},{\"@type\":\"ListItem\",\"position\":2,\"name\":\"Tienda\",\"item\":\"https:\\\/\\\/culturasconstructivas.org\\\/tienda\\\/\"},{\"@type\":\"ListItem\",\"position\":3,\"name\":\"Extra\u00e7\u00e3o, conserva\u00e7\u00e3o e restauro de pinturas murais e mosaicos romanos com Beatriz Taboada Villanueva, Irene Loschi e Antonio Fernandez Ugalde (16 nov 2025)\"}]},{\"@type\":\"WebSite\",\"@id\":\"https:\\\/\\\/culturasconstructivas.org\\\/pt-pt\\\/#website\",\"url\":\"https:\\\/\\\/culturasconstructivas.org\\\/pt-pt\\\/\",\"name\":\"Fundaci\u00f3n Culturas Constructivas Tradicionales\",\"description\":\"\",\"publisher\":{\"@id\":\"https:\\\/\\\/culturasconstructivas.org\\\/pt-pt\\\/#organization\"},\"potentialAction\":[{\"@type\":\"SearchAction\",\"target\":{\"@type\":\"EntryPoint\",\"urlTemplate\":\"https:\\\/\\\/culturasconstructivas.org\\\/pt-pt\\\/?s={search_term_string}\"},\"query-input\":{\"@type\":\"PropertyValueSpecification\",\"valueRequired\":true,\"valueName\":\"search_term_string\"}}],\"inLanguage\":\"pt-PT\"},{\"@type\":\"Organization\",\"@id\":\"https:\\\/\\\/culturasconstructivas.org\\\/pt-pt\\\/#organization\",\"name\":\"Fundaci\u00f3n Culturas Constructivas Tradicionales\",\"url\":\"https:\\\/\\\/culturasconstructivas.org\\\/pt-pt\\\/\",\"logo\":{\"@type\":\"ImageObject\",\"inLanguage\":\"pt-PT\",\"@id\":\"https:\\\/\\\/culturasconstructivas.org\\\/pt-pt\\\/#\\\/schema\\\/logo\\\/image\\\/\",\"url\":\"https:\\\/\\\/culturasconstructivas.org\\\/wp-content\\\/uploads\\\/2023\\\/10\\\/FUNDACAO-CULTURAS-CONSTRUTIVAS-Logo.png\",\"contentUrl\":\"https:\\\/\\\/culturasconstructivas.org\\\/wp-content\\\/uploads\\\/2023\\\/10\\\/FUNDACAO-CULTURAS-CONSTRUTIVAS-Logo.png\",\"width\":537,\"height\":290,\"caption\":\"Fundaci\u00f3n Culturas Constructivas Tradicionales\"},\"image\":{\"@id\":\"https:\\\/\\\/culturasconstructivas.org\\\/pt-pt\\\/#\\\/schema\\\/logo\\\/image\\\/\"}}]}<\/script>\n<!-- \/ Yoast SEO plugin. -->","yoast_head_json":{"title":"Extra\u00e7\u00e3o, conserva\u00e7\u00e3o e restauro de pinturas murais e mosaicos romanos com Beatriz Taboada Villanueva, Irene Loschi e Antonio Fernandez Ugalde (16 nov 2025) - Fundaci\u00f3n Culturas Constructivas Tradicionales","robots":{"index":"index","follow":"follow","max-snippet":"max-snippet:-1","max-image-preview":"max-image-preview:large","max-video-preview":"max-video-preview:-1"},"canonical":"https:\/\/culturasconstructivas.org\/pt-pt\/producto\/extraccion-conservacion-y-restauracion-de-pintura-mural-y-mosaico-romanos-com-beatriz-taboada-villanueva-irene-loschi-e-antonio-fernandez-ugalde-16-nov-2025\/","og_locale":"pt_PT","og_type":"article","og_title":"Extra\u00e7\u00e3o, conserva\u00e7\u00e3o e restauro de pinturas murais e mosaicos romanos com Beatriz Taboada Villanueva, Irene Loschi e Antonio Fernandez Ugalde (16 nov 2025) - Fundaci\u00f3n Culturas Constructivas Tradicionales","og_url":"https:\/\/culturasconstructivas.org\/pt-pt\/producto\/extraccion-conservacion-y-restauracion-de-pintura-mural-y-mosaico-romanos-com-beatriz-taboada-villanueva-irene-loschi-e-antonio-fernandez-ugalde-16-nov-2025\/","og_site_name":"Fundaci\u00f3n Culturas Constructivas Tradicionales","article_modified_time":"2025-10-15T15:49:41+00:00","twitter_card":"summary_large_image","schema":{"@context":"https:\/\/schema.org","@graph":[{"@type":"WebPage","@id":"https:\/\/culturasconstructivas.org\/pt-pt\/producto\/extraccion-conservacion-y-restauracion-de-pintura-mural-y-mosaico-romanos-com-beatriz-taboada-villanueva-irene-loschi-e-antonio-fernandez-ugalde-16-nov-2025\/","url":"https:\/\/culturasconstructivas.org\/pt-pt\/producto\/extraccion-conservacion-y-restauracion-de-pintura-mural-y-mosaico-romanos-com-beatriz-taboada-villanueva-irene-loschi-e-antonio-fernandez-ugalde-16-nov-2025\/","name":"Extra\u00e7\u00e3o, conserva\u00e7\u00e3o e restauro de pinturas murais e mosaicos romanos com Beatriz Taboada Villanueva, Irene Loschi e Antonio Fernandez Ugalde (16 nov 2025) - Fundaci\u00f3n Culturas Constructivas Tradicionales","isPartOf":{"@id":"https:\/\/culturasconstructivas.org\/pt-pt\/#website"},"datePublished":"2025-10-10T11:14:27+00:00","dateModified":"2025-10-15T15:49:41+00:00","breadcrumb":{"@id":"https:\/\/culturasconstructivas.org\/pt-pt\/producto\/extraccion-conservacion-y-restauracion-de-pintura-mural-y-mosaico-romanos-com-beatriz-taboada-villanueva-irene-loschi-e-antonio-fernandez-ugalde-16-nov-2025\/#breadcrumb"},"inLanguage":"pt-PT","potentialAction":[{"@type":"ReadAction","target":["https:\/\/culturasconstructivas.org\/pt-pt\/producto\/extraccion-conservacion-y-restauracion-de-pintura-mural-y-mosaico-romanos-com-beatriz-taboada-villanueva-irene-loschi-e-antonio-fernandez-ugalde-16-nov-2025\/"]}]},{"@type":"BreadcrumbList","@id":"https:\/\/culturasconstructivas.org\/pt-pt\/producto\/extraccion-conservacion-y-restauracion-de-pintura-mural-y-mosaico-romanos-com-beatriz-taboada-villanueva-irene-loschi-e-antonio-fernandez-ugalde-16-nov-2025\/#breadcrumb","itemListElement":[{"@type":"ListItem","position":1,"name":"Portada","item":"https:\/\/culturasconstructivas.org\/pt-pt\/fundacao-culturas-construtivas-tradicionais\/"},{"@type":"ListItem","position":2,"name":"Tienda","item":"https:\/\/culturasconstructivas.org\/tienda\/"},{"@type":"ListItem","position":3,"name":"Extra\u00e7\u00e3o, conserva\u00e7\u00e3o e restauro de pinturas murais e mosaicos romanos com Beatriz Taboada Villanueva, Irene Loschi e Antonio Fernandez Ugalde (16 nov 2025)"}]},{"@type":"WebSite","@id":"https:\/\/culturasconstructivas.org\/pt-pt\/#website","url":"https:\/\/culturasconstructivas.org\/pt-pt\/","name":"Fundaci\u00f3n Culturas Constructivas Tradicionales","description":"","publisher":{"@id":"https:\/\/culturasconstructivas.org\/pt-pt\/#organization"},"potentialAction":[{"@type":"SearchAction","target":{"@type":"EntryPoint","urlTemplate":"https:\/\/culturasconstructivas.org\/pt-pt\/?s={search_term_string}"},"query-input":{"@type":"PropertyValueSpecification","valueRequired":true,"valueName":"search_term_string"}}],"inLanguage":"pt-PT"},{"@type":"Organization","@id":"https:\/\/culturasconstructivas.org\/pt-pt\/#organization","name":"Fundaci\u00f3n Culturas Constructivas Tradicionales","url":"https:\/\/culturasconstructivas.org\/pt-pt\/","logo":{"@type":"ImageObject","inLanguage":"pt-PT","@id":"https:\/\/culturasconstructivas.org\/pt-pt\/#\/schema\/logo\/image\/","url":"https:\/\/culturasconstructivas.org\/wp-content\/uploads\/2023\/10\/FUNDACAO-CULTURAS-CONSTRUTIVAS-Logo.png","contentUrl":"https:\/\/culturasconstructivas.org\/wp-content\/uploads\/2023\/10\/FUNDACAO-CULTURAS-CONSTRUTIVAS-Logo.png","width":537,"height":290,"caption":"Fundaci\u00f3n Culturas Constructivas Tradicionales"},"image":{"@id":"https:\/\/culturasconstructivas.org\/pt-pt\/#\/schema\/logo\/image\/"}}]}},"_links":{"self":[{"href":"https:\/\/culturasconstructivas.org\/pt-pt\/wp-json\/wp\/v2\/product\/21366","targetHints":{"allow":["GET"]}}],"collection":[{"href":"https:\/\/culturasconstructivas.org\/pt-pt\/wp-json\/wp\/v2\/product"}],"about":[{"href":"https:\/\/culturasconstructivas.org\/pt-pt\/wp-json\/wp\/v2\/types\/product"}],"wp:attachment":[{"href":"https:\/\/culturasconstructivas.org\/pt-pt\/wp-json\/wp\/v2\/media?parent=21366"}],"wp:term":[{"taxonomy":"product_brand","embeddable":true,"href":"https:\/\/culturasconstructivas.org\/pt-pt\/wp-json\/wp\/v2\/product_brand?post=21366"},{"taxonomy":"product_cat","embeddable":true,"href":"https:\/\/culturasconstructivas.org\/pt-pt\/wp-json\/wp\/v2\/product_cat?post=21366"},{"taxonomy":"product_tag","embeddable":true,"href":"https:\/\/culturasconstructivas.org\/pt-pt\/wp-json\/wp\/v2\/product_tag?post=21366"}],"curies":[{"name":"wp","href":"https:\/\/api.w.org\/{rel}","templated":true}]}}