{"id":8708,"date":"2024-04-16T12:11:37","date_gmt":"2024-04-16T10:11:37","guid":{"rendered":"https:\/\/culturasconstructivas.org\/regulamento-do-premio-2024\/"},"modified":"2026-02-18T09:05:51","modified_gmt":"2026-02-18T08:05:51","slug":"chamada-atual","status":"publish","type":"page","link":"https:\/\/culturasconstructivas.org\/pt-pt\/iniciativas\/premios\/premio-rafael-manzano\/chamada-atual\/","title":{"rendered":"Convocat\u00f3ria atual"},"content":{"rendered":"\t\t<div data-elementor-type=\"wp-page\" data-elementor-id=\"8708\" class=\"elementor elementor-8708 elementor-3459\" data-elementor-post-type=\"page\">\n\t\t\t\t<div class=\"elementor-element elementor-element-69d9b37 e-flex e-con-boxed e-con e-parent\" data-id=\"69d9b37\" data-element_type=\"container\" data-e-type=\"container\">\n\t\t\t\t\t<div class=\"e-con-inner\">\n\t\t<div class=\"elementor-element elementor-element-56a0668 e-con-full e-flex e-con e-child\" data-id=\"56a0668\" data-element_type=\"container\" data-e-type=\"container\">\n\t\t\t\t<div class=\"elementor-element elementor-element-fd47c56 elementor-widget elementor-widget-heading\" data-id=\"fd47c56\" data-element_type=\"widget\" data-e-type=\"widget\" data-widget_type=\"heading.default\">\n\t\t\t\t<div class=\"elementor-widget-container\">\n\t\t\t\t\t<h1 class=\"elementor-heading-title elementor-size-default\">Convocat\u00f3ria 2026\n<\/h1>\t\t\t\t<\/div>\n\t\t\t\t<\/div>\n\t\t\t\t<\/div>\n\t\t\t\t\t<\/div>\n\t\t\t\t<\/div>\n\t\t<div class=\"elementor-element elementor-element-cc58b0f e-flex e-con-boxed e-con e-parent\" data-id=\"cc58b0f\" data-element_type=\"container\" data-e-type=\"container\">\n\t\t\t\t\t<div class=\"e-con-inner\">\n\t\t<div class=\"elementor-element elementor-element-96d8a80 e-con-full e-flex e-con e-child\" data-id=\"96d8a80\" data-element_type=\"container\" data-e-type=\"container\">\n\t\t\t\t<div class=\"elementor-element elementor-element-812af57 elementor-widget elementor-widget-image\" data-id=\"812af57\" data-element_type=\"widget\" data-e-type=\"widget\" data-widget_type=\"image.default\">\n\t\t\t\t<div class=\"elementor-widget-container\">\n\t\t\t\t\t\t\t\t\t\t\t\t\t\t\t<img fetchpriority=\"high\" decoding=\"async\" width=\"800\" height=\"559\" src=\"https:\/\/culturasconstructivas.org\/wp-content\/uploads\/2024\/04\/Inicio-PRM-1024x715.webp\" class=\"attachment-large size-large wp-image-3371\" alt=\"\" srcset=\"https:\/\/culturasconstructivas.org\/wp-content\/uploads\/2024\/04\/Inicio-PRM-1024x715.webp 1024w, https:\/\/culturasconstructivas.org\/wp-content\/uploads\/2024\/04\/Inicio-PRM-300x210.webp 300w, https:\/\/culturasconstructivas.org\/wp-content\/uploads\/2024\/04\/Inicio-PRM-768x536.webp 768w, https:\/\/culturasconstructivas.org\/wp-content\/uploads\/2024\/04\/Inicio-PRM.webp 1200w\" sizes=\"(max-width: 800px) 100vw, 800px\" \/>\t\t\t\t\t\t\t\t\t\t\t\t\t\t\t<\/div>\n\t\t\t\t<\/div>\n\t\t\t\t<\/div>\n\t\t<div class=\"elementor-element elementor-element-928f660 e-con-full e-flex e-con e-child\" data-id=\"928f660\" data-element_type=\"container\" data-e-type=\"container\">\n\t\t\t\t<div class=\"elementor-element elementor-element-9f5fdc8 elementor-widget elementor-widget-heading\" data-id=\"9f5fdc8\" data-element_type=\"widget\" data-e-type=\"widget\" data-widget_type=\"heading.default\">\n\t\t\t\t<div class=\"elementor-widget-container\">\n\t\t\t\t\t<h2 class=\"elementor-heading-title elementor-size-default\">XIV Edi\u00e7\u00e3o do Pr\u00e9mio Rafael Manzano de Nova Arquitetura Tradicional <\/h2>\t\t\t\t<\/div>\n\t\t\t\t<\/div>\n\t\t\t\t<div class=\"elementor-element elementor-element-7c78df7 elementor-widget-divider--view-line elementor-widget elementor-widget-divider\" data-id=\"7c78df7\" data-element_type=\"widget\" data-e-type=\"widget\" data-widget_type=\"divider.default\">\n\t\t\t\t<div class=\"elementor-widget-container\">\n\t\t\t\t\t\t\t<div class=\"elementor-divider\">\n\t\t\t<span class=\"elementor-divider-separator\">\n\t\t\t\t\t\t<\/span>\n\t\t<\/div>\n\t\t\t\t\t\t<\/div>\n\t\t\t\t<\/div>\n\t\t\t\t<div class=\"elementor-element elementor-element-84f5b3d elementor-widget elementor-widget-text-editor\" data-id=\"84f5b3d\" data-element_type=\"widget\" data-e-type=\"widget\" data-widget_type=\"text-editor.default\">\n\t\t\t\t<div class=\"elementor-widget-container\">\n\t\t\t\t\t\t\t\t\t<p>O Pr\u00e9mio Rafael Manzano de Nova Arquitetura Tradicional tem como objetivo divulgar o valor da arquitetura tradicional como ponto de refer\u00eancia para a arquitetura atual. Desde 2012, reconhece carreiras profissionais que se destacaram nesta \u00e1rea no espa\u00e7o territorial de Espanha e Portugal, aqueles que contribu\u00edram especialmente para a continua\u00e7\u00e3o das tradi\u00e7\u00f5es arquitect\u00f3nicas, tanto no restauro do patrim\u00f3nio arquitect\u00f3nico e urbano como na realiza\u00e7\u00e3o de novas obras que, baseadas nas tradi\u00e7\u00f5es locais, se integram harmoniosamente nos respetivos contextos. O Pr\u00e9mio Rafael Manzano inclui um valor de 50 mil euros e uma medalha comemorativa.<\/p><p>O Pr\u00e9mio Rafael Manzano de Nova Arquitectura Tradicional \u00e9 uma iniciativa organizada, gra\u00e7as a Richard H. Driehaus, pela Funda\u00e7\u00e3o Culturas Construtivas Tradicionais com a colabora\u00e7\u00e3o da INTBAU Espanha, INTBAU Portugal, Kalam, a Funda\u00e7\u00e3o Serra Henriques, a Real Academia de Belas Artes de S\u00e3o Fernando e da Ordem dos Arquitetos e conta com o Alto Patroc\u00ednio de Sua Excel\u00eancia o Presidente da Rep\u00fablica de Portugal.<\/p>\t\t\t\t\t\t\t\t<\/div>\n\t\t\t\t<\/div>\n\t\t\t\t<div class=\"elementor-element elementor-element-d4a816f elementor-widget elementor-widget-heading\" data-id=\"d4a816f\" data-element_type=\"widget\" data-e-type=\"widget\" data-widget_type=\"heading.default\">\n\t\t\t\t<div class=\"elementor-widget-container\">\n\t\t\t\t\t<h2 class=\"elementor-heading-title elementor-size-default\">Regulamento do Pr\u00e9mio<\/h2>\t\t\t\t<\/div>\n\t\t\t\t<\/div>\n\t\t\t\t<div class=\"elementor-element elementor-element-0d919dd elementor-widget__width-initial elementor-widget-divider--view-line elementor-widget elementor-widget-divider\" data-id=\"0d919dd\" data-element_type=\"widget\" data-e-type=\"widget\" data-widget_type=\"divider.default\">\n\t\t\t\t<div class=\"elementor-widget-container\">\n\t\t\t\t\t\t\t<div class=\"elementor-divider\">\n\t\t\t<span class=\"elementor-divider-separator\">\n\t\t\t\t\t\t<\/span>\n\t\t<\/div>\n\t\t\t\t\t\t<\/div>\n\t\t\t\t<\/div>\n\t\t\t\t<div class=\"elementor-element elementor-element-a747023 elementor-widget elementor-widget-text-editor\" data-id=\"a747023\" data-element_type=\"widget\" data-e-type=\"widget\" data-widget_type=\"text-editor.default\">\n\t\t\t\t<div class=\"elementor-widget-container\">\n\t\t\t\t\t\t\t\t\t<ol><li>Podem participar todos os profissionais que desenvolvam a sua atividade na \u00e1rea da arquitetura ou urbanismo em <strong>Espanha e Portugal<\/strong> h\u00e1 pelo menos <strong> dez anos.<\/strong><\/li><li>O Pr\u00e9mio ser\u00e1 atribu\u00eddo com base no contributo que o vencedor tenha dado \u00e0 \u00e1rea da arquitectura e do urbanismo no respeito pelos seus princ\u00edpios tradicionais, quer na recupera\u00e7\u00e3o de edif\u00edcios, espa\u00e7os p\u00fablicos e ambientes urbanos hist\u00f3ricos, quer na realiza\u00e7\u00e3o de novoscomplexos, obras ou espa\u00e7os p\u00fablicos que, com base nas tradi\u00e7\u00f5es locais, se integrem harmoniosamente nesses ambientes ou gerem novos que partilhem as suas qualidades.<\/li><li>Quando as obras apresentadas forem obras de restauro, a concep\u00e7\u00e3o e execu\u00e7\u00e3o daquilo que se acrescenta ao existente deve tamb\u00e9m primar por dar continuidade \u00e0 tradi\u00e7\u00e3o arquitect\u00f3nica e construtiva.<\/li><li>O Pr\u00e9mio poder\u00e1 ser atribu\u00eddo atrav\u00e9s da avalia\u00e7\u00e3o de um trabalho espec\u00edfico, se for suficientemente significativo, ou dos trabalhos realizados ao longo da vida profissional do vencedor.<\/li><li>Os candidatos devem apresentar a seguinte documenta\u00e7\u00e3o at\u00e9 <strong>22 de abril de 2026<\/strong>:<ul><li>Curriculum profissional de um m\u00e1ximo de 250 palavras em ingl\u00eas e em espanhol ou portugu\u00eas<\/li><li>Texto de uma p\u00e1gina, em ingl\u00eas e espanhol ou portugu\u00eas, resumindo as raz\u00f5es pelas quais o trabalho do candidato deve ser considerado para o Pr\u00e9mio.<\/li><li>At\u00e9 dez imagens, em formato digital (jpg ou tiff, 300 dpi) de cada um dos projetos apresentados, com limite de cinco projetos por candidato. Estas imagens incluir\u00e3o fotografias, plantas e desenhos dos projetos apresentados. Quando se trata de interven\u00e7\u00f5es em edif\u00edcios e conjuntos hist\u00f3ricos, estas imagens devem tamb\u00e9m permitir-nos compreender tanto o estado anterior \u00e0 interven\u00e7\u00e3o como a natureza das transforma\u00e7\u00f5es ou amplia\u00e7\u00f5es realizadas. Cada um dos trabalhos apresentados poder\u00e1 ser acompanhado de uma breve descri\u00e7\u00e3o de no m\u00e1ximo 250 palavras em ingl\u00eas e espanhol ou portugu\u00eas.<\/li><\/ul><\/li><li>Os candidatos que tenham participado em edi\u00e7\u00f5es anteriores do Pr\u00e9mio poder\u00e3o ser novamente considerados para o Pr\u00e9mio sem necessidade de confirma\u00e7\u00e3o expressa, embora a confirma\u00e7\u00e3o escrita do seu interesse seja uma garantia de que a sua candidatura ser\u00e1 novamente considerada. Estes tamb\u00e9m podem acrescentar \u00e0s suas propostas anteriores imagens e documenta\u00e7\u00e3o adicionais.<\/li><li>O J\u00fari ser\u00e1 constitu\u00eddo por personalidades relevantes do mundo da Arquitetura e das Belas Artes.<\/li><\/ol><p>Toda a documenta\u00e7\u00e3o, inclu\u00eddos os dados de car\u00e1cter pessoal, ser\u00e1 tratada com absoluta confidencialidade.<\/p><p>Esta documenta\u00e7\u00e3o dever\u00e1 remeter-se em formato digital para: <a href=\"mailto:premios@culturasconstructivas.org\">premios@culturasconstructivas.org<\/a><br>Tel.: <a href=\"tel:0034669719830\">669 719 830<\/a><\/p>\t\t\t\t\t\t\t\t<\/div>\n\t\t\t\t<\/div>\n\t\t\t\t<div class=\"elementor-element elementor-element-39d7625 elementor-widget elementor-widget-button\" data-id=\"39d7625\" data-element_type=\"widget\" data-e-type=\"widget\" data-widget_type=\"button.default\">\n\t\t\t\t<div class=\"elementor-widget-container\">\n\t\t\t\t\t\t\t\t\t<div class=\"elementor-button-wrapper\">\n\t\t\t\t\t<a class=\"elementor-button elementor-button-link elementor-size-sm\" href=\"https:\/\/culturasconstructivas.org\/wp-content\/uploads\/2026\/02\/Bases-Premio-Manzano-espanol.pdf\">\n\t\t\t\t\t\t<span class=\"elementor-button-content-wrapper\">\n\t\t\t\t\t\t\t\t\t<span class=\"elementor-button-text\">Descarrega o Regulamento em PDF<\/span>\n\t\t\t\t\t<\/span>\n\t\t\t\t\t<\/a>\n\t\t\t\t<\/div>\n\t\t\t\t\t\t\t\t<\/div>\n\t\t\t\t<\/div>\n\t\t\t\t<\/div>\n\t\t\t\t\t<\/div>\n\t\t\t\t<\/div>\n\t\t\t\t<\/div>\n\t\t","protected":false},"excerpt":{"rendered":"<p>Convocat\u00f3ria 2026 XIV Edi\u00e7\u00e3o do Pr\u00e9mio Rafael Manzano de Nova Arquitetura Tradicional O Pr\u00e9mio Rafael Manzano de Nova Arquitetura Tradicional tem como objetivo divulgar o valor da arquitetura tradicional como ponto de refer\u00eancia para a arquitetura atual. Desde 2012, reconhece carreiras profissionais que se destacaram nesta \u00e1rea no espa\u00e7o territorial de Espanha e Portugal, aqueles [&hellip;]<\/p>\n","protected":false},"author":4,"featured_media":0,"parent":8749,"menu_order":2,"comment_status":"closed","ping_status":"closed","template":"elementor_header_footer","meta":{"_acf_changed":false,"_piecal_is_event":false,"_piecal_start_date":"","_piecal_end_date":"","_piecal_is_allday":false,"footnotes":""},"class_list":["post-8708","page","type-page","status-publish","hentry"],"acf":[],"yoast_head":"<!-- This site is optimized with the Yoast SEO plugin v27.4 - https:\/\/yoast.com\/product\/yoast-seo-wordpress\/ -->\n<title>Convocat\u00f3ria atual - Fundaci\u00f3n Culturas Constructivas Tradicionales<\/title>\n<meta name=\"robots\" content=\"index, follow, max-snippet:-1, max-image-preview:large, max-video-preview:-1\" \/>\n<link rel=\"canonical\" href=\"https:\/\/culturasconstructivas.org\/pt-pt\/iniciativas\/premios\/premio-rafael-manzano\/chamada-atual\/\" \/>\n<meta property=\"og:locale\" content=\"pt_PT\" \/>\n<meta property=\"og:type\" content=\"article\" \/>\n<meta property=\"og:title\" content=\"Convocat\u00f3ria atual - Fundaci\u00f3n Culturas Constructivas Tradicionales\" \/>\n<meta property=\"og:description\" content=\"Convocat\u00f3ria 2026 XIV Edi\u00e7\u00e3o do Pr\u00e9mio Rafael Manzano de Nova Arquitetura Tradicional O Pr\u00e9mio Rafael Manzano de Nova Arquitetura Tradicional tem como objetivo divulgar o valor da arquitetura tradicional como ponto de refer\u00eancia para a arquitetura atual. Desde 2012, reconhece carreiras profissionais que se destacaram nesta \u00e1rea no espa\u00e7o territorial de Espanha e Portugal, aqueles [&hellip;]\" \/>\n<meta property=\"og:url\" content=\"https:\/\/culturasconstructivas.org\/pt-pt\/iniciativas\/premios\/premio-rafael-manzano\/chamada-atual\/\" \/>\n<meta property=\"og:site_name\" content=\"Fundaci\u00f3n Culturas Constructivas Tradicionales\" \/>\n<meta property=\"article:modified_time\" content=\"2026-02-18T08:05:51+00:00\" \/>\n<meta property=\"og:image\" content=\"https:\/\/culturasconstructivas.org\/wp-content\/uploads\/2024\/04\/Inicio-PRM.webp\" \/>\n\t<meta property=\"og:image:width\" content=\"1200\" \/>\n\t<meta property=\"og:image:height\" content=\"838\" \/>\n\t<meta property=\"og:image:type\" content=\"image\/webp\" \/>\n<meta name=\"twitter:card\" content=\"summary_large_image\" \/>\n<meta name=\"twitter:label1\" content=\"Tempo estimado de leitura\" \/>\n\t<meta name=\"twitter:data1\" content=\"4 minutos\" \/>\n<script type=\"application\/ld+json\" class=\"yoast-schema-graph\">{\"@context\":\"https:\\\/\\\/schema.org\",\"@graph\":[{\"@type\":\"WebPage\",\"@id\":\"https:\\\/\\\/culturasconstructivas.org\\\/pt-pt\\\/iniciativas\\\/premios\\\/premio-rafael-manzano\\\/chamada-atual\\\/\",\"url\":\"https:\\\/\\\/culturasconstructivas.org\\\/pt-pt\\\/iniciativas\\\/premios\\\/premio-rafael-manzano\\\/chamada-atual\\\/\",\"name\":\"Convocat\u00f3ria atual - Fundaci\u00f3n Culturas Constructivas Tradicionales\",\"isPartOf\":{\"@id\":\"https:\\\/\\\/culturasconstructivas.org\\\/pt-pt\\\/#website\"},\"primaryImageOfPage\":{\"@id\":\"https:\\\/\\\/culturasconstructivas.org\\\/pt-pt\\\/iniciativas\\\/premios\\\/premio-rafael-manzano\\\/chamada-atual\\\/#primaryimage\"},\"image\":{\"@id\":\"https:\\\/\\\/culturasconstructivas.org\\\/pt-pt\\\/iniciativas\\\/premios\\\/premio-rafael-manzano\\\/chamada-atual\\\/#primaryimage\"},\"thumbnailUrl\":\"https:\\\/\\\/culturasconstructivas.org\\\/wp-content\\\/uploads\\\/2024\\\/04\\\/Inicio-PRM-1024x715.webp\",\"datePublished\":\"2024-04-16T10:11:37+00:00\",\"dateModified\":\"2026-02-18T08:05:51+00:00\",\"breadcrumb\":{\"@id\":\"https:\\\/\\\/culturasconstructivas.org\\\/pt-pt\\\/iniciativas\\\/premios\\\/premio-rafael-manzano\\\/chamada-atual\\\/#breadcrumb\"},\"inLanguage\":\"pt-PT\",\"potentialAction\":[{\"@type\":\"ReadAction\",\"target\":[\"https:\\\/\\\/culturasconstructivas.org\\\/pt-pt\\\/iniciativas\\\/premios\\\/premio-rafael-manzano\\\/chamada-atual\\\/\"]}]},{\"@type\":\"ImageObject\",\"inLanguage\":\"pt-PT\",\"@id\":\"https:\\\/\\\/culturasconstructivas.org\\\/pt-pt\\\/iniciativas\\\/premios\\\/premio-rafael-manzano\\\/chamada-atual\\\/#primaryimage\",\"url\":\"https:\\\/\\\/culturasconstructivas.org\\\/wp-content\\\/uploads\\\/2024\\\/04\\\/Inicio-PRM-1024x715.webp\",\"contentUrl\":\"https:\\\/\\\/culturasconstructivas.org\\\/wp-content\\\/uploads\\\/2024\\\/04\\\/Inicio-PRM-1024x715.webp\"},{\"@type\":\"BreadcrumbList\",\"@id\":\"https:\\\/\\\/culturasconstructivas.org\\\/pt-pt\\\/iniciativas\\\/premios\\\/premio-rafael-manzano\\\/chamada-atual\\\/#breadcrumb\",\"itemListElement\":[{\"@type\":\"ListItem\",\"position\":1,\"name\":\"Portada\",\"item\":\"https:\\\/\\\/culturasconstructivas.org\\\/pt-pt\\\/fundacao-culturas-construtivas-tradicionais\\\/\"},{\"@type\":\"ListItem\",\"position\":2,\"name\":\"Iniciativas\",\"item\":\"https:\\\/\\\/culturasconstructivas.org\\\/pt-pt\\\/iniciativas\\\/\"},{\"@type\":\"ListItem\",\"position\":3,\"name\":\"Pr\u00e9mios\",\"item\":\"https:\\\/\\\/culturasconstructivas.org\\\/pt-pt\\\/iniciativas\\\/premios\\\/\"},{\"@type\":\"ListItem\",\"position\":4,\"name\":\"Pr\u00e9mio Rafael Manzano\",\"item\":\"https:\\\/\\\/culturasconstructivas.org\\\/pt-pt\\\/iniciativas\\\/premios\\\/premio-rafael-manzano\\\/\"},{\"@type\":\"ListItem\",\"position\":5,\"name\":\"Convocat\u00f3ria atual\"}]},{\"@type\":\"WebSite\",\"@id\":\"https:\\\/\\\/culturasconstructivas.org\\\/pt-pt\\\/#website\",\"url\":\"https:\\\/\\\/culturasconstructivas.org\\\/pt-pt\\\/\",\"name\":\"Fundaci\u00f3n Culturas Constructivas Tradicionales\",\"description\":\"\",\"publisher\":{\"@id\":\"https:\\\/\\\/culturasconstructivas.org\\\/pt-pt\\\/#organization\"},\"potentialAction\":[{\"@type\":\"SearchAction\",\"target\":{\"@type\":\"EntryPoint\",\"urlTemplate\":\"https:\\\/\\\/culturasconstructivas.org\\\/pt-pt\\\/?s={search_term_string}\"},\"query-input\":{\"@type\":\"PropertyValueSpecification\",\"valueRequired\":true,\"valueName\":\"search_term_string\"}}],\"inLanguage\":\"pt-PT\"},{\"@type\":\"Organization\",\"@id\":\"https:\\\/\\\/culturasconstructivas.org\\\/pt-pt\\\/#organization\",\"name\":\"Fundaci\u00f3n Culturas Constructivas Tradicionales\",\"url\":\"https:\\\/\\\/culturasconstructivas.org\\\/pt-pt\\\/\",\"logo\":{\"@type\":\"ImageObject\",\"inLanguage\":\"pt-PT\",\"@id\":\"https:\\\/\\\/culturasconstructivas.org\\\/pt-pt\\\/#\\\/schema\\\/logo\\\/image\\\/\",\"url\":\"https:\\\/\\\/culturasconstructivas.org\\\/wp-content\\\/uploads\\\/2023\\\/10\\\/FUNDACAO-CULTURAS-CONSTRUTIVAS-Logo.png\",\"contentUrl\":\"https:\\\/\\\/culturasconstructivas.org\\\/wp-content\\\/uploads\\\/2023\\\/10\\\/FUNDACAO-CULTURAS-CONSTRUTIVAS-Logo.png\",\"width\":537,\"height\":290,\"caption\":\"Fundaci\u00f3n Culturas Constructivas Tradicionales\"},\"image\":{\"@id\":\"https:\\\/\\\/culturasconstructivas.org\\\/pt-pt\\\/#\\\/schema\\\/logo\\\/image\\\/\"}}]}<\/script>\n<!-- \/ Yoast SEO plugin. -->","yoast_head_json":{"title":"Convocat\u00f3ria atual - Fundaci\u00f3n Culturas Constructivas Tradicionales","robots":{"index":"index","follow":"follow","max-snippet":"max-snippet:-1","max-image-preview":"max-image-preview:large","max-video-preview":"max-video-preview:-1"},"canonical":"https:\/\/culturasconstructivas.org\/pt-pt\/iniciativas\/premios\/premio-rafael-manzano\/chamada-atual\/","og_locale":"pt_PT","og_type":"article","og_title":"Convocat\u00f3ria atual - Fundaci\u00f3n Culturas Constructivas Tradicionales","og_description":"Convocat\u00f3ria 2026 XIV Edi\u00e7\u00e3o do Pr\u00e9mio Rafael Manzano de Nova Arquitetura Tradicional O Pr\u00e9mio Rafael Manzano de Nova Arquitetura Tradicional tem como objetivo divulgar o valor da arquitetura tradicional como ponto de refer\u00eancia para a arquitetura atual. Desde 2012, reconhece carreiras profissionais que se destacaram nesta \u00e1rea no espa\u00e7o territorial de Espanha e Portugal, aqueles [&hellip;]","og_url":"https:\/\/culturasconstructivas.org\/pt-pt\/iniciativas\/premios\/premio-rafael-manzano\/chamada-atual\/","og_site_name":"Fundaci\u00f3n Culturas Constructivas Tradicionales","article_modified_time":"2026-02-18T08:05:51+00:00","og_image":[{"width":1200,"height":838,"url":"https:\/\/culturasconstructivas.org\/wp-content\/uploads\/2024\/04\/Inicio-PRM.webp","type":"image\/webp"}],"twitter_card":"summary_large_image","twitter_misc":{"Tempo estimado de leitura":"4 minutos"},"schema":{"@context":"https:\/\/schema.org","@graph":[{"@type":"WebPage","@id":"https:\/\/culturasconstructivas.org\/pt-pt\/iniciativas\/premios\/premio-rafael-manzano\/chamada-atual\/","url":"https:\/\/culturasconstructivas.org\/pt-pt\/iniciativas\/premios\/premio-rafael-manzano\/chamada-atual\/","name":"Convocat\u00f3ria atual - Fundaci\u00f3n Culturas Constructivas Tradicionales","isPartOf":{"@id":"https:\/\/culturasconstructivas.org\/pt-pt\/#website"},"primaryImageOfPage":{"@id":"https:\/\/culturasconstructivas.org\/pt-pt\/iniciativas\/premios\/premio-rafael-manzano\/chamada-atual\/#primaryimage"},"image":{"@id":"https:\/\/culturasconstructivas.org\/pt-pt\/iniciativas\/premios\/premio-rafael-manzano\/chamada-atual\/#primaryimage"},"thumbnailUrl":"https:\/\/culturasconstructivas.org\/wp-content\/uploads\/2024\/04\/Inicio-PRM-1024x715.webp","datePublished":"2024-04-16T10:11:37+00:00","dateModified":"2026-02-18T08:05:51+00:00","breadcrumb":{"@id":"https:\/\/culturasconstructivas.org\/pt-pt\/iniciativas\/premios\/premio-rafael-manzano\/chamada-atual\/#breadcrumb"},"inLanguage":"pt-PT","potentialAction":[{"@type":"ReadAction","target":["https:\/\/culturasconstructivas.org\/pt-pt\/iniciativas\/premios\/premio-rafael-manzano\/chamada-atual\/"]}]},{"@type":"ImageObject","inLanguage":"pt-PT","@id":"https:\/\/culturasconstructivas.org\/pt-pt\/iniciativas\/premios\/premio-rafael-manzano\/chamada-atual\/#primaryimage","url":"https:\/\/culturasconstructivas.org\/wp-content\/uploads\/2024\/04\/Inicio-PRM-1024x715.webp","contentUrl":"https:\/\/culturasconstructivas.org\/wp-content\/uploads\/2024\/04\/Inicio-PRM-1024x715.webp"},{"@type":"BreadcrumbList","@id":"https:\/\/culturasconstructivas.org\/pt-pt\/iniciativas\/premios\/premio-rafael-manzano\/chamada-atual\/#breadcrumb","itemListElement":[{"@type":"ListItem","position":1,"name":"Portada","item":"https:\/\/culturasconstructivas.org\/pt-pt\/fundacao-culturas-construtivas-tradicionais\/"},{"@type":"ListItem","position":2,"name":"Iniciativas","item":"https:\/\/culturasconstructivas.org\/pt-pt\/iniciativas\/"},{"@type":"ListItem","position":3,"name":"Pr\u00e9mios","item":"https:\/\/culturasconstructivas.org\/pt-pt\/iniciativas\/premios\/"},{"@type":"ListItem","position":4,"name":"Pr\u00e9mio Rafael Manzano","item":"https:\/\/culturasconstructivas.org\/pt-pt\/iniciativas\/premios\/premio-rafael-manzano\/"},{"@type":"ListItem","position":5,"name":"Convocat\u00f3ria atual"}]},{"@type":"WebSite","@id":"https:\/\/culturasconstructivas.org\/pt-pt\/#website","url":"https:\/\/culturasconstructivas.org\/pt-pt\/","name":"Fundaci\u00f3n Culturas Constructivas Tradicionales","description":"","publisher":{"@id":"https:\/\/culturasconstructivas.org\/pt-pt\/#organization"},"potentialAction":[{"@type":"SearchAction","target":{"@type":"EntryPoint","urlTemplate":"https:\/\/culturasconstructivas.org\/pt-pt\/?s={search_term_string}"},"query-input":{"@type":"PropertyValueSpecification","valueRequired":true,"valueName":"search_term_string"}}],"inLanguage":"pt-PT"},{"@type":"Organization","@id":"https:\/\/culturasconstructivas.org\/pt-pt\/#organization","name":"Fundaci\u00f3n Culturas Constructivas Tradicionales","url":"https:\/\/culturasconstructivas.org\/pt-pt\/","logo":{"@type":"ImageObject","inLanguage":"pt-PT","@id":"https:\/\/culturasconstructivas.org\/pt-pt\/#\/schema\/logo\/image\/","url":"https:\/\/culturasconstructivas.org\/wp-content\/uploads\/2023\/10\/FUNDACAO-CULTURAS-CONSTRUTIVAS-Logo.png","contentUrl":"https:\/\/culturasconstructivas.org\/wp-content\/uploads\/2023\/10\/FUNDACAO-CULTURAS-CONSTRUTIVAS-Logo.png","width":537,"height":290,"caption":"Fundaci\u00f3n Culturas Constructivas Tradicionales"},"image":{"@id":"https:\/\/culturasconstructivas.org\/pt-pt\/#\/schema\/logo\/image\/"}}]}},"_links":{"self":[{"href":"https:\/\/culturasconstructivas.org\/pt-pt\/wp-json\/wp\/v2\/pages\/8708","targetHints":{"allow":["GET"]}}],"collection":[{"href":"https:\/\/culturasconstructivas.org\/pt-pt\/wp-json\/wp\/v2\/pages"}],"about":[{"href":"https:\/\/culturasconstructivas.org\/pt-pt\/wp-json\/wp\/v2\/types\/page"}],"author":[{"embeddable":true,"href":"https:\/\/culturasconstructivas.org\/pt-pt\/wp-json\/wp\/v2\/users\/4"}],"replies":[{"embeddable":true,"href":"https:\/\/culturasconstructivas.org\/pt-pt\/wp-json\/wp\/v2\/comments?post=8708"}],"version-history":[{"count":10,"href":"https:\/\/culturasconstructivas.org\/pt-pt\/wp-json\/wp\/v2\/pages\/8708\/revisions"}],"predecessor-version":[{"id":23794,"href":"https:\/\/culturasconstructivas.org\/pt-pt\/wp-json\/wp\/v2\/pages\/8708\/revisions\/23794"}],"up":[{"embeddable":true,"href":"https:\/\/culturasconstructivas.org\/pt-pt\/wp-json\/wp\/v2\/pages\/8749"}],"wp:attachment":[{"href":"https:\/\/culturasconstructivas.org\/pt-pt\/wp-json\/wp\/v2\/media?parent=8708"}],"curies":[{"name":"wp","href":"https:\/\/api.w.org\/{rel}","templated":true}]}}