{"id":25320,"date":"2026-03-05T22:14:17","date_gmt":"2026-03-05T21:14:17","guid":{"rendered":"https:\/\/culturasconstructivas.org\/amigos-da-fundacao\/"},"modified":"2026-05-06T23:12:47","modified_gmt":"2026-05-06T21:12:47","slug":"amigos-da-fundacao","status":"publish","type":"page","link":"https:\/\/culturasconstructivas.org\/pt-pt\/amigos-da-fundacao\/","title":{"rendered":"Amigos da Funda\u00e7\u00e3o"},"content":{"rendered":"\t\t<div data-elementor-type=\"wp-page\" data-elementor-id=\"25320\" class=\"elementor elementor-25320 elementor-24002\" data-elementor-post-type=\"page\">\n\t\t\t\t<div class=\"elementor-element elementor-element-8b15035 e-flex e-con-boxed e-con e-parent\" data-id=\"8b15035\" data-element_type=\"container\" data-e-type=\"container\">\n\t\t\t\t\t<div class=\"e-con-inner\">\n\t\t\t\t<div class=\"elementor-element elementor-element-96b5827 elementor-widget elementor-widget-heading\" data-id=\"96b5827\" data-element_type=\"widget\" data-e-type=\"widget\" data-widget_type=\"heading.default\">\n\t\t\t\t<div class=\"elementor-widget-container\">\n\t\t\t\t\t<h1 class=\"elementor-heading-title elementor-size-default\">AMIGOS DA FUNDA\u00c7\u00c3O<\/h1>\t\t\t\t<\/div>\n\t\t\t\t<\/div>\n\t\t\t\t\t<\/div>\n\t\t\t\t<\/div>\n\t\t<div class=\"elementor-element elementor-element-1e15585 e-flex e-con-boxed e-con e-parent\" data-id=\"1e15585\" data-element_type=\"container\" data-e-type=\"container\">\n\t\t\t\t\t<div class=\"e-con-inner\">\n\t\t\t\t<div class=\"elementor-element elementor-element-d708902 elementor-widget elementor-widget-text-editor\" data-id=\"d708902\" data-element_type=\"widget\" data-e-type=\"widget\" data-widget_type=\"text-editor.default\">\n\t\t\t\t<div class=\"elementor-widget-container\">\n\t\t\t\t\t\t\t\t\t<p>A Funda\u00e7\u00e3o conta com uma comunidade de pessoas comprometidas que, atrav\u00e9s da sua contribui\u00e7\u00e3o anual, sustentam e acompanham o nosso trabalho de forma cont\u00ednua. A sua confian\u00e7a e proximidade permitem-nos continuar a construir, ano ap\u00f3s ano, um espa\u00e7o de encontro e reflex\u00e3o. <\/p>\t\t\t\t\t\t\t\t<\/div>\n\t\t\t\t<\/div>\n\t\t\t\t\t<\/div>\n\t\t\t\t<\/div>\n\t\t<div class=\"elementor-element elementor-element-d70c2fc e-flex e-con-boxed e-con e-parent\" data-id=\"d70c2fc\" data-element_type=\"container\" data-e-type=\"container\">\n\t\t\t\t\t<div class=\"e-con-inner\">\n\t\t\t\t<div class=\"elementor-element elementor-element-420a00b borde-inferior elementor-widget elementor-widget-heading\" data-id=\"420a00b\" data-element_type=\"widget\" data-e-type=\"widget\" data-widget_type=\"heading.default\">\n\t\t\t\t<div class=\"elementor-widget-container\">\n\t\t\t\t\t<h2 class=\"elementor-heading-title elementor-size-default\">Lista<\/h2>\t\t\t\t<\/div>\n\t\t\t\t<\/div>\n\t\t\t\t<div class=\"elementor-element elementor-element-6fd753f elementor-widget elementor-widget-text-editor\" data-id=\"6fd753f\" data-element_type=\"widget\" data-e-type=\"widget\" data-widget_type=\"text-editor.default\">\n\t\t\t\t<div class=\"elementor-widget-container\">\n\t\t\t\t\t\t\t\t\t<ul><li>Alfonso Zavala Cendra (2025-presente)<\/li><li>David Rivera G\u00e1mez (2025-presente)<\/li><li>Gonzalo Ortega Cremades (2025-presente)<\/li><li>Mar\u00eda Paloma Villa Garc\u00eda (2025-presente)<\/li><li>Juan Luis Camacho Molina (2025-presente)<\/li><li>Mieke Bosse (2026-presente)<\/li><li>Maria del Carmen G\u00f3mez-Gordo Consentino (2026-presente)<\/li><li>Paloma Folache (2026-presente)<\/li><li>Estudio Correo Viejo: Ana Beltr\u00e1n y Eva Sanju\u00e1n (2026-presente)<\/li><li>Ander Arregui Gonz\u00e1lez (2026-presente)<\/li><li>Mar\u00eda Sierra Exp\u00f3sito Provencio (2026-presente)<\/li><\/ul>\t\t\t\t\t\t\t\t<\/div>\n\t\t\t\t<\/div>\n\t\t\t\t\t<\/div>\n\t\t\t\t<\/div>\n\t\t<div class=\"elementor-element elementor-element-87baa64 e-flex e-con-boxed e-con e-parent\" data-id=\"87baa64\" data-element_type=\"container\" data-e-type=\"container\">\n\t\t\t\t\t<div class=\"e-con-inner\">\n\t\t\t\t<div class=\"elementor-element elementor-element-c5ff883 e-transform elementor-widget elementor-widget-image\" data-id=\"c5ff883\" data-element_type=\"widget\" data-e-type=\"widget\" data-settings=\"{&quot;_transform_scale_effect&quot;:{&quot;unit&quot;:&quot;px&quot;,&quot;size&quot;:&quot;&quot;,&quot;sizes&quot;:[]},&quot;_transform_scale_effect_tablet&quot;:{&quot;unit&quot;:&quot;px&quot;,&quot;size&quot;:&quot;&quot;,&quot;sizes&quot;:[]},&quot;_transform_scale_effect_mobile&quot;:{&quot;unit&quot;:&quot;px&quot;,&quot;size&quot;:&quot;&quot;,&quot;sizes&quot;:[]}}\" data-widget_type=\"image.default\">\n\t\t\t\t<div class=\"elementor-widget-container\">\n\t\t\t\t\t\t\t\t\t\t\t\t\t\t\t<img decoding=\"async\" src=\"https:\/\/culturasconstructivas.org\/wp-content\/uploads\/elementor\/thumbs\/Amigos-de-la-FCCT-rk3y0toys74jf3xk0ek8gs3n87dbt5jf8jnod0dn4o.webp\" title=\"Amigos de la FCCT\" alt=\"Amigos de la FCCT\" loading=\"lazy\" \/>\t\t\t\t\t\t\t\t\t\t\t\t\t\t\t<\/div>\n\t\t\t\t<\/div>\n\t\t\t\t\t<\/div>\n\t\t\t\t<\/div>\n\t\t\t\t<\/div>\n\t\t","protected":false},"excerpt":{"rendered":"<p>AMIGOS DA FUNDA\u00c7\u00c3O A Funda\u00e7\u00e3o conta com uma comunidade de pessoas comprometidas que, atrav\u00e9s da sua contribui\u00e7\u00e3o anual, sustentam e acompanham o nosso trabalho de forma cont\u00ednua. A sua confian\u00e7a e proximidade permitem-nos continuar a construir, ano ap\u00f3s ano, um espa\u00e7o de encontro e reflex\u00e3o. Lista Alfonso Zavala Cendra (2025-presente) David Rivera G\u00e1mez (2025-presente) Gonzalo [&hellip;]<\/p>\n","protected":false},"author":3,"featured_media":0,"parent":0,"menu_order":10,"comment_status":"closed","ping_status":"closed","template":"elementor_header_footer","meta":{"_acf_changed":false,"_piecal_is_event":false,"_piecal_start_date":"","_piecal_end_date":"","_piecal_is_allday":false,"footnotes":""},"class_list":["post-25320","page","type-page","status-publish","hentry"],"acf":[],"yoast_head":"<!-- This site is optimized with the Yoast SEO plugin v27.5 - https:\/\/yoast.com\/product\/yoast-seo-wordpress\/ -->\n<title>Amigos da Funda\u00e7\u00e3o - Fundaci\u00f3n Culturas Constructivas Tradicionales<\/title>\n<meta name=\"robots\" content=\"index, follow, max-snippet:-1, max-image-preview:large, max-video-preview:-1\" \/>\n<link rel=\"canonical\" href=\"https:\/\/culturasconstructivas.org\/pt-pt\/amigos-da-fundacao\/\" \/>\n<meta property=\"og:locale\" content=\"pt_PT\" \/>\n<meta property=\"og:type\" content=\"article\" \/>\n<meta property=\"og:title\" content=\"Amigos da Funda\u00e7\u00e3o - Fundaci\u00f3n Culturas Constructivas Tradicionales\" \/>\n<meta property=\"og:description\" content=\"AMIGOS DA FUNDA\u00c7\u00c3O A Funda\u00e7\u00e3o conta com uma comunidade de pessoas comprometidas que, atrav\u00e9s da sua contribui\u00e7\u00e3o anual, sustentam e acompanham o nosso trabalho de forma cont\u00ednua. A sua confian\u00e7a e proximidade permitem-nos continuar a construir, ano ap\u00f3s ano, um espa\u00e7o de encontro e reflex\u00e3o. Lista Alfonso Zavala Cendra (2025-presente) David Rivera G\u00e1mez (2025-presente) Gonzalo [&hellip;]\" \/>\n<meta property=\"og:url\" content=\"https:\/\/culturasconstructivas.org\/pt-pt\/amigos-da-fundacao\/\" \/>\n<meta property=\"og:site_name\" content=\"Fundaci\u00f3n Culturas Constructivas Tradicionales\" \/>\n<meta property=\"article:modified_time\" content=\"2026-05-06T21:12:47+00:00\" \/>\n<meta property=\"og:image\" content=\"https:\/\/culturasconstructivas.org\/wp-content\/uploads\/elementor\/thumbs\/Amigos-de-la-FCCT-rk3y0toys74jf3xk0ek8gs3n87dbt5jf8jnod0dn4o.webp\" \/>\n<meta name=\"twitter:card\" content=\"summary_large_image\" \/>\n<meta name=\"twitter:label1\" content=\"Tempo estimado de leitura\" \/>\n\t<meta name=\"twitter:data1\" content=\"1 minuto\" \/>\n<script type=\"application\/ld+json\" class=\"yoast-schema-graph\">{\"@context\":\"https:\\\/\\\/schema.org\",\"@graph\":[{\"@type\":\"WebPage\",\"@id\":\"https:\\\/\\\/culturasconstructivas.org\\\/pt-pt\\\/amigos-da-fundacao\\\/\",\"url\":\"https:\\\/\\\/culturasconstructivas.org\\\/pt-pt\\\/amigos-da-fundacao\\\/\",\"name\":\"Amigos da Funda\u00e7\u00e3o - Fundaci\u00f3n Culturas Constructivas Tradicionales\",\"isPartOf\":{\"@id\":\"https:\\\/\\\/culturasconstructivas.org\\\/pt-pt\\\/#website\"},\"primaryImageOfPage\":{\"@id\":\"https:\\\/\\\/culturasconstructivas.org\\\/pt-pt\\\/amigos-da-fundacao\\\/#primaryimage\"},\"image\":{\"@id\":\"https:\\\/\\\/culturasconstructivas.org\\\/pt-pt\\\/amigos-da-fundacao\\\/#primaryimage\"},\"thumbnailUrl\":\"https:\\\/\\\/culturasconstructivas.org\\\/wp-content\\\/uploads\\\/elementor\\\/thumbs\\\/Amigos-de-la-FCCT-rk3y0toys74jf3xk0ek8gs3n87dbt5jf8jnod0dn4o.webp\",\"datePublished\":\"2026-03-05T21:14:17+00:00\",\"dateModified\":\"2026-05-06T21:12:47+00:00\",\"breadcrumb\":{\"@id\":\"https:\\\/\\\/culturasconstructivas.org\\\/pt-pt\\\/amigos-da-fundacao\\\/#breadcrumb\"},\"inLanguage\":\"pt-PT\",\"potentialAction\":[{\"@type\":\"ReadAction\",\"target\":[\"https:\\\/\\\/culturasconstructivas.org\\\/pt-pt\\\/amigos-da-fundacao\\\/\"]}]},{\"@type\":\"ImageObject\",\"inLanguage\":\"pt-PT\",\"@id\":\"https:\\\/\\\/culturasconstructivas.org\\\/pt-pt\\\/amigos-da-fundacao\\\/#primaryimage\",\"url\":\"https:\\\/\\\/culturasconstructivas.org\\\/wp-content\\\/uploads\\\/elementor\\\/thumbs\\\/Amigos-de-la-FCCT-rk3y0toys74jf3xk0ek8gs3n87dbt5jf8jnod0dn4o.webp\",\"contentUrl\":\"https:\\\/\\\/culturasconstructivas.org\\\/wp-content\\\/uploads\\\/elementor\\\/thumbs\\\/Amigos-de-la-FCCT-rk3y0toys74jf3xk0ek8gs3n87dbt5jf8jnod0dn4o.webp\"},{\"@type\":\"BreadcrumbList\",\"@id\":\"https:\\\/\\\/culturasconstructivas.org\\\/pt-pt\\\/amigos-da-fundacao\\\/#breadcrumb\",\"itemListElement\":[{\"@type\":\"ListItem\",\"position\":1,\"name\":\"Portada\",\"item\":\"https:\\\/\\\/culturasconstructivas.org\\\/pt-pt\\\/fundacao-culturas-construtivas-tradicionais\\\/\"},{\"@type\":\"ListItem\",\"position\":2,\"name\":\"Amigos da Funda\u00e7\u00e3o\"}]},{\"@type\":\"WebSite\",\"@id\":\"https:\\\/\\\/culturasconstructivas.org\\\/pt-pt\\\/#website\",\"url\":\"https:\\\/\\\/culturasconstructivas.org\\\/pt-pt\\\/\",\"name\":\"Fundaci\u00f3n Culturas Constructivas Tradicionales\",\"description\":\"\",\"publisher\":{\"@id\":\"https:\\\/\\\/culturasconstructivas.org\\\/pt-pt\\\/#organization\"},\"potentialAction\":[{\"@type\":\"SearchAction\",\"target\":{\"@type\":\"EntryPoint\",\"urlTemplate\":\"https:\\\/\\\/culturasconstructivas.org\\\/pt-pt\\\/?s={search_term_string}\"},\"query-input\":{\"@type\":\"PropertyValueSpecification\",\"valueRequired\":true,\"valueName\":\"search_term_string\"}}],\"inLanguage\":\"pt-PT\"},{\"@type\":\"Organization\",\"@id\":\"https:\\\/\\\/culturasconstructivas.org\\\/pt-pt\\\/#organization\",\"name\":\"Fundaci\u00f3n Culturas Constructivas Tradicionales\",\"url\":\"https:\\\/\\\/culturasconstructivas.org\\\/pt-pt\\\/\",\"logo\":{\"@type\":\"ImageObject\",\"inLanguage\":\"pt-PT\",\"@id\":\"https:\\\/\\\/culturasconstructivas.org\\\/pt-pt\\\/#\\\/schema\\\/logo\\\/image\\\/\",\"url\":\"https:\\\/\\\/culturasconstructivas.org\\\/wp-content\\\/uploads\\\/2023\\\/10\\\/FUNDACAO-CULTURAS-CONSTRUTIVAS-Logo.png\",\"contentUrl\":\"https:\\\/\\\/culturasconstructivas.org\\\/wp-content\\\/uploads\\\/2023\\\/10\\\/FUNDACAO-CULTURAS-CONSTRUTIVAS-Logo.png\",\"width\":537,\"height\":290,\"caption\":\"Fundaci\u00f3n Culturas Constructivas Tradicionales\"},\"image\":{\"@id\":\"https:\\\/\\\/culturasconstructivas.org\\\/pt-pt\\\/#\\\/schema\\\/logo\\\/image\\\/\"}}]}<\/script>\n<!-- \/ Yoast SEO plugin. -->","yoast_head_json":{"title":"Amigos da Funda\u00e7\u00e3o - Fundaci\u00f3n Culturas Constructivas Tradicionales","robots":{"index":"index","follow":"follow","max-snippet":"max-snippet:-1","max-image-preview":"max-image-preview:large","max-video-preview":"max-video-preview:-1"},"canonical":"https:\/\/culturasconstructivas.org\/pt-pt\/amigos-da-fundacao\/","og_locale":"pt_PT","og_type":"article","og_title":"Amigos da Funda\u00e7\u00e3o - Fundaci\u00f3n Culturas Constructivas Tradicionales","og_description":"AMIGOS DA FUNDA\u00c7\u00c3O A Funda\u00e7\u00e3o conta com uma comunidade de pessoas comprometidas que, atrav\u00e9s da sua contribui\u00e7\u00e3o anual, sustentam e acompanham o nosso trabalho de forma cont\u00ednua. A sua confian\u00e7a e proximidade permitem-nos continuar a construir, ano ap\u00f3s ano, um espa\u00e7o de encontro e reflex\u00e3o. Lista Alfonso Zavala Cendra (2025-presente) David Rivera G\u00e1mez (2025-presente) Gonzalo [&hellip;]","og_url":"https:\/\/culturasconstructivas.org\/pt-pt\/amigos-da-fundacao\/","og_site_name":"Fundaci\u00f3n Culturas Constructivas Tradicionales","article_modified_time":"2026-05-06T21:12:47+00:00","og_image":[{"url":"https:\/\/culturasconstructivas.org\/wp-content\/uploads\/elementor\/thumbs\/Amigos-de-la-FCCT-rk3y0toys74jf3xk0ek8gs3n87dbt5jf8jnod0dn4o.webp","type":"","width":"","height":""}],"twitter_card":"summary_large_image","twitter_misc":{"Tempo estimado de leitura":"1 minuto"},"schema":{"@context":"https:\/\/schema.org","@graph":[{"@type":"WebPage","@id":"https:\/\/culturasconstructivas.org\/pt-pt\/amigos-da-fundacao\/","url":"https:\/\/culturasconstructivas.org\/pt-pt\/amigos-da-fundacao\/","name":"Amigos da Funda\u00e7\u00e3o - Fundaci\u00f3n Culturas Constructivas Tradicionales","isPartOf":{"@id":"https:\/\/culturasconstructivas.org\/pt-pt\/#website"},"primaryImageOfPage":{"@id":"https:\/\/culturasconstructivas.org\/pt-pt\/amigos-da-fundacao\/#primaryimage"},"image":{"@id":"https:\/\/culturasconstructivas.org\/pt-pt\/amigos-da-fundacao\/#primaryimage"},"thumbnailUrl":"https:\/\/culturasconstructivas.org\/wp-content\/uploads\/elementor\/thumbs\/Amigos-de-la-FCCT-rk3y0toys74jf3xk0ek8gs3n87dbt5jf8jnod0dn4o.webp","datePublished":"2026-03-05T21:14:17+00:00","dateModified":"2026-05-06T21:12:47+00:00","breadcrumb":{"@id":"https:\/\/culturasconstructivas.org\/pt-pt\/amigos-da-fundacao\/#breadcrumb"},"inLanguage":"pt-PT","potentialAction":[{"@type":"ReadAction","target":["https:\/\/culturasconstructivas.org\/pt-pt\/amigos-da-fundacao\/"]}]},{"@type":"ImageObject","inLanguage":"pt-PT","@id":"https:\/\/culturasconstructivas.org\/pt-pt\/amigos-da-fundacao\/#primaryimage","url":"https:\/\/culturasconstructivas.org\/wp-content\/uploads\/elementor\/thumbs\/Amigos-de-la-FCCT-rk3y0toys74jf3xk0ek8gs3n87dbt5jf8jnod0dn4o.webp","contentUrl":"https:\/\/culturasconstructivas.org\/wp-content\/uploads\/elementor\/thumbs\/Amigos-de-la-FCCT-rk3y0toys74jf3xk0ek8gs3n87dbt5jf8jnod0dn4o.webp"},{"@type":"BreadcrumbList","@id":"https:\/\/culturasconstructivas.org\/pt-pt\/amigos-da-fundacao\/#breadcrumb","itemListElement":[{"@type":"ListItem","position":1,"name":"Portada","item":"https:\/\/culturasconstructivas.org\/pt-pt\/fundacao-culturas-construtivas-tradicionais\/"},{"@type":"ListItem","position":2,"name":"Amigos da Funda\u00e7\u00e3o"}]},{"@type":"WebSite","@id":"https:\/\/culturasconstructivas.org\/pt-pt\/#website","url":"https:\/\/culturasconstructivas.org\/pt-pt\/","name":"Fundaci\u00f3n Culturas Constructivas Tradicionales","description":"","publisher":{"@id":"https:\/\/culturasconstructivas.org\/pt-pt\/#organization"},"potentialAction":[{"@type":"SearchAction","target":{"@type":"EntryPoint","urlTemplate":"https:\/\/culturasconstructivas.org\/pt-pt\/?s={search_term_string}"},"query-input":{"@type":"PropertyValueSpecification","valueRequired":true,"valueName":"search_term_string"}}],"inLanguage":"pt-PT"},{"@type":"Organization","@id":"https:\/\/culturasconstructivas.org\/pt-pt\/#organization","name":"Fundaci\u00f3n Culturas Constructivas Tradicionales","url":"https:\/\/culturasconstructivas.org\/pt-pt\/","logo":{"@type":"ImageObject","inLanguage":"pt-PT","@id":"https:\/\/culturasconstructivas.org\/pt-pt\/#\/schema\/logo\/image\/","url":"https:\/\/culturasconstructivas.org\/wp-content\/uploads\/2023\/10\/FUNDACAO-CULTURAS-CONSTRUTIVAS-Logo.png","contentUrl":"https:\/\/culturasconstructivas.org\/wp-content\/uploads\/2023\/10\/FUNDACAO-CULTURAS-CONSTRUTIVAS-Logo.png","width":537,"height":290,"caption":"Fundaci\u00f3n Culturas Constructivas Tradicionales"},"image":{"@id":"https:\/\/culturasconstructivas.org\/pt-pt\/#\/schema\/logo\/image\/"}}]}},"_links":{"self":[{"href":"https:\/\/culturasconstructivas.org\/pt-pt\/wp-json\/wp\/v2\/pages\/25320","targetHints":{"allow":["GET"]}}],"collection":[{"href":"https:\/\/culturasconstructivas.org\/pt-pt\/wp-json\/wp\/v2\/pages"}],"about":[{"href":"https:\/\/culturasconstructivas.org\/pt-pt\/wp-json\/wp\/v2\/types\/page"}],"author":[{"embeddable":true,"href":"https:\/\/culturasconstructivas.org\/pt-pt\/wp-json\/wp\/v2\/users\/3"}],"replies":[{"embeddable":true,"href":"https:\/\/culturasconstructivas.org\/pt-pt\/wp-json\/wp\/v2\/comments?post=25320"}],"version-history":[{"count":2,"href":"https:\/\/culturasconstructivas.org\/pt-pt\/wp-json\/wp\/v2\/pages\/25320\/revisions"}],"predecessor-version":[{"id":25329,"href":"https:\/\/culturasconstructivas.org\/pt-pt\/wp-json\/wp\/v2\/pages\/25320\/revisions\/25329"}],"wp:attachment":[{"href":"https:\/\/culturasconstructivas.org\/pt-pt\/wp-json\/wp\/v2\/media?parent=25320"}],"curies":[{"name":"wp","href":"https:\/\/api.w.org\/{rel}","templated":true}]}}