{"id":2422,"date":"2023-10-31T10:38:08","date_gmt":"2023-10-31T09:38:08","guid":{"rendered":"http:\/\/culturasconstructivas.org\/aviso-legal\/gerenciamento-de-privacidade\/"},"modified":"2023-12-07T11:12:55","modified_gmt":"2023-12-07T10:12:55","slug":"gerenciamento-de-privacidade","status":"publish","type":"page","link":"https:\/\/culturasconstructivas.org\/pt-pt\/aviso-legal\/gerenciamento-de-privacidade\/","title":{"rendered":"Gerenciamento de privacidade"},"content":{"rendered":"\n<h2 class=\"wp-block-heading\">Altere a qualquer momento a sua decis\u00e3o sobre a utiliza\u00e7\u00e3o de cookies neste site.<\/h2>\n<p>[borlabs-cookie type=&#8221;btn-cookie-preference&#8221; title=&#8221;Mostrar opciones de configuraci\u00f3n de privacidad&#8221;\/]<\/p>\n\n<div style=\"height:30px\" aria-hidden=\"true\" class=\"wp-block-spacer\"><\/div>\n\n<h2 class=\"wp-block-heading\">A\u00e7\u00f5es que voc\u00ea tomou e decis\u00f5es relativas \u00e0s configura\u00e7\u00f5es de cookies neste site<\/h2>\n<p>[borlabs-cookie type=&#8221;consent-history&#8221;\/]<\/p>\n\n<div style=\"height:30px\" aria-hidden=\"true\" class=\"wp-block-spacer\"><\/div>\n\n<h2 class=\"wp-block-heading\">Todas as informa\u00e7\u00f5es sobre os cookies utilizados neste site<\/h2>\n\n<p>Voc\u00ea pode revisar nosso <a href=\"https:\/\/culturasconstructivas.org\/legal\/\">aviso legal<\/a> e <a href=\"https:\/\/culturasconstructivas.org\/legal\/privacidad\/\">pol\u00edtica de privacidade<\/a><\/p>\n\n<h2 class=\"wp-block-heading\"><br\/><\/h2>\n","protected":false},"excerpt":{"rendered":"<p>Altere a qualquer momento a sua decis\u00e3o sobre a utiliza\u00e7\u00e3o de cookies neste site. A\u00e7\u00f5es que voc\u00ea tomou e decis\u00f5es relativas \u00e0s configura\u00e7\u00f5es de cookies neste site Todas as informa\u00e7\u00f5es sobre os cookies utilizados neste site Voc\u00ea pode revisar nosso aviso legal e pol\u00edtica de privacidade<\/p>\n","protected":false},"author":1,"featured_media":0,"parent":2224,"menu_order":2,"comment_status":"closed","ping_status":"closed","template":"","meta":{"_acf_changed":false,"_piecal_is_event":false,"_piecal_start_date":"","_piecal_end_date":"","_piecal_is_allday":false,"footnotes":""},"class_list":["post-2422","page","type-page","status-publish","hentry"],"acf":[],"yoast_head":"<!-- This site is optimized with the Yoast SEO plugin v27.3 - https:\/\/yoast.com\/product\/yoast-seo-wordpress\/ -->\n<title>Gerenciamento de privacidade - Fundaci\u00f3n Culturas Constructivas Tradicionales<\/title>\n<meta name=\"robots\" content=\"index, follow, max-snippet:-1, max-image-preview:large, max-video-preview:-1\" \/>\n<link rel=\"canonical\" href=\"https:\/\/culturasconstructivas.org\/pt-pt\/aviso-legal\/gerenciamento-de-privacidade\/\" \/>\n<meta property=\"og:locale\" content=\"pt_PT\" \/>\n<meta property=\"og:type\" content=\"article\" \/>\n<meta property=\"og:title\" content=\"Gerenciamento de privacidade - Fundaci\u00f3n Culturas Constructivas Tradicionales\" \/>\n<meta property=\"og:description\" content=\"Altere a qualquer momento a sua decis\u00e3o sobre a utiliza\u00e7\u00e3o de cookies neste site. A\u00e7\u00f5es que voc\u00ea tomou e decis\u00f5es relativas \u00e0s configura\u00e7\u00f5es de cookies neste site Todas as informa\u00e7\u00f5es sobre os cookies utilizados neste site Voc\u00ea pode revisar nosso aviso legal e pol\u00edtica de privacidade\" \/>\n<meta property=\"og:url\" content=\"https:\/\/culturasconstructivas.org\/pt-pt\/aviso-legal\/gerenciamento-de-privacidade\/\" \/>\n<meta property=\"og:site_name\" content=\"Fundaci\u00f3n Culturas Constructivas Tradicionales\" \/>\n<meta property=\"article:modified_time\" content=\"2023-12-07T10:12:55+00:00\" \/>\n<meta name=\"twitter:card\" content=\"summary_large_image\" \/>\n<script type=\"application\/ld+json\" class=\"yoast-schema-graph\">{\"@context\":\"https:\\\/\\\/schema.org\",\"@graph\":[{\"@type\":\"WebPage\",\"@id\":\"https:\\\/\\\/culturasconstructivas.org\\\/pt-pt\\\/aviso-legal\\\/gerenciamento-de-privacidade\\\/\",\"url\":\"https:\\\/\\\/culturasconstructivas.org\\\/pt-pt\\\/aviso-legal\\\/gerenciamento-de-privacidade\\\/\",\"name\":\"Gerenciamento de privacidade - Fundaci\u00f3n Culturas Constructivas Tradicionales\",\"isPartOf\":{\"@id\":\"https:\\\/\\\/culturasconstructivas.org\\\/pt-pt\\\/#website\"},\"datePublished\":\"2023-10-31T09:38:08+00:00\",\"dateModified\":\"2023-12-07T10:12:55+00:00\",\"breadcrumb\":{\"@id\":\"https:\\\/\\\/culturasconstructivas.org\\\/pt-pt\\\/aviso-legal\\\/gerenciamento-de-privacidade\\\/#breadcrumb\"},\"inLanguage\":\"pt-PT\",\"potentialAction\":[{\"@type\":\"ReadAction\",\"target\":[\"https:\\\/\\\/culturasconstructivas.org\\\/pt-pt\\\/aviso-legal\\\/gerenciamento-de-privacidade\\\/\"]}]},{\"@type\":\"BreadcrumbList\",\"@id\":\"https:\\\/\\\/culturasconstructivas.org\\\/pt-pt\\\/aviso-legal\\\/gerenciamento-de-privacidade\\\/#breadcrumb\",\"itemListElement\":[{\"@type\":\"ListItem\",\"position\":1,\"name\":\"Portada\",\"item\":\"https:\\\/\\\/culturasconstructivas.org\\\/pt-pt\\\/fundacao-culturas-construtivas-tradicionais\\\/\"},{\"@type\":\"ListItem\",\"position\":2,\"name\":\"Aviso legal\",\"item\":\"https:\\\/\\\/culturasconstructivas.org\\\/pt-pt\\\/legal\\\/\"},{\"@type\":\"ListItem\",\"position\":3,\"name\":\"Gerenciamento de privacidade\"}]},{\"@type\":\"WebSite\",\"@id\":\"https:\\\/\\\/culturasconstructivas.org\\\/pt-pt\\\/#website\",\"url\":\"https:\\\/\\\/culturasconstructivas.org\\\/pt-pt\\\/\",\"name\":\"Fundaci\u00f3n Culturas Constructivas Tradicionales\",\"description\":\"\",\"publisher\":{\"@id\":\"https:\\\/\\\/culturasconstructivas.org\\\/pt-pt\\\/#organization\"},\"potentialAction\":[{\"@type\":\"SearchAction\",\"target\":{\"@type\":\"EntryPoint\",\"urlTemplate\":\"https:\\\/\\\/culturasconstructivas.org\\\/pt-pt\\\/?s={search_term_string}\"},\"query-input\":{\"@type\":\"PropertyValueSpecification\",\"valueRequired\":true,\"valueName\":\"search_term_string\"}}],\"inLanguage\":\"pt-PT\"},{\"@type\":\"Organization\",\"@id\":\"https:\\\/\\\/culturasconstructivas.org\\\/pt-pt\\\/#organization\",\"name\":\"Fundaci\u00f3n Culturas Constructivas Tradicionales\",\"url\":\"https:\\\/\\\/culturasconstructivas.org\\\/pt-pt\\\/\",\"logo\":{\"@type\":\"ImageObject\",\"inLanguage\":\"pt-PT\",\"@id\":\"https:\\\/\\\/culturasconstructivas.org\\\/pt-pt\\\/#\\\/schema\\\/logo\\\/image\\\/\",\"url\":\"https:\\\/\\\/culturasconstructivas.org\\\/wp-content\\\/uploads\\\/2023\\\/10\\\/FUNDACAO-CULTURAS-CONSTRUTIVAS-Logo.png\",\"contentUrl\":\"https:\\\/\\\/culturasconstructivas.org\\\/wp-content\\\/uploads\\\/2023\\\/10\\\/FUNDACAO-CULTURAS-CONSTRUTIVAS-Logo.png\",\"width\":537,\"height\":290,\"caption\":\"Fundaci\u00f3n Culturas Constructivas Tradicionales\"},\"image\":{\"@id\":\"https:\\\/\\\/culturasconstructivas.org\\\/pt-pt\\\/#\\\/schema\\\/logo\\\/image\\\/\"}}]}<\/script>\n<!-- \/ Yoast SEO plugin. -->","yoast_head_json":{"title":"Gerenciamento de privacidade - Fundaci\u00f3n Culturas Constructivas Tradicionales","robots":{"index":"index","follow":"follow","max-snippet":"max-snippet:-1","max-image-preview":"max-image-preview:large","max-video-preview":"max-video-preview:-1"},"canonical":"https:\/\/culturasconstructivas.org\/pt-pt\/aviso-legal\/gerenciamento-de-privacidade\/","og_locale":"pt_PT","og_type":"article","og_title":"Gerenciamento de privacidade - Fundaci\u00f3n Culturas Constructivas Tradicionales","og_description":"Altere a qualquer momento a sua decis\u00e3o sobre a utiliza\u00e7\u00e3o de cookies neste site. A\u00e7\u00f5es que voc\u00ea tomou e decis\u00f5es relativas \u00e0s configura\u00e7\u00f5es de cookies neste site Todas as informa\u00e7\u00f5es sobre os cookies utilizados neste site Voc\u00ea pode revisar nosso aviso legal e pol\u00edtica de privacidade","og_url":"https:\/\/culturasconstructivas.org\/pt-pt\/aviso-legal\/gerenciamento-de-privacidade\/","og_site_name":"Fundaci\u00f3n Culturas Constructivas Tradicionales","article_modified_time":"2023-12-07T10:12:55+00:00","twitter_card":"summary_large_image","schema":{"@context":"https:\/\/schema.org","@graph":[{"@type":"WebPage","@id":"https:\/\/culturasconstructivas.org\/pt-pt\/aviso-legal\/gerenciamento-de-privacidade\/","url":"https:\/\/culturasconstructivas.org\/pt-pt\/aviso-legal\/gerenciamento-de-privacidade\/","name":"Gerenciamento de privacidade - Fundaci\u00f3n Culturas Constructivas Tradicionales","isPartOf":{"@id":"https:\/\/culturasconstructivas.org\/pt-pt\/#website"},"datePublished":"2023-10-31T09:38:08+00:00","dateModified":"2023-12-07T10:12:55+00:00","breadcrumb":{"@id":"https:\/\/culturasconstructivas.org\/pt-pt\/aviso-legal\/gerenciamento-de-privacidade\/#breadcrumb"},"inLanguage":"pt-PT","potentialAction":[{"@type":"ReadAction","target":["https:\/\/culturasconstructivas.org\/pt-pt\/aviso-legal\/gerenciamento-de-privacidade\/"]}]},{"@type":"BreadcrumbList","@id":"https:\/\/culturasconstructivas.org\/pt-pt\/aviso-legal\/gerenciamento-de-privacidade\/#breadcrumb","itemListElement":[{"@type":"ListItem","position":1,"name":"Portada","item":"https:\/\/culturasconstructivas.org\/pt-pt\/fundacao-culturas-construtivas-tradicionais\/"},{"@type":"ListItem","position":2,"name":"Aviso legal","item":"https:\/\/culturasconstructivas.org\/pt-pt\/legal\/"},{"@type":"ListItem","position":3,"name":"Gerenciamento de privacidade"}]},{"@type":"WebSite","@id":"https:\/\/culturasconstructivas.org\/pt-pt\/#website","url":"https:\/\/culturasconstructivas.org\/pt-pt\/","name":"Fundaci\u00f3n Culturas Constructivas Tradicionales","description":"","publisher":{"@id":"https:\/\/culturasconstructivas.org\/pt-pt\/#organization"},"potentialAction":[{"@type":"SearchAction","target":{"@type":"EntryPoint","urlTemplate":"https:\/\/culturasconstructivas.org\/pt-pt\/?s={search_term_string}"},"query-input":{"@type":"PropertyValueSpecification","valueRequired":true,"valueName":"search_term_string"}}],"inLanguage":"pt-PT"},{"@type":"Organization","@id":"https:\/\/culturasconstructivas.org\/pt-pt\/#organization","name":"Fundaci\u00f3n Culturas Constructivas Tradicionales","url":"https:\/\/culturasconstructivas.org\/pt-pt\/","logo":{"@type":"ImageObject","inLanguage":"pt-PT","@id":"https:\/\/culturasconstructivas.org\/pt-pt\/#\/schema\/logo\/image\/","url":"https:\/\/culturasconstructivas.org\/wp-content\/uploads\/2023\/10\/FUNDACAO-CULTURAS-CONSTRUTIVAS-Logo.png","contentUrl":"https:\/\/culturasconstructivas.org\/wp-content\/uploads\/2023\/10\/FUNDACAO-CULTURAS-CONSTRUTIVAS-Logo.png","width":537,"height":290,"caption":"Fundaci\u00f3n Culturas Constructivas Tradicionales"},"image":{"@id":"https:\/\/culturasconstructivas.org\/pt-pt\/#\/schema\/logo\/image\/"}}]}},"_links":{"self":[{"href":"https:\/\/culturasconstructivas.org\/pt-pt\/wp-json\/wp\/v2\/pages\/2422","targetHints":{"allow":["GET"]}}],"collection":[{"href":"https:\/\/culturasconstructivas.org\/pt-pt\/wp-json\/wp\/v2\/pages"}],"about":[{"href":"https:\/\/culturasconstructivas.org\/pt-pt\/wp-json\/wp\/v2\/types\/page"}],"author":[{"embeddable":true,"href":"https:\/\/culturasconstructivas.org\/pt-pt\/wp-json\/wp\/v2\/users\/1"}],"replies":[{"embeddable":true,"href":"https:\/\/culturasconstructivas.org\/pt-pt\/wp-json\/wp\/v2\/comments?post=2422"}],"version-history":[{"count":2,"href":"https:\/\/culturasconstructivas.org\/pt-pt\/wp-json\/wp\/v2\/pages\/2422\/revisions"}],"predecessor-version":[{"id":2705,"href":"https:\/\/culturasconstructivas.org\/pt-pt\/wp-json\/wp\/v2\/pages\/2422\/revisions\/2705"}],"up":[{"embeddable":true,"href":"https:\/\/culturasconstructivas.org\/pt-pt\/wp-json\/wp\/v2\/pages\/2224"}],"wp:attachment":[{"href":"https:\/\/culturasconstructivas.org\/pt-pt\/wp-json\/wp\/v2\/media?parent=2422"}],"curies":[{"name":"wp","href":"https:\/\/api.w.org\/{rel}","templated":true}]}}