{"id":22192,"date":"2025-11-04T12:08:00","date_gmt":"2025-11-04T11:08:00","guid":{"rendered":"https:\/\/culturasconstructivas.org\/apoia-nos\/doacao-recorrente\/"},"modified":"2025-11-13T10:49:59","modified_gmt":"2025-11-13T09:49:59","slug":"doacao-recorrente","status":"publish","type":"page","link":"https:\/\/culturasconstructivas.org\/pt-pt\/apoia-nos\/doacao-recorrente\/","title":{"rendered":"Doa\u00e7\u00e3o recorrente"},"content":{"rendered":"<h1>AMIGO DA FUNDA\u00c7\u00c3O &#8211; Doa\u00e7\u00e3o Recorrente<\/h1>\n<p>Selecione abaixo o valor que pretende <strong>doar de forma<\/strong> <strong>AUTOMATICAMENTE e RECORRENTEMENTE CADA ANO<\/strong>. Desta forma, a sua doa\u00e7\u00e3o ser\u00e1 debitada automaticamente todos os anos. Caso deseje cancelar o donativo recorrente, envie-nos um e-mail ou aceda ao painel do dador.  <\/p>\n<ul class=\"woocommerce-error wcdp-error-message\" id=\"wcdp-ajax-error\" role=\"alert\"><li>In the current view, the donation form is not available.<\/li><\/ul>\n","protected":false},"excerpt":{"rendered":"<p>AMIGO DA FUNDA\u00c7\u00c3O &#8211; Doa\u00e7\u00e3o Recorrente Selecione abaixo o valor que pretende doar de forma AUTOMATICAMENTE e RECORRENTEMENTE CADA ANO. Desta forma, a sua doa\u00e7\u00e3o ser\u00e1 debitada automaticamente todos os anos. Caso deseje cancelar o donativo recorrente, envie-nos um e-mail ou aceda ao painel do dador.<\/p>\n","protected":false},"author":1,"featured_media":0,"parent":1437,"menu_order":2,"comment_status":"closed","ping_status":"closed","template":"","meta":{"_acf_changed":false,"_piecal_is_event":false,"_piecal_start_date":"","_piecal_end_date":"","_piecal_is_allday":false,"footnotes":""},"class_list":["post-22192","page","type-page","status-publish","hentry"],"acf":[],"yoast_head":"<!-- This site is optimized with the Yoast SEO plugin v27.4 - https:\/\/yoast.com\/product\/yoast-seo-wordpress\/ -->\n<title>Doa\u00e7\u00e3o recorrente - Fundaci\u00f3n Culturas Constructivas Tradicionales<\/title>\n<meta name=\"robots\" content=\"index, follow, max-snippet:-1, max-image-preview:large, max-video-preview:-1\" \/>\n<link rel=\"canonical\" href=\"https:\/\/culturasconstructivas.org\/pt-pt\/apoia-nos\/doacao-recorrente\/\" \/>\n<meta property=\"og:locale\" content=\"pt_PT\" \/>\n<meta property=\"og:type\" content=\"article\" \/>\n<meta property=\"og:title\" content=\"Doa\u00e7\u00e3o recorrente - Fundaci\u00f3n Culturas Constructivas Tradicionales\" \/>\n<meta property=\"og:description\" content=\"AMIGO DA FUNDA\u00c7\u00c3O &#8211; Doa\u00e7\u00e3o Recorrente Selecione abaixo o valor que pretende doar de forma AUTOMATICAMENTE e RECORRENTEMENTE CADA ANO. Desta forma, a sua doa\u00e7\u00e3o ser\u00e1 debitada automaticamente todos os anos. Caso deseje cancelar o donativo recorrente, envie-nos um e-mail ou aceda ao painel do dador.\" \/>\n<meta property=\"og:url\" content=\"https:\/\/culturasconstructivas.org\/pt-pt\/apoia-nos\/doacao-recorrente\/\" \/>\n<meta property=\"og:site_name\" content=\"Fundaci\u00f3n Culturas Constructivas Tradicionales\" \/>\n<meta property=\"article:modified_time\" content=\"2025-11-13T09:49:59+00:00\" \/>\n<meta name=\"twitter:card\" content=\"summary_large_image\" \/>\n<script type=\"application\/ld+json\" class=\"yoast-schema-graph\">{\"@context\":\"https:\\\/\\\/schema.org\",\"@graph\":[{\"@type\":\"WebPage\",\"@id\":\"https:\\\/\\\/culturasconstructivas.org\\\/pt-pt\\\/apoia-nos\\\/doacao-recorrente\\\/\",\"url\":\"https:\\\/\\\/culturasconstructivas.org\\\/pt-pt\\\/apoia-nos\\\/doacao-recorrente\\\/\",\"name\":\"Doa\u00e7\u00e3o recorrente - Fundaci\u00f3n Culturas Constructivas Tradicionales\",\"isPartOf\":{\"@id\":\"https:\\\/\\\/culturasconstructivas.org\\\/pt-pt\\\/#website\"},\"datePublished\":\"2025-11-04T11:08:00+00:00\",\"dateModified\":\"2025-11-13T09:49:59+00:00\",\"breadcrumb\":{\"@id\":\"https:\\\/\\\/culturasconstructivas.org\\\/pt-pt\\\/apoia-nos\\\/doacao-recorrente\\\/#breadcrumb\"},\"inLanguage\":\"pt-PT\",\"potentialAction\":[{\"@type\":\"ReadAction\",\"target\":[\"https:\\\/\\\/culturasconstructivas.org\\\/pt-pt\\\/apoia-nos\\\/doacao-recorrente\\\/\"]}]},{\"@type\":\"BreadcrumbList\",\"@id\":\"https:\\\/\\\/culturasconstructivas.org\\\/pt-pt\\\/apoia-nos\\\/doacao-recorrente\\\/#breadcrumb\",\"itemListElement\":[{\"@type\":\"ListItem\",\"position\":1,\"name\":\"Portada\",\"item\":\"https:\\\/\\\/culturasconstructivas.org\\\/pt-pt\\\/fundacao-culturas-construtivas-tradicionais\\\/\"},{\"@type\":\"ListItem\",\"position\":2,\"name\":\"Apioa-nos\",\"item\":\"https:\\\/\\\/culturasconstructivas.org\\\/pt-pt\\\/apoia-nos\\\/\"},{\"@type\":\"ListItem\",\"position\":3,\"name\":\"Doa\u00e7\u00e3o recorrente\"}]},{\"@type\":\"WebSite\",\"@id\":\"https:\\\/\\\/culturasconstructivas.org\\\/pt-pt\\\/#website\",\"url\":\"https:\\\/\\\/culturasconstructivas.org\\\/pt-pt\\\/\",\"name\":\"Fundaci\u00f3n Culturas Constructivas Tradicionales\",\"description\":\"\",\"publisher\":{\"@id\":\"https:\\\/\\\/culturasconstructivas.org\\\/pt-pt\\\/#organization\"},\"potentialAction\":[{\"@type\":\"SearchAction\",\"target\":{\"@type\":\"EntryPoint\",\"urlTemplate\":\"https:\\\/\\\/culturasconstructivas.org\\\/pt-pt\\\/?s={search_term_string}\"},\"query-input\":{\"@type\":\"PropertyValueSpecification\",\"valueRequired\":true,\"valueName\":\"search_term_string\"}}],\"inLanguage\":\"pt-PT\"},{\"@type\":\"Organization\",\"@id\":\"https:\\\/\\\/culturasconstructivas.org\\\/pt-pt\\\/#organization\",\"name\":\"Fundaci\u00f3n Culturas Constructivas Tradicionales\",\"url\":\"https:\\\/\\\/culturasconstructivas.org\\\/pt-pt\\\/\",\"logo\":{\"@type\":\"ImageObject\",\"inLanguage\":\"pt-PT\",\"@id\":\"https:\\\/\\\/culturasconstructivas.org\\\/pt-pt\\\/#\\\/schema\\\/logo\\\/image\\\/\",\"url\":\"https:\\\/\\\/culturasconstructivas.org\\\/wp-content\\\/uploads\\\/2023\\\/10\\\/FUNDACAO-CULTURAS-CONSTRUTIVAS-Logo.png\",\"contentUrl\":\"https:\\\/\\\/culturasconstructivas.org\\\/wp-content\\\/uploads\\\/2023\\\/10\\\/FUNDACAO-CULTURAS-CONSTRUTIVAS-Logo.png\",\"width\":537,\"height\":290,\"caption\":\"Fundaci\u00f3n Culturas Constructivas Tradicionales\"},\"image\":{\"@id\":\"https:\\\/\\\/culturasconstructivas.org\\\/pt-pt\\\/#\\\/schema\\\/logo\\\/image\\\/\"}}]}<\/script>\n<!-- \/ Yoast SEO plugin. -->","yoast_head_json":{"title":"Doa\u00e7\u00e3o recorrente - Fundaci\u00f3n Culturas Constructivas Tradicionales","robots":{"index":"index","follow":"follow","max-snippet":"max-snippet:-1","max-image-preview":"max-image-preview:large","max-video-preview":"max-video-preview:-1"},"canonical":"https:\/\/culturasconstructivas.org\/pt-pt\/apoia-nos\/doacao-recorrente\/","og_locale":"pt_PT","og_type":"article","og_title":"Doa\u00e7\u00e3o recorrente - Fundaci\u00f3n Culturas Constructivas Tradicionales","og_description":"AMIGO DA FUNDA\u00c7\u00c3O &#8211; Doa\u00e7\u00e3o Recorrente Selecione abaixo o valor que pretende doar de forma AUTOMATICAMENTE e RECORRENTEMENTE CADA ANO. Desta forma, a sua doa\u00e7\u00e3o ser\u00e1 debitada automaticamente todos os anos. Caso deseje cancelar o donativo recorrente, envie-nos um e-mail ou aceda ao painel do dador.","og_url":"https:\/\/culturasconstructivas.org\/pt-pt\/apoia-nos\/doacao-recorrente\/","og_site_name":"Fundaci\u00f3n Culturas Constructivas Tradicionales","article_modified_time":"2025-11-13T09:49:59+00:00","twitter_card":"summary_large_image","schema":{"@context":"https:\/\/schema.org","@graph":[{"@type":"WebPage","@id":"https:\/\/culturasconstructivas.org\/pt-pt\/apoia-nos\/doacao-recorrente\/","url":"https:\/\/culturasconstructivas.org\/pt-pt\/apoia-nos\/doacao-recorrente\/","name":"Doa\u00e7\u00e3o recorrente - Fundaci\u00f3n Culturas Constructivas Tradicionales","isPartOf":{"@id":"https:\/\/culturasconstructivas.org\/pt-pt\/#website"},"datePublished":"2025-11-04T11:08:00+00:00","dateModified":"2025-11-13T09:49:59+00:00","breadcrumb":{"@id":"https:\/\/culturasconstructivas.org\/pt-pt\/apoia-nos\/doacao-recorrente\/#breadcrumb"},"inLanguage":"pt-PT","potentialAction":[{"@type":"ReadAction","target":["https:\/\/culturasconstructivas.org\/pt-pt\/apoia-nos\/doacao-recorrente\/"]}]},{"@type":"BreadcrumbList","@id":"https:\/\/culturasconstructivas.org\/pt-pt\/apoia-nos\/doacao-recorrente\/#breadcrumb","itemListElement":[{"@type":"ListItem","position":1,"name":"Portada","item":"https:\/\/culturasconstructivas.org\/pt-pt\/fundacao-culturas-construtivas-tradicionais\/"},{"@type":"ListItem","position":2,"name":"Apioa-nos","item":"https:\/\/culturasconstructivas.org\/pt-pt\/apoia-nos\/"},{"@type":"ListItem","position":3,"name":"Doa\u00e7\u00e3o recorrente"}]},{"@type":"WebSite","@id":"https:\/\/culturasconstructivas.org\/pt-pt\/#website","url":"https:\/\/culturasconstructivas.org\/pt-pt\/","name":"Fundaci\u00f3n Culturas Constructivas Tradicionales","description":"","publisher":{"@id":"https:\/\/culturasconstructivas.org\/pt-pt\/#organization"},"potentialAction":[{"@type":"SearchAction","target":{"@type":"EntryPoint","urlTemplate":"https:\/\/culturasconstructivas.org\/pt-pt\/?s={search_term_string}"},"query-input":{"@type":"PropertyValueSpecification","valueRequired":true,"valueName":"search_term_string"}}],"inLanguage":"pt-PT"},{"@type":"Organization","@id":"https:\/\/culturasconstructivas.org\/pt-pt\/#organization","name":"Fundaci\u00f3n Culturas Constructivas Tradicionales","url":"https:\/\/culturasconstructivas.org\/pt-pt\/","logo":{"@type":"ImageObject","inLanguage":"pt-PT","@id":"https:\/\/culturasconstructivas.org\/pt-pt\/#\/schema\/logo\/image\/","url":"https:\/\/culturasconstructivas.org\/wp-content\/uploads\/2023\/10\/FUNDACAO-CULTURAS-CONSTRUTIVAS-Logo.png","contentUrl":"https:\/\/culturasconstructivas.org\/wp-content\/uploads\/2023\/10\/FUNDACAO-CULTURAS-CONSTRUTIVAS-Logo.png","width":537,"height":290,"caption":"Fundaci\u00f3n Culturas Constructivas Tradicionales"},"image":{"@id":"https:\/\/culturasconstructivas.org\/pt-pt\/#\/schema\/logo\/image\/"}}]}},"_links":{"self":[{"href":"https:\/\/culturasconstructivas.org\/pt-pt\/wp-json\/wp\/v2\/pages\/22192","targetHints":{"allow":["GET"]}}],"collection":[{"href":"https:\/\/culturasconstructivas.org\/pt-pt\/wp-json\/wp\/v2\/pages"}],"about":[{"href":"https:\/\/culturasconstructivas.org\/pt-pt\/wp-json\/wp\/v2\/types\/page"}],"author":[{"embeddable":true,"href":"https:\/\/culturasconstructivas.org\/pt-pt\/wp-json\/wp\/v2\/users\/1"}],"replies":[{"embeddable":true,"href":"https:\/\/culturasconstructivas.org\/pt-pt\/wp-json\/wp\/v2\/comments?post=22192"}],"version-history":[{"count":0,"href":"https:\/\/culturasconstructivas.org\/pt-pt\/wp-json\/wp\/v2\/pages\/22192\/revisions"}],"up":[{"embeddable":true,"href":"https:\/\/culturasconstructivas.org\/pt-pt\/wp-json\/wp\/v2\/pages\/1437"}],"wp:attachment":[{"href":"https:\/\/culturasconstructivas.org\/pt-pt\/wp-json\/wp\/v2\/media?parent=22192"}],"curies":[{"name":"wp","href":"https:\/\/api.w.org\/{rel}","templated":true}]}}