{"id":17598,"date":"2024-09-16T08:43:20","date_gmt":"2024-09-16T06:43:20","guid":{"rendered":""},"modified":"2024-09-16T08:43:20","modified_gmt":"2024-09-16T06:43:20","slug":"congresso-internacional-de-construcao-arquitetura-e-urbanismo-tradicionais-arquitetura-e-comunidade","status":"publish","type":"page","link":"https:\/\/culturasconstructivas.org\/pt-pt\/iniciativas\/congressos\/congresso-internacional-sobre-construcao-arquitetura-e-urbanismo-tradicionais\/edicoes-anteriores-do-congresso\/congresso-internacional-de-construcao-arquitetura-e-urbanismo-tradicionais-arquitetura-e-comunidade\/","title":{"rendered":"Congresso Internacional de Constru\u00e7\u00e3o, Arquitetura e Urbanismo Tradicionais: Arquitetura e Comunidade"},"content":{"rendered":"","protected":false},"excerpt":{"rendered":"","protected":false},"author":1,"featured_media":13166,"parent":17596,"menu_order":5,"comment_status":"closed","ping_status":"closed","template":"","meta":{"_acf_changed":false,"_piecal_is_event":false,"_piecal_start_date":"","_piecal_end_date":"","_piecal_is_allday":false,"footnotes":""},"class_list":["post-17598","page","type-page","status-publish","has-post-thumbnail","hentry"],"acf":[],"yoast_head":"<!-- This site is optimized with the Yoast SEO plugin v27.3 - https:\/\/yoast.com\/product\/yoast-seo-wordpress\/ -->\n<title>Congresso Internacional de Constru\u00e7\u00e3o, Arquitetura e Urbanismo Tradicionais: Arquitetura e Comunidade - Fundaci\u00f3n Culturas Constructivas Tradicionales<\/title>\n<meta name=\"robots\" content=\"index, follow, max-snippet:-1, max-image-preview:large, max-video-preview:-1\" \/>\n<link rel=\"canonical\" href=\"https:\/\/culturasconstructivas.org\/pt-pt\/iniciativas\/congressos\/congresso-internacional-sobre-construcao-arquitetura-e-urbanismo-tradicionais\/edicoes-anteriores-do-congresso\/congresso-internacional-de-construcao-arquitetura-e-urbanismo-tradicionais-arquitetura-e-comunidade\/\" \/>\n<meta property=\"og:locale\" content=\"pt_PT\" \/>\n<meta property=\"og:type\" content=\"article\" \/>\n<meta property=\"og:title\" content=\"Congresso Internacional de Constru\u00e7\u00e3o, Arquitetura e Urbanismo Tradicionais: Arquitetura e Comunidade - Fundaci\u00f3n Culturas Constructivas Tradicionales\" \/>\n<meta property=\"og:url\" content=\"https:\/\/culturasconstructivas.org\/pt-pt\/iniciativas\/congressos\/congresso-internacional-sobre-construcao-arquitetura-e-urbanismo-tradicionais\/edicoes-anteriores-do-congresso\/congresso-internacional-de-construcao-arquitetura-e-urbanismo-tradicionais-arquitetura-e-comunidade\/\" \/>\n<meta property=\"og:site_name\" content=\"Fundaci\u00f3n Culturas Constructivas Tradicionales\" \/>\n<meta name=\"twitter:card\" content=\"summary_large_image\" \/>\n<script type=\"application\/ld+json\" class=\"yoast-schema-graph\">{\"@context\":\"https:\\\/\\\/schema.org\",\"@graph\":[{\"@type\":\"WebPage\",\"@id\":\"https:\\\/\\\/culturasconstructivas.org\\\/pt-pt\\\/iniciativas\\\/congressos\\\/congresso-internacional-sobre-construcao-arquitetura-e-urbanismo-tradicionais\\\/edicoes-anteriores-do-congresso\\\/congresso-internacional-de-construcao-arquitetura-e-urbanismo-tradicionais-arquitetura-e-comunidade\\\/\",\"url\":\"https:\\\/\\\/culturasconstructivas.org\\\/pt-pt\\\/iniciativas\\\/congressos\\\/congresso-internacional-sobre-construcao-arquitetura-e-urbanismo-tradicionais\\\/edicoes-anteriores-do-congresso\\\/congresso-internacional-de-construcao-arquitetura-e-urbanismo-tradicionais-arquitetura-e-comunidade\\\/\",\"name\":\"Congresso Internacional de Constru\u00e7\u00e3o, Arquitetura e Urbanismo Tradicionais: Arquitetura e Comunidade - Fundaci\u00f3n Culturas Constructivas Tradicionales\",\"isPartOf\":{\"@id\":\"https:\\\/\\\/culturasconstructivas.org\\\/pt-pt\\\/#website\"},\"primaryImageOfPage\":{\"@id\":\"https:\\\/\\\/culturasconstructivas.org\\\/pt-pt\\\/iniciativas\\\/congressos\\\/congresso-internacional-sobre-construcao-arquitetura-e-urbanismo-tradicionais\\\/edicoes-anteriores-do-congresso\\\/congresso-internacional-de-construcao-arquitetura-e-urbanismo-tradicionais-arquitetura-e-comunidade\\\/#primaryimage\"},\"image\":{\"@id\":\"https:\\\/\\\/culturasconstructivas.org\\\/pt-pt\\\/iniciativas\\\/congressos\\\/congresso-internacional-sobre-construcao-arquitetura-e-urbanismo-tradicionais\\\/edicoes-anteriores-do-congresso\\\/congresso-internacional-de-construcao-arquitetura-e-urbanismo-tradicionais-arquitetura-e-comunidade\\\/#primaryimage\"},\"thumbnailUrl\":\"https:\\\/\\\/culturasconstructivas.org\\\/wp-content\\\/uploads\\\/2024\\\/09\\\/cover_issue_2_es_ES.jpg\",\"datePublished\":\"2024-09-16T06:43:20+00:00\",\"breadcrumb\":{\"@id\":\"https:\\\/\\\/culturasconstructivas.org\\\/pt-pt\\\/iniciativas\\\/congressos\\\/congresso-internacional-sobre-construcao-arquitetura-e-urbanismo-tradicionais\\\/edicoes-anteriores-do-congresso\\\/congresso-internacional-de-construcao-arquitetura-e-urbanismo-tradicionais-arquitetura-e-comunidade\\\/#breadcrumb\"},\"inLanguage\":\"pt-PT\",\"potentialAction\":[{\"@type\":\"ReadAction\",\"target\":[\"https:\\\/\\\/culturasconstructivas.org\\\/pt-pt\\\/iniciativas\\\/congressos\\\/congresso-internacional-sobre-construcao-arquitetura-e-urbanismo-tradicionais\\\/edicoes-anteriores-do-congresso\\\/congresso-internacional-de-construcao-arquitetura-e-urbanismo-tradicionais-arquitetura-e-comunidade\\\/\"]}]},{\"@type\":\"ImageObject\",\"inLanguage\":\"pt-PT\",\"@id\":\"https:\\\/\\\/culturasconstructivas.org\\\/pt-pt\\\/iniciativas\\\/congressos\\\/congresso-internacional-sobre-construcao-arquitetura-e-urbanismo-tradicionais\\\/edicoes-anteriores-do-congresso\\\/congresso-internacional-de-construcao-arquitetura-e-urbanismo-tradicionais-arquitetura-e-comunidade\\\/#primaryimage\",\"url\":\"https:\\\/\\\/culturasconstructivas.org\\\/wp-content\\\/uploads\\\/2024\\\/09\\\/cover_issue_2_es_ES.jpg\",\"contentUrl\":\"https:\\\/\\\/culturasconstructivas.org\\\/wp-content\\\/uploads\\\/2024\\\/09\\\/cover_issue_2_es_ES.jpg\",\"width\":1240,\"height\":1754},{\"@type\":\"BreadcrumbList\",\"@id\":\"https:\\\/\\\/culturasconstructivas.org\\\/pt-pt\\\/iniciativas\\\/congressos\\\/congresso-internacional-sobre-construcao-arquitetura-e-urbanismo-tradicionais\\\/edicoes-anteriores-do-congresso\\\/congresso-internacional-de-construcao-arquitetura-e-urbanismo-tradicionais-arquitetura-e-comunidade\\\/#breadcrumb\",\"itemListElement\":[{\"@type\":\"ListItem\",\"position\":1,\"name\":\"Portada\",\"item\":\"https:\\\/\\\/culturasconstructivas.org\\\/pt-pt\\\/fundacao-culturas-construtivas-tradicionais\\\/\"},{\"@type\":\"ListItem\",\"position\":2,\"name\":\"Iniciativas\",\"item\":\"https:\\\/\\\/culturasconstructivas.org\\\/pt-pt\\\/iniciativas\\\/\"},{\"@type\":\"ListItem\",\"position\":3,\"name\":\"Congressos\",\"item\":\"https:\\\/\\\/culturasconstructivas.org\\\/pt-pt\\\/iniciativas\\\/congressos\\\/\"},{\"@type\":\"ListItem\",\"position\":4,\"name\":\"Congresso Internacional sobre Constru\u00e7\u00e3o, Arquitetura e Urbanismo Tradicionais\",\"item\":\"https:\\\/\\\/culturasconstructivas.org\\\/pt-pt\\\/iniciativas\\\/congressos\\\/congresso-internacional-sobre-construcao-arquitetura-e-urbanismo-tradicionais\\\/\"},{\"@type\":\"ListItem\",\"position\":5,\"name\":\"Edi\u00e7\u00f5es anteriores do Congresso\",\"item\":\"https:\\\/\\\/culturasconstructivas.org\\\/pt-pt\\\/iniciativas\\\/congressos\\\/congresso-internacional-sobre-construcao-arquitetura-e-urbanismo-tradicionais\\\/edicoes-anteriores-do-congresso\\\/\"},{\"@type\":\"ListItem\",\"position\":6,\"name\":\"Protegido: Congresso Internacional de Constru\u00e7\u00e3o, Arquitetura e Urbanismo Tradicionais: Arquitetura e Comunidade\"}]},{\"@type\":\"WebSite\",\"@id\":\"https:\\\/\\\/culturasconstructivas.org\\\/pt-pt\\\/#website\",\"url\":\"https:\\\/\\\/culturasconstructivas.org\\\/pt-pt\\\/\",\"name\":\"Fundaci\u00f3n Culturas Constructivas Tradicionales\",\"description\":\"\",\"publisher\":{\"@id\":\"https:\\\/\\\/culturasconstructivas.org\\\/pt-pt\\\/#organization\"},\"potentialAction\":[{\"@type\":\"SearchAction\",\"target\":{\"@type\":\"EntryPoint\",\"urlTemplate\":\"https:\\\/\\\/culturasconstructivas.org\\\/pt-pt\\\/?s={search_term_string}\"},\"query-input\":{\"@type\":\"PropertyValueSpecification\",\"valueRequired\":true,\"valueName\":\"search_term_string\"}}],\"inLanguage\":\"pt-PT\"},{\"@type\":\"Organization\",\"@id\":\"https:\\\/\\\/culturasconstructivas.org\\\/pt-pt\\\/#organization\",\"name\":\"Fundaci\u00f3n Culturas Constructivas Tradicionales\",\"url\":\"https:\\\/\\\/culturasconstructivas.org\\\/pt-pt\\\/\",\"logo\":{\"@type\":\"ImageObject\",\"inLanguage\":\"pt-PT\",\"@id\":\"https:\\\/\\\/culturasconstructivas.org\\\/pt-pt\\\/#\\\/schema\\\/logo\\\/image\\\/\",\"url\":\"https:\\\/\\\/culturasconstructivas.org\\\/wp-content\\\/uploads\\\/2023\\\/10\\\/FUNDACAO-CULTURAS-CONSTRUTIVAS-Logo.png\",\"contentUrl\":\"https:\\\/\\\/culturasconstructivas.org\\\/wp-content\\\/uploads\\\/2023\\\/10\\\/FUNDACAO-CULTURAS-CONSTRUTIVAS-Logo.png\",\"width\":537,\"height\":290,\"caption\":\"Fundaci\u00f3n Culturas Constructivas Tradicionales\"},\"image\":{\"@id\":\"https:\\\/\\\/culturasconstructivas.org\\\/pt-pt\\\/#\\\/schema\\\/logo\\\/image\\\/\"}}]}<\/script>\n<!-- \/ Yoast SEO plugin. -->","yoast_head_json":{"title":"Congresso Internacional de Constru\u00e7\u00e3o, Arquitetura e Urbanismo Tradicionais: Arquitetura e Comunidade - Fundaci\u00f3n Culturas Constructivas Tradicionales","robots":{"index":"index","follow":"follow","max-snippet":"max-snippet:-1","max-image-preview":"max-image-preview:large","max-video-preview":"max-video-preview:-1"},"canonical":"https:\/\/culturasconstructivas.org\/pt-pt\/iniciativas\/congressos\/congresso-internacional-sobre-construcao-arquitetura-e-urbanismo-tradicionais\/edicoes-anteriores-do-congresso\/congresso-internacional-de-construcao-arquitetura-e-urbanismo-tradicionais-arquitetura-e-comunidade\/","og_locale":"pt_PT","og_type":"article","og_title":"Congresso Internacional de Constru\u00e7\u00e3o, Arquitetura e Urbanismo Tradicionais: Arquitetura e Comunidade - Fundaci\u00f3n Culturas Constructivas Tradicionales","og_url":"https:\/\/culturasconstructivas.org\/pt-pt\/iniciativas\/congressos\/congresso-internacional-sobre-construcao-arquitetura-e-urbanismo-tradicionais\/edicoes-anteriores-do-congresso\/congresso-internacional-de-construcao-arquitetura-e-urbanismo-tradicionais-arquitetura-e-comunidade\/","og_site_name":"Fundaci\u00f3n Culturas Constructivas Tradicionales","twitter_card":"summary_large_image","schema":{"@context":"https:\/\/schema.org","@graph":[{"@type":"WebPage","@id":"https:\/\/culturasconstructivas.org\/pt-pt\/iniciativas\/congressos\/congresso-internacional-sobre-construcao-arquitetura-e-urbanismo-tradicionais\/edicoes-anteriores-do-congresso\/congresso-internacional-de-construcao-arquitetura-e-urbanismo-tradicionais-arquitetura-e-comunidade\/","url":"https:\/\/culturasconstructivas.org\/pt-pt\/iniciativas\/congressos\/congresso-internacional-sobre-construcao-arquitetura-e-urbanismo-tradicionais\/edicoes-anteriores-do-congresso\/congresso-internacional-de-construcao-arquitetura-e-urbanismo-tradicionais-arquitetura-e-comunidade\/","name":"Congresso Internacional de Constru\u00e7\u00e3o, Arquitetura e Urbanismo Tradicionais: Arquitetura e Comunidade - Fundaci\u00f3n Culturas Constructivas Tradicionales","isPartOf":{"@id":"https:\/\/culturasconstructivas.org\/pt-pt\/#website"},"primaryImageOfPage":{"@id":"https:\/\/culturasconstructivas.org\/pt-pt\/iniciativas\/congressos\/congresso-internacional-sobre-construcao-arquitetura-e-urbanismo-tradicionais\/edicoes-anteriores-do-congresso\/congresso-internacional-de-construcao-arquitetura-e-urbanismo-tradicionais-arquitetura-e-comunidade\/#primaryimage"},"image":{"@id":"https:\/\/culturasconstructivas.org\/pt-pt\/iniciativas\/congressos\/congresso-internacional-sobre-construcao-arquitetura-e-urbanismo-tradicionais\/edicoes-anteriores-do-congresso\/congresso-internacional-de-construcao-arquitetura-e-urbanismo-tradicionais-arquitetura-e-comunidade\/#primaryimage"},"thumbnailUrl":"https:\/\/culturasconstructivas.org\/wp-content\/uploads\/2024\/09\/cover_issue_2_es_ES.jpg","datePublished":"2024-09-16T06:43:20+00:00","breadcrumb":{"@id":"https:\/\/culturasconstructivas.org\/pt-pt\/iniciativas\/congressos\/congresso-internacional-sobre-construcao-arquitetura-e-urbanismo-tradicionais\/edicoes-anteriores-do-congresso\/congresso-internacional-de-construcao-arquitetura-e-urbanismo-tradicionais-arquitetura-e-comunidade\/#breadcrumb"},"inLanguage":"pt-PT","potentialAction":[{"@type":"ReadAction","target":["https:\/\/culturasconstructivas.org\/pt-pt\/iniciativas\/congressos\/congresso-internacional-sobre-construcao-arquitetura-e-urbanismo-tradicionais\/edicoes-anteriores-do-congresso\/congresso-internacional-de-construcao-arquitetura-e-urbanismo-tradicionais-arquitetura-e-comunidade\/"]}]},{"@type":"ImageObject","inLanguage":"pt-PT","@id":"https:\/\/culturasconstructivas.org\/pt-pt\/iniciativas\/congressos\/congresso-internacional-sobre-construcao-arquitetura-e-urbanismo-tradicionais\/edicoes-anteriores-do-congresso\/congresso-internacional-de-construcao-arquitetura-e-urbanismo-tradicionais-arquitetura-e-comunidade\/#primaryimage","url":"https:\/\/culturasconstructivas.org\/wp-content\/uploads\/2024\/09\/cover_issue_2_es_ES.jpg","contentUrl":"https:\/\/culturasconstructivas.org\/wp-content\/uploads\/2024\/09\/cover_issue_2_es_ES.jpg","width":1240,"height":1754},{"@type":"BreadcrumbList","@id":"https:\/\/culturasconstructivas.org\/pt-pt\/iniciativas\/congressos\/congresso-internacional-sobre-construcao-arquitetura-e-urbanismo-tradicionais\/edicoes-anteriores-do-congresso\/congresso-internacional-de-construcao-arquitetura-e-urbanismo-tradicionais-arquitetura-e-comunidade\/#breadcrumb","itemListElement":[{"@type":"ListItem","position":1,"name":"Portada","item":"https:\/\/culturasconstructivas.org\/pt-pt\/fundacao-culturas-construtivas-tradicionais\/"},{"@type":"ListItem","position":2,"name":"Iniciativas","item":"https:\/\/culturasconstructivas.org\/pt-pt\/iniciativas\/"},{"@type":"ListItem","position":3,"name":"Congressos","item":"https:\/\/culturasconstructivas.org\/pt-pt\/iniciativas\/congressos\/"},{"@type":"ListItem","position":4,"name":"Congresso Internacional sobre Constru\u00e7\u00e3o, Arquitetura e Urbanismo Tradicionais","item":"https:\/\/culturasconstructivas.org\/pt-pt\/iniciativas\/congressos\/congresso-internacional-sobre-construcao-arquitetura-e-urbanismo-tradicionais\/"},{"@type":"ListItem","position":5,"name":"Edi\u00e7\u00f5es anteriores do Congresso","item":"https:\/\/culturasconstructivas.org\/pt-pt\/iniciativas\/congressos\/congresso-internacional-sobre-construcao-arquitetura-e-urbanismo-tradicionais\/edicoes-anteriores-do-congresso\/"},{"@type":"ListItem","position":6,"name":"Protegido: Congresso Internacional de Constru\u00e7\u00e3o, Arquitetura e Urbanismo Tradicionais: Arquitetura e Comunidade"}]},{"@type":"WebSite","@id":"https:\/\/culturasconstructivas.org\/pt-pt\/#website","url":"https:\/\/culturasconstructivas.org\/pt-pt\/","name":"Fundaci\u00f3n Culturas Constructivas Tradicionales","description":"","publisher":{"@id":"https:\/\/culturasconstructivas.org\/pt-pt\/#organization"},"potentialAction":[{"@type":"SearchAction","target":{"@type":"EntryPoint","urlTemplate":"https:\/\/culturasconstructivas.org\/pt-pt\/?s={search_term_string}"},"query-input":{"@type":"PropertyValueSpecification","valueRequired":true,"valueName":"search_term_string"}}],"inLanguage":"pt-PT"},{"@type":"Organization","@id":"https:\/\/culturasconstructivas.org\/pt-pt\/#organization","name":"Fundaci\u00f3n Culturas Constructivas Tradicionales","url":"https:\/\/culturasconstructivas.org\/pt-pt\/","logo":{"@type":"ImageObject","inLanguage":"pt-PT","@id":"https:\/\/culturasconstructivas.org\/pt-pt\/#\/schema\/logo\/image\/","url":"https:\/\/culturasconstructivas.org\/wp-content\/uploads\/2023\/10\/FUNDACAO-CULTURAS-CONSTRUTIVAS-Logo.png","contentUrl":"https:\/\/culturasconstructivas.org\/wp-content\/uploads\/2023\/10\/FUNDACAO-CULTURAS-CONSTRUTIVAS-Logo.png","width":537,"height":290,"caption":"Fundaci\u00f3n Culturas Constructivas Tradicionales"},"image":{"@id":"https:\/\/culturasconstructivas.org\/pt-pt\/#\/schema\/logo\/image\/"}}]}},"_links":{"self":[{"href":"https:\/\/culturasconstructivas.org\/pt-pt\/wp-json\/wp\/v2\/pages\/17598","targetHints":{"allow":["GET"]}}],"collection":[{"href":"https:\/\/culturasconstructivas.org\/pt-pt\/wp-json\/wp\/v2\/pages"}],"about":[{"href":"https:\/\/culturasconstructivas.org\/pt-pt\/wp-json\/wp\/v2\/types\/page"}],"author":[{"embeddable":true,"href":"https:\/\/culturasconstructivas.org\/pt-pt\/wp-json\/wp\/v2\/users\/1"}],"replies":[{"embeddable":true,"href":"https:\/\/culturasconstructivas.org\/pt-pt\/wp-json\/wp\/v2\/comments?post=17598"}],"version-history":[{"count":0,"href":"https:\/\/culturasconstructivas.org\/pt-pt\/wp-json\/wp\/v2\/pages\/17598\/revisions"}],"up":[{"embeddable":true,"href":"https:\/\/culturasconstructivas.org\/pt-pt\/wp-json\/wp\/v2\/pages\/17596"}],"wp:featuredmedia":[{"embeddable":true,"href":"https:\/\/culturasconstructivas.org\/pt-pt\/wp-json\/wp\/v2\/media\/13166"}],"wp:attachment":[{"href":"https:\/\/culturasconstructivas.org\/pt-pt\/wp-json\/wp\/v2\/media?parent=17598"}],"curies":[{"name":"wp","href":"https:\/\/api.w.org\/{rel}","templated":true}]}}