{"id":17428,"date":"2025-01-23T17:26:02","date_gmt":"2025-01-23T16:26:02","guid":{"rendered":"https:\/\/culturasconstructivas.org\/iniciativas\/formacao\/escola-de-verao\/edicoes-anteriores\/arcos-de-valdevez\/"},"modified":"2025-10-27T12:26:22","modified_gmt":"2025-10-27T11:26:22","slug":"arcos-de-valdevez","status":"publish","type":"page","link":"https:\/\/culturasconstructivas.org\/pt-pt\/iniciativas\/formacao\/escola-de-verao\/edicoes-anteriores\/arcos-de-valdevez\/","title":{"rendered":"Arcos de Valdevez"},"content":{"rendered":"","protected":false},"excerpt":{"rendered":"","protected":false},"author":5,"featured_media":16867,"parent":11173,"menu_order":0,"comment_status":"closed","ping_status":"closed","template":"","meta":{"_acf_changed":false,"_piecal_is_event":false,"_piecal_start_date":"","_piecal_end_date":"","_piecal_is_allday":false,"footnotes":""},"class_list":["post-17428","page","type-page","status-publish","has-post-thumbnail","hentry"],"acf":[],"yoast_head":"<!-- This site is optimized with the Yoast SEO plugin v27.3 - https:\/\/yoast.com\/product\/yoast-seo-wordpress\/ -->\n<title>Arcos de Valdevez - Fundaci\u00f3n Culturas Constructivas Tradicionales<\/title>\n<meta name=\"description\" content=\"A Escola de Ver\u00e3o Ib\u00e9rica teve lugar de 8 a 21 de julho de 2024 em Arcos de Valdevez, no norte de Portugal.\" \/>\n<meta name=\"robots\" content=\"index, follow, max-snippet:-1, max-image-preview:large, max-video-preview:-1\" \/>\n<link rel=\"canonical\" href=\"https:\/\/culturasconstructivas.org\/pt-pt\/iniciativas\/formacao\/escola-de-verao\/edicoes-anteriores\/arcos-de-valdevez\/\" \/>\n<meta property=\"og:locale\" content=\"pt_PT\" \/>\n<meta property=\"og:type\" content=\"article\" \/>\n<meta property=\"og:title\" content=\"Arcos de Valdevez - Fundaci\u00f3n Culturas Constructivas Tradicionales\" \/>\n<meta property=\"og:description\" content=\"A Escola de Ver\u00e3o Ib\u00e9rica teve lugar de 8 a 21 de julho de 2024 em Arcos de Valdevez, no norte de Portugal.\" \/>\n<meta property=\"og:url\" content=\"https:\/\/culturasconstructivas.org\/pt-pt\/iniciativas\/formacao\/escola-de-verao\/edicoes-anteriores\/arcos-de-valdevez\/\" \/>\n<meta property=\"og:site_name\" content=\"Fundaci\u00f3n Culturas Constructivas Tradicionales\" \/>\n<meta property=\"article:modified_time\" content=\"2025-10-27T11:26:22+00:00\" \/>\n<meta property=\"og:image\" content=\"https:\/\/culturasconstructivas.org\/wp-content\/uploads\/2025\/01\/Ilustracion-Arcos-de-Valdevez-Escuela-Verano-Fundacion-Culturas-Constructivas-Tradicionales.jpg\" \/>\n\t<meta property=\"og:image:width\" content=\"842\" \/>\n\t<meta property=\"og:image:height\" content=\"881\" \/>\n\t<meta property=\"og:image:type\" content=\"image\/jpeg\" \/>\n<meta name=\"twitter:card\" content=\"summary_large_image\" \/>\n<script type=\"application\/ld+json\" class=\"yoast-schema-graph\">{\"@context\":\"https:\\\/\\\/schema.org\",\"@graph\":[{\"@type\":\"WebPage\",\"@id\":\"https:\\\/\\\/culturasconstructivas.org\\\/pt-pt\\\/iniciativas\\\/formacao\\\/escola-de-verao\\\/edicoes-anteriores\\\/arcos-de-valdevez\\\/\",\"url\":\"https:\\\/\\\/culturasconstructivas.org\\\/pt-pt\\\/iniciativas\\\/formacao\\\/escola-de-verao\\\/edicoes-anteriores\\\/arcos-de-valdevez\\\/\",\"name\":\"Arcos de Valdevez - Fundaci\u00f3n Culturas Constructivas Tradicionales\",\"isPartOf\":{\"@id\":\"https:\\\/\\\/culturasconstructivas.org\\\/pt-pt\\\/#website\"},\"primaryImageOfPage\":{\"@id\":\"https:\\\/\\\/culturasconstructivas.org\\\/pt-pt\\\/iniciativas\\\/formacao\\\/escola-de-verao\\\/edicoes-anteriores\\\/arcos-de-valdevez\\\/#primaryimage\"},\"image\":{\"@id\":\"https:\\\/\\\/culturasconstructivas.org\\\/pt-pt\\\/iniciativas\\\/formacao\\\/escola-de-verao\\\/edicoes-anteriores\\\/arcos-de-valdevez\\\/#primaryimage\"},\"thumbnailUrl\":\"https:\\\/\\\/culturasconstructivas.org\\\/wp-content\\\/uploads\\\/2025\\\/01\\\/Ilustracion-Arcos-de-Valdevez-Escuela-Verano-Fundacion-Culturas-Constructivas-Tradicionales.jpg\",\"datePublished\":\"2025-01-23T16:26:02+00:00\",\"dateModified\":\"2025-10-27T11:26:22+00:00\",\"description\":\"A Escola de Ver\u00e3o Ib\u00e9rica teve lugar de 8 a 21 de julho de 2024 em Arcos de Valdevez, no norte de Portugal.\",\"breadcrumb\":{\"@id\":\"https:\\\/\\\/culturasconstructivas.org\\\/pt-pt\\\/iniciativas\\\/formacao\\\/escola-de-verao\\\/edicoes-anteriores\\\/arcos-de-valdevez\\\/#breadcrumb\"},\"inLanguage\":\"pt-PT\",\"potentialAction\":[{\"@type\":\"ReadAction\",\"target\":[\"https:\\\/\\\/culturasconstructivas.org\\\/pt-pt\\\/iniciativas\\\/formacao\\\/escola-de-verao\\\/edicoes-anteriores\\\/arcos-de-valdevez\\\/\"]}]},{\"@type\":\"ImageObject\",\"inLanguage\":\"pt-PT\",\"@id\":\"https:\\\/\\\/culturasconstructivas.org\\\/pt-pt\\\/iniciativas\\\/formacao\\\/escola-de-verao\\\/edicoes-anteriores\\\/arcos-de-valdevez\\\/#primaryimage\",\"url\":\"https:\\\/\\\/culturasconstructivas.org\\\/wp-content\\\/uploads\\\/2025\\\/01\\\/Ilustracion-Arcos-de-Valdevez-Escuela-Verano-Fundacion-Culturas-Constructivas-Tradicionales.jpg\",\"contentUrl\":\"https:\\\/\\\/culturasconstructivas.org\\\/wp-content\\\/uploads\\\/2025\\\/01\\\/Ilustracion-Arcos-de-Valdevez-Escuela-Verano-Fundacion-Culturas-Constructivas-Tradicionales.jpg\",\"width\":842,\"height\":881},{\"@type\":\"BreadcrumbList\",\"@id\":\"https:\\\/\\\/culturasconstructivas.org\\\/pt-pt\\\/iniciativas\\\/formacao\\\/escola-de-verao\\\/edicoes-anteriores\\\/arcos-de-valdevez\\\/#breadcrumb\",\"itemListElement\":[{\"@type\":\"ListItem\",\"position\":1,\"name\":\"Portada\",\"item\":\"https:\\\/\\\/culturasconstructivas.org\\\/pt-pt\\\/fundacao-culturas-construtivas-tradicionais\\\/\"},{\"@type\":\"ListItem\",\"position\":2,\"name\":\"Iniciativas\",\"item\":\"https:\\\/\\\/culturasconstructivas.org\\\/pt-pt\\\/iniciativas\\\/\"},{\"@type\":\"ListItem\",\"position\":3,\"name\":\"Forma\u00e7\u00e3o\",\"item\":\"https:\\\/\\\/culturasconstructivas.org\\\/pt-pt\\\/iniciativas\\\/formacao\\\/\"},{\"@type\":\"ListItem\",\"position\":4,\"name\":\"Escola de ver\u00e3o\",\"item\":\"https:\\\/\\\/culturasconstructivas.org\\\/pt-pt\\\/iniciativas\\\/formacao\\\/escola-de-verao\\\/\"},{\"@type\":\"ListItem\",\"position\":5,\"name\":\"Edi\u00e7\u00f5es anteriores\",\"item\":\"https:\\\/\\\/culturasconstructivas.org\\\/pt-pt\\\/iniciativas\\\/formacao\\\/escola-de-verao\\\/edicoes-anteriores\\\/\"},{\"@type\":\"ListItem\",\"position\":6,\"name\":\"Arcos de Valdevez\"}]},{\"@type\":\"WebSite\",\"@id\":\"https:\\\/\\\/culturasconstructivas.org\\\/pt-pt\\\/#website\",\"url\":\"https:\\\/\\\/culturasconstructivas.org\\\/pt-pt\\\/\",\"name\":\"Fundaci\u00f3n Culturas Constructivas Tradicionales\",\"description\":\"\",\"publisher\":{\"@id\":\"https:\\\/\\\/culturasconstructivas.org\\\/pt-pt\\\/#organization\"},\"potentialAction\":[{\"@type\":\"SearchAction\",\"target\":{\"@type\":\"EntryPoint\",\"urlTemplate\":\"https:\\\/\\\/culturasconstructivas.org\\\/pt-pt\\\/?s={search_term_string}\"},\"query-input\":{\"@type\":\"PropertyValueSpecification\",\"valueRequired\":true,\"valueName\":\"search_term_string\"}}],\"inLanguage\":\"pt-PT\"},{\"@type\":\"Organization\",\"@id\":\"https:\\\/\\\/culturasconstructivas.org\\\/pt-pt\\\/#organization\",\"name\":\"Fundaci\u00f3n Culturas Constructivas Tradicionales\",\"url\":\"https:\\\/\\\/culturasconstructivas.org\\\/pt-pt\\\/\",\"logo\":{\"@type\":\"ImageObject\",\"inLanguage\":\"pt-PT\",\"@id\":\"https:\\\/\\\/culturasconstructivas.org\\\/pt-pt\\\/#\\\/schema\\\/logo\\\/image\\\/\",\"url\":\"https:\\\/\\\/culturasconstructivas.org\\\/wp-content\\\/uploads\\\/2023\\\/10\\\/FUNDACAO-CULTURAS-CONSTRUTIVAS-Logo.png\",\"contentUrl\":\"https:\\\/\\\/culturasconstructivas.org\\\/wp-content\\\/uploads\\\/2023\\\/10\\\/FUNDACAO-CULTURAS-CONSTRUTIVAS-Logo.png\",\"width\":537,\"height\":290,\"caption\":\"Fundaci\u00f3n Culturas Constructivas Tradicionales\"},\"image\":{\"@id\":\"https:\\\/\\\/culturasconstructivas.org\\\/pt-pt\\\/#\\\/schema\\\/logo\\\/image\\\/\"}}]}<\/script>\n<!-- \/ Yoast SEO plugin. -->","yoast_head_json":{"title":"Arcos de Valdevez - Fundaci\u00f3n Culturas Constructivas Tradicionales","description":"A Escola de Ver\u00e3o Ib\u00e9rica teve lugar de 8 a 21 de julho de 2024 em Arcos de Valdevez, no norte de Portugal.","robots":{"index":"index","follow":"follow","max-snippet":"max-snippet:-1","max-image-preview":"max-image-preview:large","max-video-preview":"max-video-preview:-1"},"canonical":"https:\/\/culturasconstructivas.org\/pt-pt\/iniciativas\/formacao\/escola-de-verao\/edicoes-anteriores\/arcos-de-valdevez\/","og_locale":"pt_PT","og_type":"article","og_title":"Arcos de Valdevez - Fundaci\u00f3n Culturas Constructivas Tradicionales","og_description":"A Escola de Ver\u00e3o Ib\u00e9rica teve lugar de 8 a 21 de julho de 2024 em Arcos de Valdevez, no norte de Portugal.","og_url":"https:\/\/culturasconstructivas.org\/pt-pt\/iniciativas\/formacao\/escola-de-verao\/edicoes-anteriores\/arcos-de-valdevez\/","og_site_name":"Fundaci\u00f3n Culturas Constructivas Tradicionales","article_modified_time":"2025-10-27T11:26:22+00:00","og_image":[{"width":842,"height":881,"url":"https:\/\/culturasconstructivas.org\/wp-content\/uploads\/2025\/01\/Ilustracion-Arcos-de-Valdevez-Escuela-Verano-Fundacion-Culturas-Constructivas-Tradicionales.jpg","type":"image\/jpeg"}],"twitter_card":"summary_large_image","schema":{"@context":"https:\/\/schema.org","@graph":[{"@type":"WebPage","@id":"https:\/\/culturasconstructivas.org\/pt-pt\/iniciativas\/formacao\/escola-de-verao\/edicoes-anteriores\/arcos-de-valdevez\/","url":"https:\/\/culturasconstructivas.org\/pt-pt\/iniciativas\/formacao\/escola-de-verao\/edicoes-anteriores\/arcos-de-valdevez\/","name":"Arcos de Valdevez - Fundaci\u00f3n Culturas Constructivas Tradicionales","isPartOf":{"@id":"https:\/\/culturasconstructivas.org\/pt-pt\/#website"},"primaryImageOfPage":{"@id":"https:\/\/culturasconstructivas.org\/pt-pt\/iniciativas\/formacao\/escola-de-verao\/edicoes-anteriores\/arcos-de-valdevez\/#primaryimage"},"image":{"@id":"https:\/\/culturasconstructivas.org\/pt-pt\/iniciativas\/formacao\/escola-de-verao\/edicoes-anteriores\/arcos-de-valdevez\/#primaryimage"},"thumbnailUrl":"https:\/\/culturasconstructivas.org\/wp-content\/uploads\/2025\/01\/Ilustracion-Arcos-de-Valdevez-Escuela-Verano-Fundacion-Culturas-Constructivas-Tradicionales.jpg","datePublished":"2025-01-23T16:26:02+00:00","dateModified":"2025-10-27T11:26:22+00:00","description":"A Escola de Ver\u00e3o Ib\u00e9rica teve lugar de 8 a 21 de julho de 2024 em Arcos de Valdevez, no norte de Portugal.","breadcrumb":{"@id":"https:\/\/culturasconstructivas.org\/pt-pt\/iniciativas\/formacao\/escola-de-verao\/edicoes-anteriores\/arcos-de-valdevez\/#breadcrumb"},"inLanguage":"pt-PT","potentialAction":[{"@type":"ReadAction","target":["https:\/\/culturasconstructivas.org\/pt-pt\/iniciativas\/formacao\/escola-de-verao\/edicoes-anteriores\/arcos-de-valdevez\/"]}]},{"@type":"ImageObject","inLanguage":"pt-PT","@id":"https:\/\/culturasconstructivas.org\/pt-pt\/iniciativas\/formacao\/escola-de-verao\/edicoes-anteriores\/arcos-de-valdevez\/#primaryimage","url":"https:\/\/culturasconstructivas.org\/wp-content\/uploads\/2025\/01\/Ilustracion-Arcos-de-Valdevez-Escuela-Verano-Fundacion-Culturas-Constructivas-Tradicionales.jpg","contentUrl":"https:\/\/culturasconstructivas.org\/wp-content\/uploads\/2025\/01\/Ilustracion-Arcos-de-Valdevez-Escuela-Verano-Fundacion-Culturas-Constructivas-Tradicionales.jpg","width":842,"height":881},{"@type":"BreadcrumbList","@id":"https:\/\/culturasconstructivas.org\/pt-pt\/iniciativas\/formacao\/escola-de-verao\/edicoes-anteriores\/arcos-de-valdevez\/#breadcrumb","itemListElement":[{"@type":"ListItem","position":1,"name":"Portada","item":"https:\/\/culturasconstructivas.org\/pt-pt\/fundacao-culturas-construtivas-tradicionais\/"},{"@type":"ListItem","position":2,"name":"Iniciativas","item":"https:\/\/culturasconstructivas.org\/pt-pt\/iniciativas\/"},{"@type":"ListItem","position":3,"name":"Forma\u00e7\u00e3o","item":"https:\/\/culturasconstructivas.org\/pt-pt\/iniciativas\/formacao\/"},{"@type":"ListItem","position":4,"name":"Escola de ver\u00e3o","item":"https:\/\/culturasconstructivas.org\/pt-pt\/iniciativas\/formacao\/escola-de-verao\/"},{"@type":"ListItem","position":5,"name":"Edi\u00e7\u00f5es anteriores","item":"https:\/\/culturasconstructivas.org\/pt-pt\/iniciativas\/formacao\/escola-de-verao\/edicoes-anteriores\/"},{"@type":"ListItem","position":6,"name":"Arcos de Valdevez"}]},{"@type":"WebSite","@id":"https:\/\/culturasconstructivas.org\/pt-pt\/#website","url":"https:\/\/culturasconstructivas.org\/pt-pt\/","name":"Fundaci\u00f3n Culturas Constructivas Tradicionales","description":"","publisher":{"@id":"https:\/\/culturasconstructivas.org\/pt-pt\/#organization"},"potentialAction":[{"@type":"SearchAction","target":{"@type":"EntryPoint","urlTemplate":"https:\/\/culturasconstructivas.org\/pt-pt\/?s={search_term_string}"},"query-input":{"@type":"PropertyValueSpecification","valueRequired":true,"valueName":"search_term_string"}}],"inLanguage":"pt-PT"},{"@type":"Organization","@id":"https:\/\/culturasconstructivas.org\/pt-pt\/#organization","name":"Fundaci\u00f3n Culturas Constructivas Tradicionales","url":"https:\/\/culturasconstructivas.org\/pt-pt\/","logo":{"@type":"ImageObject","inLanguage":"pt-PT","@id":"https:\/\/culturasconstructivas.org\/pt-pt\/#\/schema\/logo\/image\/","url":"https:\/\/culturasconstructivas.org\/wp-content\/uploads\/2023\/10\/FUNDACAO-CULTURAS-CONSTRUTIVAS-Logo.png","contentUrl":"https:\/\/culturasconstructivas.org\/wp-content\/uploads\/2023\/10\/FUNDACAO-CULTURAS-CONSTRUTIVAS-Logo.png","width":537,"height":290,"caption":"Fundaci\u00f3n Culturas Constructivas Tradicionales"},"image":{"@id":"https:\/\/culturasconstructivas.org\/pt-pt\/#\/schema\/logo\/image\/"}}]}},"_links":{"self":[{"href":"https:\/\/culturasconstructivas.org\/pt-pt\/wp-json\/wp\/v2\/pages\/17428","targetHints":{"allow":["GET"]}}],"collection":[{"href":"https:\/\/culturasconstructivas.org\/pt-pt\/wp-json\/wp\/v2\/pages"}],"about":[{"href":"https:\/\/culturasconstructivas.org\/pt-pt\/wp-json\/wp\/v2\/types\/page"}],"author":[{"embeddable":true,"href":"https:\/\/culturasconstructivas.org\/pt-pt\/wp-json\/wp\/v2\/users\/5"}],"replies":[{"embeddable":true,"href":"https:\/\/culturasconstructivas.org\/pt-pt\/wp-json\/wp\/v2\/comments?post=17428"}],"version-history":[{"count":0,"href":"https:\/\/culturasconstructivas.org\/pt-pt\/wp-json\/wp\/v2\/pages\/17428\/revisions"}],"up":[{"embeddable":true,"href":"https:\/\/culturasconstructivas.org\/pt-pt\/wp-json\/wp\/v2\/pages\/11173"}],"wp:featuredmedia":[{"embeddable":true,"href":"https:\/\/culturasconstructivas.org\/pt-pt\/wp-json\/wp\/v2\/media\/16867"}],"wp:attachment":[{"href":"https:\/\/culturasconstructivas.org\/pt-pt\/wp-json\/wp\/v2\/media?parent=17428"}],"curies":[{"name":"wp","href":"https:\/\/api.w.org\/{rel}","templated":true}]}}