{"id":1420,"date":"2023-07-28T08:40:57","date_gmt":"2023-07-28T06:40:57","guid":{"rendered":"http:\/\/culturasconstructivas.org\/conteudos\/"},"modified":"2023-10-09T11:41:17","modified_gmt":"2023-10-09T09:41:17","slug":"conteudos","status":"publish","type":"page","link":"https:\/\/culturasconstructivas.org\/pt-pt\/conteudos\/","title":{"rendered":"Conte\u00fados"},"content":{"rendered":"\t\t<div data-elementor-type=\"wp-page\" data-elementor-id=\"1420\" class=\"elementor elementor-1420 elementor-21\" data-elementor-post-type=\"page\">\n\t\t\t\t<div class=\"elementor-element elementor-element-cb34e4f e-flex e-con-boxed e-con e-parent\" data-id=\"cb34e4f\" data-element_type=\"container\" data-e-type=\"container\">\n\t\t\t\t\t<div class=\"e-con-inner\">\n\t\t\t\t<div class=\"elementor-element elementor-element-35193bd elementor-widget elementor-widget-heading\" data-id=\"35193bd\" data-element_type=\"widget\" data-e-type=\"widget\" data-widget_type=\"heading.default\">\n\t\t\t\t<div class=\"elementor-widget-container\">\n\t\t\t\t\t<h1 class=\"elementor-heading-title elementor-size-default\">CONTE\u00daDOS<\/h1>\t\t\t\t<\/div>\n\t\t\t\t<\/div>\n\t\t\t\t\t<\/div>\n\t\t\t\t<\/div>\n\t\t<div class=\"elementor-element elementor-element-84d49ae e-grid e-con-boxed e-con e-parent\" data-id=\"84d49ae\" data-element_type=\"container\" data-e-type=\"container\">\n\t\t\t\t\t<div class=\"e-con-inner\">\n\t\t<div class=\"elementor-element elementor-element-3e9848d e-flex e-con-boxed e-con e-child\" data-id=\"3e9848d\" data-element_type=\"container\" data-e-type=\"container\" data-settings=\"{&quot;background_background&quot;:&quot;classic&quot;}\">\n\t\t\t\t\t<div class=\"e-con-inner\">\n\t\t\t\t<div class=\"elementor-element elementor-element-fee3b62 elementor-widget elementor-widget-image\" data-id=\"fee3b62\" data-element_type=\"widget\" data-e-type=\"widget\" data-widget_type=\"image.default\">\n\t\t\t\t<div class=\"elementor-widget-container\">\n\t\t\t\t\t\t\t\t\t\t\t\t\t\t\t\t<a href=\"https:\/\/culturasconstructivas.org\/pt-pt\/conteudos\/publicacoes\/\">\n\t\t\t\t\t\t\t<img decoding=\"async\" src=\"https:\/\/culturasconstructivas.org\/wp-content\/uploads\/elementor\/thumbs\/publicaciones-1-qdlp7ppuipajskf2euu48vf9ybi58b3238mfwy7zkw.jpeg\" title=\"publicaciones-1\" alt=\"publicaciones-1\" loading=\"lazy\" \/>\t\t\t\t\t\t\t\t<\/a>\n\t\t\t\t\t\t\t\t\t\t\t\t\t\t\t<\/div>\n\t\t\t\t<\/div>\n\t\t\t\t<div class=\"elementor-element elementor-element-f603a46 elementor-widget elementor-widget-heading\" data-id=\"f603a46\" data-element_type=\"widget\" data-e-type=\"widget\" data-widget_type=\"heading.default\">\n\t\t\t\t<div class=\"elementor-widget-container\">\n\t\t\t\t\t<h2 class=\"elementor-heading-title elementor-size-default\"><a href=\"https:\/\/culturasconstructivas.org\/pt-pt\/conteudos\/publicacoes\/\">PUBLICA\u00c7\u00d5ES<\/a><\/h2>\t\t\t\t<\/div>\n\t\t\t\t<\/div>\n\t\t\t\t<div class=\"elementor-element elementor-element-e5d9d9d elementor-align-center elementor-widget elementor-widget-button\" data-id=\"e5d9d9d\" data-element_type=\"widget\" data-e-type=\"widget\" data-widget_type=\"button.default\">\n\t\t\t\t<div class=\"elementor-widget-container\">\n\t\t\t\t\t\t\t\t\t<div class=\"elementor-button-wrapper\">\n\t\t\t\t\t<a class=\"elementor-button elementor-button-link elementor-size-sm\" href=\"https:\/\/culturasconstructivas.org\/pt-pt\/conteudos\/publicacoes\/\">\n\t\t\t\t\t\t<span class=\"elementor-button-content-wrapper\">\n\t\t\t\t\t\t\t\t\t<span class=\"elementor-button-text\">VER PUBLICA\u00c7\u00d5ES<\/span>\n\t\t\t\t\t<\/span>\n\t\t\t\t\t<\/a>\n\t\t\t\t<\/div>\n\t\t\t\t\t\t\t\t<\/div>\n\t\t\t\t<\/div>\n\t\t\t\t\t<\/div>\n\t\t\t\t<\/div>\n\t\t<div class=\"elementor-element elementor-element-41a5a2a e-flex e-con-boxed e-con e-child\" data-id=\"41a5a2a\" data-element_type=\"container\" data-e-type=\"container\" data-settings=\"{&quot;background_background&quot;:&quot;classic&quot;}\">\n\t\t\t\t\t<div class=\"e-con-inner\">\n\t\t\t\t<div class=\"elementor-element elementor-element-b153502 elementor-widget elementor-widget-image\" data-id=\"b153502\" data-element_type=\"widget\" data-e-type=\"widget\" data-widget_type=\"image.default\">\n\t\t\t\t<div class=\"elementor-widget-container\">\n\t\t\t\t\t\t\t\t\t\t\t\t\t\t\t\t<a href=\"https:\/\/culturasconstructivas.org\/pt-pt\/conteudos\/videos\/\">\n\t\t\t\t\t\t\t<img decoding=\"async\" src=\"https:\/\/culturasconstructivas.org\/wp-content\/uploads\/elementor\/thumbs\/videos-1_1-qdlp9yjyugd7j15nats17b0x1gfpm9zz2cq76qw4ps.jpg\" title=\"videos-1_1\" alt=\"videos-1_1\" loading=\"lazy\" \/>\t\t\t\t\t\t\t\t<\/a>\n\t\t\t\t\t\t\t\t\t\t\t\t\t\t\t<\/div>\n\t\t\t\t<\/div>\n\t\t\t\t<div class=\"elementor-element elementor-element-d31cf27 elementor-widget elementor-widget-heading\" data-id=\"d31cf27\" data-element_type=\"widget\" data-e-type=\"widget\" data-widget_type=\"heading.default\">\n\t\t\t\t<div class=\"elementor-widget-container\">\n\t\t\t\t\t<h2 class=\"elementor-heading-title elementor-size-default\"><a href=\"https:\/\/culturasconstructivas.org\/pt-pt\/conteudos\/videos\/\">V\u00cdDEOS<\/a><\/h2>\t\t\t\t<\/div>\n\t\t\t\t<\/div>\n\t\t\t\t<div class=\"elementor-element elementor-element-cb34009 elementor-align-center elementor-widget elementor-widget-button\" data-id=\"cb34009\" data-element_type=\"widget\" data-e-type=\"widget\" data-widget_type=\"button.default\">\n\t\t\t\t<div class=\"elementor-widget-container\">\n\t\t\t\t\t\t\t\t\t<div class=\"elementor-button-wrapper\">\n\t\t\t\t\t<a class=\"elementor-button elementor-button-link elementor-size-sm\" href=\"https:\/\/culturasconstructivas.org\/pt-pt\/conteudos\/videos\/\">\n\t\t\t\t\t\t<span class=\"elementor-button-content-wrapper\">\n\t\t\t\t\t\t\t\t\t<span class=\"elementor-button-text\">VER V\u00cdDEOS<\/span>\n\t\t\t\t\t<\/span>\n\t\t\t\t\t<\/a>\n\t\t\t\t<\/div>\n\t\t\t\t\t\t\t\t<\/div>\n\t\t\t\t<\/div>\n\t\t\t\t\t<\/div>\n\t\t\t\t<\/div>\n\t\t\t\t\t<\/div>\n\t\t\t\t<\/div>\n\t\t\t\t<\/div>\n\t\t","protected":false},"excerpt":{"rendered":"<p>CONTE\u00daDOS PUBLICA\u00c7\u00d5ES VER PUBLICA\u00c7\u00d5ES V\u00cdDEOS VER V\u00cdDEOS<\/p>\n","protected":false},"author":1,"featured_media":0,"parent":0,"menu_order":12,"comment_status":"closed","ping_status":"closed","template":"elementor_header_footer","meta":{"_acf_changed":false,"_piecal_is_event":false,"_piecal_start_date":"","_piecal_end_date":"","_piecal_is_allday":false,"footnotes":""},"class_list":["post-1420","page","type-page","status-publish","hentry"],"acf":[],"yoast_head":"<!-- This site is optimized with the Yoast SEO plugin v27.4 - https:\/\/yoast.com\/product\/yoast-seo-wordpress\/ -->\n<title>Conte\u00fados - Fundaci\u00f3n Culturas Constructivas Tradicionales<\/title>\n<meta name=\"robots\" content=\"index, follow, max-snippet:-1, max-image-preview:large, max-video-preview:-1\" \/>\n<link rel=\"canonical\" href=\"https:\/\/culturasconstructivas.org\/pt-pt\/conteudos\/\" \/>\n<meta property=\"og:locale\" content=\"pt_PT\" \/>\n<meta property=\"og:type\" content=\"article\" \/>\n<meta property=\"og:title\" content=\"Conte\u00fados - Fundaci\u00f3n Culturas Constructivas Tradicionales\" \/>\n<meta property=\"og:description\" content=\"CONTE\u00daDOS PUBLICA\u00c7\u00d5ES VER PUBLICA\u00c7\u00d5ES V\u00cdDEOS VER V\u00cdDEOS\" \/>\n<meta property=\"og:url\" content=\"https:\/\/culturasconstructivas.org\/pt-pt\/conteudos\/\" \/>\n<meta property=\"og:site_name\" content=\"Fundaci\u00f3n Culturas Constructivas Tradicionales\" \/>\n<meta property=\"article:modified_time\" content=\"2023-10-09T09:41:17+00:00\" \/>\n<meta property=\"og:image\" content=\"http:\/\/culturasconstructivas.org\/wp-content\/uploads\/elementor\/thumbs\/publicaciones-1-qdlp7ppuipajskf2euu48vf9ybi58b3238mfwy7zkw.jpeg\" \/>\n<meta name=\"twitter:card\" content=\"summary_large_image\" \/>\n<script type=\"application\/ld+json\" class=\"yoast-schema-graph\">{\"@context\":\"https:\\\/\\\/schema.org\",\"@graph\":[{\"@type\":\"WebPage\",\"@id\":\"https:\\\/\\\/culturasconstructivas.org\\\/pt-pt\\\/conteudos\\\/\",\"url\":\"https:\\\/\\\/culturasconstructivas.org\\\/pt-pt\\\/conteudos\\\/\",\"name\":\"Conte\u00fados - Fundaci\u00f3n Culturas Constructivas Tradicionales\",\"isPartOf\":{\"@id\":\"https:\\\/\\\/culturasconstructivas.org\\\/pt-pt\\\/#website\"},\"primaryImageOfPage\":{\"@id\":\"https:\\\/\\\/culturasconstructivas.org\\\/pt-pt\\\/conteudos\\\/#primaryimage\"},\"image\":{\"@id\":\"https:\\\/\\\/culturasconstructivas.org\\\/pt-pt\\\/conteudos\\\/#primaryimage\"},\"thumbnailUrl\":\"http:\\\/\\\/culturasconstructivas.org\\\/wp-content\\\/uploads\\\/elementor\\\/thumbs\\\/publicaciones-1-qdlp7ppuipajskf2euu48vf9ybi58b3238mfwy7zkw.jpeg\",\"datePublished\":\"2023-07-28T06:40:57+00:00\",\"dateModified\":\"2023-10-09T09:41:17+00:00\",\"breadcrumb\":{\"@id\":\"https:\\\/\\\/culturasconstructivas.org\\\/pt-pt\\\/conteudos\\\/#breadcrumb\"},\"inLanguage\":\"pt-PT\",\"potentialAction\":[{\"@type\":\"ReadAction\",\"target\":[\"https:\\\/\\\/culturasconstructivas.org\\\/pt-pt\\\/conteudos\\\/\"]}]},{\"@type\":\"ImageObject\",\"inLanguage\":\"pt-PT\",\"@id\":\"https:\\\/\\\/culturasconstructivas.org\\\/pt-pt\\\/conteudos\\\/#primaryimage\",\"url\":\"http:\\\/\\\/culturasconstructivas.org\\\/wp-content\\\/uploads\\\/elementor\\\/thumbs\\\/publicaciones-1-qdlp7ppuipajskf2euu48vf9ybi58b3238mfwy7zkw.jpeg\",\"contentUrl\":\"http:\\\/\\\/culturasconstructivas.org\\\/wp-content\\\/uploads\\\/elementor\\\/thumbs\\\/publicaciones-1-qdlp7ppuipajskf2euu48vf9ybi58b3238mfwy7zkw.jpeg\"},{\"@type\":\"BreadcrumbList\",\"@id\":\"https:\\\/\\\/culturasconstructivas.org\\\/pt-pt\\\/conteudos\\\/#breadcrumb\",\"itemListElement\":[{\"@type\":\"ListItem\",\"position\":1,\"name\":\"Portada\",\"item\":\"https:\\\/\\\/culturasconstructivas.org\\\/pt-pt\\\/fundacao-culturas-construtivas-tradicionais\\\/\"},{\"@type\":\"ListItem\",\"position\":2,\"name\":\"Conte\u00fados\"}]},{\"@type\":\"WebSite\",\"@id\":\"https:\\\/\\\/culturasconstructivas.org\\\/pt-pt\\\/#website\",\"url\":\"https:\\\/\\\/culturasconstructivas.org\\\/pt-pt\\\/\",\"name\":\"Fundaci\u00f3n Culturas Constructivas Tradicionales\",\"description\":\"\",\"publisher\":{\"@id\":\"https:\\\/\\\/culturasconstructivas.org\\\/pt-pt\\\/#organization\"},\"potentialAction\":[{\"@type\":\"SearchAction\",\"target\":{\"@type\":\"EntryPoint\",\"urlTemplate\":\"https:\\\/\\\/culturasconstructivas.org\\\/pt-pt\\\/?s={search_term_string}\"},\"query-input\":{\"@type\":\"PropertyValueSpecification\",\"valueRequired\":true,\"valueName\":\"search_term_string\"}}],\"inLanguage\":\"pt-PT\"},{\"@type\":\"Organization\",\"@id\":\"https:\\\/\\\/culturasconstructivas.org\\\/pt-pt\\\/#organization\",\"name\":\"Fundaci\u00f3n Culturas Constructivas Tradicionales\",\"url\":\"https:\\\/\\\/culturasconstructivas.org\\\/pt-pt\\\/\",\"logo\":{\"@type\":\"ImageObject\",\"inLanguage\":\"pt-PT\",\"@id\":\"https:\\\/\\\/culturasconstructivas.org\\\/pt-pt\\\/#\\\/schema\\\/logo\\\/image\\\/\",\"url\":\"https:\\\/\\\/culturasconstructivas.org\\\/wp-content\\\/uploads\\\/2023\\\/10\\\/FUNDACAO-CULTURAS-CONSTRUTIVAS-Logo.png\",\"contentUrl\":\"https:\\\/\\\/culturasconstructivas.org\\\/wp-content\\\/uploads\\\/2023\\\/10\\\/FUNDACAO-CULTURAS-CONSTRUTIVAS-Logo.png\",\"width\":537,\"height\":290,\"caption\":\"Fundaci\u00f3n Culturas Constructivas Tradicionales\"},\"image\":{\"@id\":\"https:\\\/\\\/culturasconstructivas.org\\\/pt-pt\\\/#\\\/schema\\\/logo\\\/image\\\/\"}}]}<\/script>\n<!-- \/ Yoast SEO plugin. -->","yoast_head_json":{"title":"Conte\u00fados - Fundaci\u00f3n Culturas Constructivas Tradicionales","robots":{"index":"index","follow":"follow","max-snippet":"max-snippet:-1","max-image-preview":"max-image-preview:large","max-video-preview":"max-video-preview:-1"},"canonical":"https:\/\/culturasconstructivas.org\/pt-pt\/conteudos\/","og_locale":"pt_PT","og_type":"article","og_title":"Conte\u00fados - Fundaci\u00f3n Culturas Constructivas Tradicionales","og_description":"CONTE\u00daDOS PUBLICA\u00c7\u00d5ES VER PUBLICA\u00c7\u00d5ES V\u00cdDEOS VER V\u00cdDEOS","og_url":"https:\/\/culturasconstructivas.org\/pt-pt\/conteudos\/","og_site_name":"Fundaci\u00f3n Culturas Constructivas Tradicionales","article_modified_time":"2023-10-09T09:41:17+00:00","og_image":[{"url":"http:\/\/culturasconstructivas.org\/wp-content\/uploads\/elementor\/thumbs\/publicaciones-1-qdlp7ppuipajskf2euu48vf9ybi58b3238mfwy7zkw.jpeg","type":"","width":"","height":""}],"twitter_card":"summary_large_image","schema":{"@context":"https:\/\/schema.org","@graph":[{"@type":"WebPage","@id":"https:\/\/culturasconstructivas.org\/pt-pt\/conteudos\/","url":"https:\/\/culturasconstructivas.org\/pt-pt\/conteudos\/","name":"Conte\u00fados - Fundaci\u00f3n Culturas Constructivas Tradicionales","isPartOf":{"@id":"https:\/\/culturasconstructivas.org\/pt-pt\/#website"},"primaryImageOfPage":{"@id":"https:\/\/culturasconstructivas.org\/pt-pt\/conteudos\/#primaryimage"},"image":{"@id":"https:\/\/culturasconstructivas.org\/pt-pt\/conteudos\/#primaryimage"},"thumbnailUrl":"http:\/\/culturasconstructivas.org\/wp-content\/uploads\/elementor\/thumbs\/publicaciones-1-qdlp7ppuipajskf2euu48vf9ybi58b3238mfwy7zkw.jpeg","datePublished":"2023-07-28T06:40:57+00:00","dateModified":"2023-10-09T09:41:17+00:00","breadcrumb":{"@id":"https:\/\/culturasconstructivas.org\/pt-pt\/conteudos\/#breadcrumb"},"inLanguage":"pt-PT","potentialAction":[{"@type":"ReadAction","target":["https:\/\/culturasconstructivas.org\/pt-pt\/conteudos\/"]}]},{"@type":"ImageObject","inLanguage":"pt-PT","@id":"https:\/\/culturasconstructivas.org\/pt-pt\/conteudos\/#primaryimage","url":"http:\/\/culturasconstructivas.org\/wp-content\/uploads\/elementor\/thumbs\/publicaciones-1-qdlp7ppuipajskf2euu48vf9ybi58b3238mfwy7zkw.jpeg","contentUrl":"http:\/\/culturasconstructivas.org\/wp-content\/uploads\/elementor\/thumbs\/publicaciones-1-qdlp7ppuipajskf2euu48vf9ybi58b3238mfwy7zkw.jpeg"},{"@type":"BreadcrumbList","@id":"https:\/\/culturasconstructivas.org\/pt-pt\/conteudos\/#breadcrumb","itemListElement":[{"@type":"ListItem","position":1,"name":"Portada","item":"https:\/\/culturasconstructivas.org\/pt-pt\/fundacao-culturas-construtivas-tradicionais\/"},{"@type":"ListItem","position":2,"name":"Conte\u00fados"}]},{"@type":"WebSite","@id":"https:\/\/culturasconstructivas.org\/pt-pt\/#website","url":"https:\/\/culturasconstructivas.org\/pt-pt\/","name":"Fundaci\u00f3n Culturas Constructivas Tradicionales","description":"","publisher":{"@id":"https:\/\/culturasconstructivas.org\/pt-pt\/#organization"},"potentialAction":[{"@type":"SearchAction","target":{"@type":"EntryPoint","urlTemplate":"https:\/\/culturasconstructivas.org\/pt-pt\/?s={search_term_string}"},"query-input":{"@type":"PropertyValueSpecification","valueRequired":true,"valueName":"search_term_string"}}],"inLanguage":"pt-PT"},{"@type":"Organization","@id":"https:\/\/culturasconstructivas.org\/pt-pt\/#organization","name":"Fundaci\u00f3n Culturas Constructivas Tradicionales","url":"https:\/\/culturasconstructivas.org\/pt-pt\/","logo":{"@type":"ImageObject","inLanguage":"pt-PT","@id":"https:\/\/culturasconstructivas.org\/pt-pt\/#\/schema\/logo\/image\/","url":"https:\/\/culturasconstructivas.org\/wp-content\/uploads\/2023\/10\/FUNDACAO-CULTURAS-CONSTRUTIVAS-Logo.png","contentUrl":"https:\/\/culturasconstructivas.org\/wp-content\/uploads\/2023\/10\/FUNDACAO-CULTURAS-CONSTRUTIVAS-Logo.png","width":537,"height":290,"caption":"Fundaci\u00f3n Culturas Constructivas Tradicionales"},"image":{"@id":"https:\/\/culturasconstructivas.org\/pt-pt\/#\/schema\/logo\/image\/"}}]}},"_links":{"self":[{"href":"https:\/\/culturasconstructivas.org\/pt-pt\/wp-json\/wp\/v2\/pages\/1420","targetHints":{"allow":["GET"]}}],"collection":[{"href":"https:\/\/culturasconstructivas.org\/pt-pt\/wp-json\/wp\/v2\/pages"}],"about":[{"href":"https:\/\/culturasconstructivas.org\/pt-pt\/wp-json\/wp\/v2\/types\/page"}],"author":[{"embeddable":true,"href":"https:\/\/culturasconstructivas.org\/pt-pt\/wp-json\/wp\/v2\/users\/1"}],"replies":[{"embeddable":true,"href":"https:\/\/culturasconstructivas.org\/pt-pt\/wp-json\/wp\/v2\/comments?post=1420"}],"version-history":[{"count":2,"href":"https:\/\/culturasconstructivas.org\/pt-pt\/wp-json\/wp\/v2\/pages\/1420\/revisions"}],"predecessor-version":[{"id":2039,"href":"https:\/\/culturasconstructivas.org\/pt-pt\/wp-json\/wp\/v2\/pages\/1420\/revisions\/2039"}],"wp:attachment":[{"href":"https:\/\/culturasconstructivas.org\/pt-pt\/wp-json\/wp\/v2\/media?parent=1420"}],"curies":[{"name":"wp","href":"https:\/\/api.w.org\/{rel}","templated":true}]}}