{"id":2340,"date":"2023-10-28T09:18:37","date_gmt":"2023-10-28T07:18:37","guid":{"rendered":"http:\/\/culturasconstructivas.org\/content\/videos\/r-h-driehaus-medal-for-heritage-conservation\/"},"modified":"2025-04-28T10:48:10","modified_gmt":"2025-04-28T08:48:10","slug":"r-h-driehaus-medal-for-heritage-conservation","status":"publish","type":"page","link":"https:\/\/culturasconstructivas.org\/en\/content\/videos\/r-h-driehaus-medal-for-heritage-conservation\/","title":{"rendered":"R.H.Driehaus Medal for Heritage Preservation"},"content":{"rendered":"\t\t<div data-elementor-type=\"wp-page\" data-elementor-id=\"2340\" class=\"elementor elementor-2340 elementor-2268\" data-elementor-post-type=\"page\">\n\t\t\t\t<div class=\"elementor-element elementor-element-9c69ca5 e-flex e-con-boxed e-con e-parent\" data-id=\"9c69ca5\" data-element_type=\"container\" data-e-type=\"container\">\n\t\t\t\t\t<div class=\"e-con-inner\">\n\t\t\t\t<div class=\"elementor-element elementor-element-0092203 elementor-widget elementor-widget-heading\" data-id=\"0092203\" data-element_type=\"widget\" data-e-type=\"widget\" data-widget_type=\"heading.default\">\n\t\t\t\t<div class=\"elementor-widget-container\">\n\t\t\t\t\t<h1 class=\"elementor-heading-title elementor-size-default\">R.H.Driehaus Medal for Heritage Preservation\n<\/h1>\t\t\t\t<\/div>\n\t\t\t\t<\/div>\n\t\t\t\t\t<\/div>\n\t\t\t\t<\/div>\n\t\t<div class=\"elementor-element elementor-element-d912a76 e-flex e-con-boxed e-con e-parent\" data-id=\"d912a76\" data-element_type=\"container\" data-e-type=\"container\">\n\t\t\t\t\t<div class=\"e-con-inner\">\n\t\t\t\t<div class=\"elementor-element elementor-element-bb182c0 elementor-widget elementor-widget-shortcode\" data-id=\"bb182c0\" data-element_type=\"widget\" data-e-type=\"widget\" data-widget_type=\"shortcode.default\">\n\t\t\t\t<div class=\"elementor-widget-container\">\n\t\t\t\t\t\t\t<div class=\"elementor-shortcode\"><div class=\"epyt-gallery\" data-currpage=\"1\" id=\"epyt_gallery_53315\"><figure class=\"wp-block-embed wp-block-embed-youtube is-type-video is-provider-youtube epyt-figure\"><div class=\"wp-block-embed__wrapper\"><div  id=\"_ytid_92245\"  width=\"800\" height=\"450\"  data-origwidth=\"800\" data-origheight=\"450\"  data-relstop=\"1\" data-facadesrc=\"https:\/\/www.youtube.com\/embed\/_TaOXKbK3II?enablejsapi=1&autoplay=0&cc_load_policy=0&cc_lang_pref=&iv_load_policy=1&loop=0&rel=0&fs=1&playsinline=0&autohide=2&theme=dark&color=red&controls=1&disablekb=0&\" class=\"__youtube_prefs__ epyt-facade no-lazyload\" data-epytgalleryid=\"epyt_gallery_53315\"  data-epautoplay=\"1\" ><img decoding=\"async\" data-spai-excluded=\"true\" class=\"epyt-facade-poster skip-lazy\" loading=\"lazy\"  alt=\"YouTube player\"  src=\"https:\/\/i.ytimg.com\/vi\/_TaOXKbK3II\/maxresdefault.jpg\"  \/><button class=\"epyt-facade-play\" aria-label=\"Play\"><svg data-no-lazy=\"1\" height=\"100%\" version=\"1.1\" viewBox=\"0 0 68 48\" width=\"100%\"><path class=\"ytp-large-play-button-bg\" d=\"M66.52,7.74c-0.78-2.93-2.49-5.41-5.42-6.19C55.79,.13,34,0,34,0S12.21,.13,6.9,1.55 C3.97,2.33,2.27,4.81,1.48,7.74C0.06,13.05,0,24,0,24s0.06,10.95,1.48,16.26c0.78,2.93,2.49,5.41,5.42,6.19 C12.21,47.87,34,48,34,48s21.79-0.13,27.1-1.55c2.93-0.78,4.64-3.26,5.42-6.19C67.94,34.95,68,24,68,24S67.94,13.05,66.52,7.74z\" fill=\"#f00\"><\/path><path d=\"M 45,24 27,14 27,34\" fill=\"#fff\"><\/path><\/svg><\/button><\/div><\/div><\/figure><div class=\"epyt-gallery-list\"><div class=\"epyt-pagination \"><div tabindex=\"0\" role=\"button\" class=\"epyt-pagebutton epyt-prev  hide \" data-playlistid=\"PLxAki7qTTYrTIJgxuhsmAANBOq6fAry0K\" data-pagesize=\"6\" data-pagetoken=\"\" data-epcolumns=\"3\" data-showtitle=\"1\" data-showpaging=\"1\" data-autonext=\"0\" data-thumbplay=\"1\"><div class=\"epyt-arrow\">&laquo;<\/div> <div>Prev<\/div><\/div><div class=\"epyt-pagenumbers \"><div class=\"epyt-current\">1<\/div><div class=\"epyt-pageseparator\"> \/ <\/div><div class=\"epyt-totalpages\">2<\/div><\/div><div tabindex=\"0\" role=\"button\" class=\"epyt-pagebutton epyt-next\" data-playlistid=\"PLxAki7qTTYrTIJgxuhsmAANBOq6fAry0K\" data-pagesize=\"6\" data-pagetoken=\"EAAaHlBUOkNBWWlFREE1TURjNU5rRTNOVVF4TlRNNU16SQ\" data-epcolumns=\"3\" data-showtitle=\"1\" data-showpaging=\"1\" data-autonext=\"0\" data-thumbplay=\"1\"><div>Next<\/div> <div class=\"epyt-arrow\">&raquo;<\/div><\/div><div class=\"epyt-loader\"><img decoding=\"async\" alt=\"loading\" width=\"16\" height=\"11\" src=\"https:\/\/culturasconstructivas.org\/wp-content\/plugins\/youtube-embed-plus\/images\/gallery-page-loader.gif\"><\/div><\/div><div class=\"epyt-gallery-allthumbs  epyt-cols-3 \"><div tabindex=\"0\" role=\"button\" data-videoid=\"_TaOXKbK3II\" class=\"epyt-gallery-thumb\"><div class=\"epyt-gallery-img-box\"><div class=\"epyt-gallery-img\" style=\"background-image: url(https:\/\/i.ytimg.com\/vi\/_TaOXKbK3II\/hqdefault.jpg)\"><div class=\"epyt-gallery-playhover\"><img decoding=\"async\" alt=\"play\" class=\"epyt-play-img\" width=\"30\" height=\"23\" src=\"https:\/\/culturasconstructivas.org\/wp-content\/plugins\/youtube-embed-plus\/images\/playhover.png\" data-no-lazy=\"1\" data-skipgform_ajax_framebjll=\"\" \/><div class=\"epyt-gallery-playcrutch\"><\/div><\/div><\/div><\/div><div class=\"epyt-gallery-title\">Carmen A\u00f1\u00f3n Feli\u00fa, Medalla Richard H. Driehaus a la Conservaci\u00f3n del Patrimonio 2024<\/div><\/div><div tabindex=\"0\" role=\"button\" data-videoid=\"HumljZF-ba0\" class=\"epyt-gallery-thumb\"><div class=\"epyt-gallery-img-box\"><div class=\"epyt-gallery-img\" style=\"background-image: url(https:\/\/i.ytimg.com\/vi\/HumljZF-ba0\/hqdefault.jpg)\"><div class=\"epyt-gallery-playhover\"><img decoding=\"async\" alt=\"play\" class=\"epyt-play-img\" width=\"30\" height=\"23\" src=\"https:\/\/culturasconstructivas.org\/wp-content\/plugins\/youtube-embed-plus\/images\/playhover.png\" data-no-lazy=\"1\" data-skipgform_ajax_framebjll=\"\" \/><div class=\"epyt-gallery-playcrutch\"><\/div><\/div><\/div><\/div><div class=\"epyt-gallery-title\">Antoni Gonz\u00e1lez Moreno-Navarro, Medalla Richard H. Driehaus a la Conservaci\u00f3n del Patrimonio 2023<\/div><\/div><div tabindex=\"0\" role=\"button\" data-videoid=\"c_weCs10lMg\" class=\"epyt-gallery-thumb\"><div class=\"epyt-gallery-img-box\"><div class=\"epyt-gallery-img\" style=\"background-image: url(https:\/\/i.ytimg.com\/vi\/c_weCs10lMg\/hqdefault.jpg)\"><div class=\"epyt-gallery-playhover\"><img decoding=\"async\" alt=\"play\" class=\"epyt-play-img\" width=\"30\" height=\"23\" src=\"https:\/\/culturasconstructivas.org\/wp-content\/plugins\/youtube-embed-plus\/images\/playhover.png\" data-no-lazy=\"1\" data-skipgform_ajax_framebjll=\"\" \/><div class=\"epyt-gallery-playcrutch\"><\/div><\/div><\/div><\/div><div class=\"epyt-gallery-title\">Jos\u00e9 Mar\u00eda Ballester, Medalla Richard H Driehaus a la Conservaci\u00f3n del Patrimonio 2021<\/div><\/div><div class=\"epyt-gallery-rowbreak\"><\/div><div tabindex=\"0\" role=\"button\" data-videoid=\"dW1ZpVq8jSo\" class=\"epyt-gallery-thumb\"><div class=\"epyt-gallery-img-box\"><div class=\"epyt-gallery-img\" style=\"background-image: url(https:\/\/i.ytimg.com\/vi\/dW1ZpVq8jSo\/hqdefault.jpg)\"><div class=\"epyt-gallery-playhover\"><img decoding=\"async\" alt=\"play\" class=\"epyt-play-img\" width=\"30\" height=\"23\" src=\"https:\/\/culturasconstructivas.org\/wp-content\/plugins\/youtube-embed-plus\/images\/playhover.png\" data-no-lazy=\"1\" data-skipgform_ajax_framebjll=\"\" \/><div class=\"epyt-gallery-playcrutch\"><\/div><\/div><\/div><\/div><div class=\"epyt-gallery-title\">V\u00edtor C\u00f3ias, Medalla Richard H Driehaus a la Conservaci\u00f3n del Patrimonio 2020<\/div><\/div><div tabindex=\"0\" role=\"button\" data-videoid=\"z_ZJGGyV2io\" class=\"epyt-gallery-thumb\"><div class=\"epyt-gallery-img-box\"><div class=\"epyt-gallery-img\" style=\"background-image: url(https:\/\/i.ytimg.com\/vi\/z_ZJGGyV2io\/hqdefault.jpg)\"><div class=\"epyt-gallery-playhover\"><img decoding=\"async\" alt=\"play\" class=\"epyt-play-img\" width=\"30\" height=\"23\" src=\"https:\/\/culturasconstructivas.org\/wp-content\/plugins\/youtube-embed-plus\/images\/playhover.png\" data-no-lazy=\"1\" data-skipgform_ajax_framebjll=\"\" \/><div class=\"epyt-gallery-playcrutch\"><\/div><\/div><\/div><\/div><div class=\"epyt-gallery-title\">Antonio Almagro y Antonio Jim\u00e9nez, Medalla Richard H Driehaus a la Conservaci\u00f3n del Patrimonio 2019<\/div><\/div><div tabindex=\"0\" role=\"button\" data-videoid=\"TauwwmAGNeI\" class=\"epyt-gallery-thumb\"><div class=\"epyt-gallery-img-box\"><div class=\"epyt-gallery-img\" style=\"background-image: url(https:\/\/i.ytimg.com\/vi\/TauwwmAGNeI\/hqdefault.jpg)\"><div class=\"epyt-gallery-playhover\"><img decoding=\"async\" alt=\"play\" class=\"epyt-play-img\" width=\"30\" height=\"23\" src=\"https:\/\/culturasconstructivas.org\/wp-content\/plugins\/youtube-embed-plus\/images\/playhover.png\" data-no-lazy=\"1\" data-skipgform_ajax_framebjll=\"\" \/><div class=\"epyt-gallery-playcrutch\"><\/div><\/div><\/div><\/div><div class=\"epyt-gallery-title\">V\u00edtor C\u00f3ias, Richard H. Driehaus Heritage Preservation Medal 2020<\/div><\/div><div class=\"epyt-gallery-rowbreak\"><\/div><div class=\"epyt-gallery-clear\"><\/div><\/div><div class=\"epyt-pagination \"><div tabindex=\"0\" role=\"button\" class=\"epyt-pagebutton epyt-prev  hide \" data-playlistid=\"PLxAki7qTTYrTIJgxuhsmAANBOq6fAry0K\" data-pagesize=\"6\" data-pagetoken=\"\" data-epcolumns=\"3\" data-showtitle=\"1\" data-showpaging=\"1\" data-autonext=\"0\" data-thumbplay=\"1\"><div class=\"epyt-arrow\">&laquo;<\/div> <div>Prev<\/div><\/div><div class=\"epyt-pagenumbers \"><div class=\"epyt-current\">1<\/div><div class=\"epyt-pageseparator\"> \/ <\/div><div class=\"epyt-totalpages\">2<\/div><\/div><div tabindex=\"0\" role=\"button\" class=\"epyt-pagebutton epyt-next\" data-playlistid=\"PLxAki7qTTYrTIJgxuhsmAANBOq6fAry0K\" data-pagesize=\"6\" data-pagetoken=\"EAAaHlBUOkNBWWlFREE1TURjNU5rRTNOVVF4TlRNNU16SQ\" data-epcolumns=\"3\" data-showtitle=\"1\" data-showpaging=\"1\" data-autonext=\"0\" data-thumbplay=\"1\"><div>Next<\/div> <div class=\"epyt-arrow\">&raquo;<\/div><\/div><div class=\"epyt-loader\"><img decoding=\"async\" alt=\"loading\" width=\"16\" height=\"11\" src=\"https:\/\/culturasconstructivas.org\/wp-content\/plugins\/youtube-embed-plus\/images\/gallery-page-loader.gif\"><\/div><\/div><\/div><\/div><\/div>\n\t\t\t\t\t\t<\/div>\n\t\t\t\t<\/div>\n\t\t\t\t\t<\/div>\n\t\t\t\t<\/div>\n\t\t\t\t<\/div>\n\t\t","protected":false},"excerpt":{"rendered":"<p>R.H.Driehaus Medal for Heritage Preservation<\/p>\n","protected":false},"author":1,"featured_media":0,"parent":1444,"menu_order":2,"comment_status":"closed","ping_status":"closed","template":"elementor_header_footer","meta":{"_acf_changed":false,"_piecal_is_event":false,"_piecal_start_date":"","_piecal_end_date":"","_piecal_is_allday":false,"footnotes":""},"class_list":["post-2340","page","type-page","status-publish","hentry"],"acf":[],"yoast_head":"<!-- This site is optimized with the Yoast SEO plugin v27.4 - https:\/\/yoast.com\/product\/yoast-seo-wordpress\/ -->\n<title>R.H.Driehaus Medal for Heritage Preservation - Fundaci\u00f3n Culturas Constructivas Tradicionales<\/title>\n<meta name=\"robots\" content=\"index, follow, max-snippet:-1, max-image-preview:large, max-video-preview:-1\" \/>\n<link rel=\"canonical\" href=\"https:\/\/culturasconstructivas.org\/en\/content\/videos\/r-h-driehaus-medal-for-heritage-conservation\/\" \/>\n<meta property=\"og:locale\" content=\"en_US\" \/>\n<meta property=\"og:type\" content=\"article\" \/>\n<meta property=\"og:title\" content=\"R.H.Driehaus Medal for Heritage Preservation - Fundaci\u00f3n Culturas Constructivas Tradicionales\" \/>\n<meta property=\"og:description\" content=\"R.H.Driehaus Medal for Heritage Preservation\" \/>\n<meta property=\"og:url\" content=\"https:\/\/culturasconstructivas.org\/en\/content\/videos\/r-h-driehaus-medal-for-heritage-conservation\/\" \/>\n<meta property=\"og:site_name\" content=\"Fundaci\u00f3n Culturas Constructivas Tradicionales\" \/>\n<meta property=\"article:modified_time\" content=\"2025-04-28T08:48:10+00:00\" \/>\n<meta name=\"twitter:card\" content=\"summary_large_image\" \/>\n<script type=\"application\/ld+json\" class=\"yoast-schema-graph\">{\"@context\":\"https:\\\/\\\/schema.org\",\"@graph\":[{\"@type\":\"WebPage\",\"@id\":\"https:\\\/\\\/culturasconstructivas.org\\\/en\\\/content\\\/videos\\\/r-h-driehaus-medal-for-heritage-conservation\\\/\",\"url\":\"https:\\\/\\\/culturasconstructivas.org\\\/en\\\/content\\\/videos\\\/r-h-driehaus-medal-for-heritage-conservation\\\/\",\"name\":\"R.H.Driehaus Medal for Heritage Preservation - Fundaci\u00f3n Culturas Constructivas Tradicionales\",\"isPartOf\":{\"@id\":\"https:\\\/\\\/culturasconstructivas.org\\\/en\\\/#website\"},\"datePublished\":\"2023-10-28T07:18:37+00:00\",\"dateModified\":\"2025-04-28T08:48:10+00:00\",\"breadcrumb\":{\"@id\":\"https:\\\/\\\/culturasconstructivas.org\\\/en\\\/content\\\/videos\\\/r-h-driehaus-medal-for-heritage-conservation\\\/#breadcrumb\"},\"inLanguage\":\"en-US\",\"potentialAction\":[{\"@type\":\"ReadAction\",\"target\":[\"https:\\\/\\\/culturasconstructivas.org\\\/en\\\/content\\\/videos\\\/r-h-driehaus-medal-for-heritage-conservation\\\/\"]}]},{\"@type\":\"BreadcrumbList\",\"@id\":\"https:\\\/\\\/culturasconstructivas.org\\\/en\\\/content\\\/videos\\\/r-h-driehaus-medal-for-heritage-conservation\\\/#breadcrumb\",\"itemListElement\":[{\"@type\":\"ListItem\",\"position\":1,\"name\":\"Portada\",\"item\":\"https:\\\/\\\/culturasconstructivas.org\\\/en\\\/traditional-constructive-cultures-foundation\\\/\"},{\"@type\":\"ListItem\",\"position\":2,\"name\":\"Content\",\"item\":\"https:\\\/\\\/culturasconstructivas.org\\\/en\\\/contenidos\\\/\"},{\"@type\":\"ListItem\",\"position\":3,\"name\":\"Videos\",\"item\":\"https:\\\/\\\/culturasconstructivas.org\\\/en\\\/contenidos\\\/videos\\\/\"},{\"@type\":\"ListItem\",\"position\":4,\"name\":\"R.H.Driehaus Medal for Heritage Preservation\"}]},{\"@type\":\"WebSite\",\"@id\":\"https:\\\/\\\/culturasconstructivas.org\\\/en\\\/#website\",\"url\":\"https:\\\/\\\/culturasconstructivas.org\\\/en\\\/\",\"name\":\"Fundaci\u00f3n Culturas Constructivas Tradicionales\",\"description\":\"\",\"publisher\":{\"@id\":\"https:\\\/\\\/culturasconstructivas.org\\\/en\\\/#organization\"},\"potentialAction\":[{\"@type\":\"SearchAction\",\"target\":{\"@type\":\"EntryPoint\",\"urlTemplate\":\"https:\\\/\\\/culturasconstructivas.org\\\/en\\\/?s={search_term_string}\"},\"query-input\":{\"@type\":\"PropertyValueSpecification\",\"valueRequired\":true,\"valueName\":\"search_term_string\"}}],\"inLanguage\":\"en-US\"},{\"@type\":\"Organization\",\"@id\":\"https:\\\/\\\/culturasconstructivas.org\\\/en\\\/#organization\",\"name\":\"Fundaci\u00f3n Culturas Constructivas Tradicionales\",\"url\":\"https:\\\/\\\/culturasconstructivas.org\\\/en\\\/\",\"logo\":{\"@type\":\"ImageObject\",\"inLanguage\":\"en-US\",\"@id\":\"https:\\\/\\\/culturasconstructivas.org\\\/en\\\/#\\\/schema\\\/logo\\\/image\\\/\",\"url\":\"https:\\\/\\\/culturasconstructivas.org\\\/wp-content\\\/uploads\\\/2023\\\/10\\\/BUILDING-CULTURES-FOUNDATION-Logo.png\",\"contentUrl\":\"https:\\\/\\\/culturasconstructivas.org\\\/wp-content\\\/uploads\\\/2023\\\/10\\\/BUILDING-CULTURES-FOUNDATION-Logo.png\",\"width\":538,\"height\":290,\"caption\":\"Fundaci\u00f3n Culturas Constructivas Tradicionales\"},\"image\":{\"@id\":\"https:\\\/\\\/culturasconstructivas.org\\\/en\\\/#\\\/schema\\\/logo\\\/image\\\/\"}}]}<\/script>\n<!-- \/ Yoast SEO plugin. -->","yoast_head_json":{"title":"R.H.Driehaus Medal for Heritage Preservation - Fundaci\u00f3n Culturas Constructivas Tradicionales","robots":{"index":"index","follow":"follow","max-snippet":"max-snippet:-1","max-image-preview":"max-image-preview:large","max-video-preview":"max-video-preview:-1"},"canonical":"https:\/\/culturasconstructivas.org\/en\/content\/videos\/r-h-driehaus-medal-for-heritage-conservation\/","og_locale":"en_US","og_type":"article","og_title":"R.H.Driehaus Medal for Heritage Preservation - Fundaci\u00f3n Culturas Constructivas Tradicionales","og_description":"R.H.Driehaus Medal for Heritage Preservation","og_url":"https:\/\/culturasconstructivas.org\/en\/content\/videos\/r-h-driehaus-medal-for-heritage-conservation\/","og_site_name":"Fundaci\u00f3n Culturas Constructivas Tradicionales","article_modified_time":"2025-04-28T08:48:10+00:00","twitter_card":"summary_large_image","schema":{"@context":"https:\/\/schema.org","@graph":[{"@type":"WebPage","@id":"https:\/\/culturasconstructivas.org\/en\/content\/videos\/r-h-driehaus-medal-for-heritage-conservation\/","url":"https:\/\/culturasconstructivas.org\/en\/content\/videos\/r-h-driehaus-medal-for-heritage-conservation\/","name":"R.H.Driehaus Medal for Heritage Preservation - Fundaci\u00f3n Culturas Constructivas Tradicionales","isPartOf":{"@id":"https:\/\/culturasconstructivas.org\/en\/#website"},"datePublished":"2023-10-28T07:18:37+00:00","dateModified":"2025-04-28T08:48:10+00:00","breadcrumb":{"@id":"https:\/\/culturasconstructivas.org\/en\/content\/videos\/r-h-driehaus-medal-for-heritage-conservation\/#breadcrumb"},"inLanguage":"en-US","potentialAction":[{"@type":"ReadAction","target":["https:\/\/culturasconstructivas.org\/en\/content\/videos\/r-h-driehaus-medal-for-heritage-conservation\/"]}]},{"@type":"BreadcrumbList","@id":"https:\/\/culturasconstructivas.org\/en\/content\/videos\/r-h-driehaus-medal-for-heritage-conservation\/#breadcrumb","itemListElement":[{"@type":"ListItem","position":1,"name":"Portada","item":"https:\/\/culturasconstructivas.org\/en\/traditional-constructive-cultures-foundation\/"},{"@type":"ListItem","position":2,"name":"Content","item":"https:\/\/culturasconstructivas.org\/en\/contenidos\/"},{"@type":"ListItem","position":3,"name":"Videos","item":"https:\/\/culturasconstructivas.org\/en\/contenidos\/videos\/"},{"@type":"ListItem","position":4,"name":"R.H.Driehaus Medal for Heritage Preservation"}]},{"@type":"WebSite","@id":"https:\/\/culturasconstructivas.org\/en\/#website","url":"https:\/\/culturasconstructivas.org\/en\/","name":"Fundaci\u00f3n Culturas Constructivas Tradicionales","description":"","publisher":{"@id":"https:\/\/culturasconstructivas.org\/en\/#organization"},"potentialAction":[{"@type":"SearchAction","target":{"@type":"EntryPoint","urlTemplate":"https:\/\/culturasconstructivas.org\/en\/?s={search_term_string}"},"query-input":{"@type":"PropertyValueSpecification","valueRequired":true,"valueName":"search_term_string"}}],"inLanguage":"en-US"},{"@type":"Organization","@id":"https:\/\/culturasconstructivas.org\/en\/#organization","name":"Fundaci\u00f3n Culturas Constructivas Tradicionales","url":"https:\/\/culturasconstructivas.org\/en\/","logo":{"@type":"ImageObject","inLanguage":"en-US","@id":"https:\/\/culturasconstructivas.org\/en\/#\/schema\/logo\/image\/","url":"https:\/\/culturasconstructivas.org\/wp-content\/uploads\/2023\/10\/BUILDING-CULTURES-FOUNDATION-Logo.png","contentUrl":"https:\/\/culturasconstructivas.org\/wp-content\/uploads\/2023\/10\/BUILDING-CULTURES-FOUNDATION-Logo.png","width":538,"height":290,"caption":"Fundaci\u00f3n Culturas Constructivas Tradicionales"},"image":{"@id":"https:\/\/culturasconstructivas.org\/en\/#\/schema\/logo\/image\/"}}]}},"_links":{"self":[{"href":"https:\/\/culturasconstructivas.org\/en\/wp-json\/wp\/v2\/pages\/2340","targetHints":{"allow":["GET"]}}],"collection":[{"href":"https:\/\/culturasconstructivas.org\/en\/wp-json\/wp\/v2\/pages"}],"about":[{"href":"https:\/\/culturasconstructivas.org\/en\/wp-json\/wp\/v2\/types\/page"}],"author":[{"embeddable":true,"href":"https:\/\/culturasconstructivas.org\/en\/wp-json\/wp\/v2\/users\/1"}],"replies":[{"embeddable":true,"href":"https:\/\/culturasconstructivas.org\/en\/wp-json\/wp\/v2\/comments?post=2340"}],"version-history":[{"count":5,"href":"https:\/\/culturasconstructivas.org\/en\/wp-json\/wp\/v2\/pages\/2340\/revisions"}],"predecessor-version":[{"id":2559,"href":"https:\/\/culturasconstructivas.org\/en\/wp-json\/wp\/v2\/pages\/2340\/revisions\/2559"}],"up":[{"embeddable":true,"href":"https:\/\/culturasconstructivas.org\/en\/wp-json\/wp\/v2\/pages\/1444"}],"wp:attachment":[{"href":"https:\/\/culturasconstructivas.org\/en\/wp-json\/wp\/v2\/media?parent=2340"}],"curies":[{"name":"wp","href":"https:\/\/api.w.org\/{rel}","templated":true}]}}