{"id":14067,"date":"2024-11-05T23:38:05","date_gmt":"2024-11-05T22:38:05","guid":{"rendered":"https:\/\/culturasconstructivas.org\/initiatives\/awards\/richard-h-driehaus-medal-for-heritage-preservation\/laureates\/carmen-anon-feliu\/"},"modified":"2024-11-05T23:38:05","modified_gmt":"2024-11-05T22:38:05","slug":"carmen-anon-feliu","status":"publish","type":"page","link":"https:\/\/culturasconstructivas.org\/en\/initiatives\/awards\/richard-h-driehaus-medal-for-heritage-preservation\/laureates\/carmen-anon-feliu\/","title":{"rendered":"Carmen A\u00f1\u00f3n Feli\u00fa"},"content":{"rendered":"","protected":false},"excerpt":{"rendered":"","protected":false},"author":3,"featured_media":13973,"parent":8686,"menu_order":1,"comment_status":"closed","ping_status":"closed","template":"","meta":{"_acf_changed":false,"_piecal_is_event":false,"_piecal_start_date":"","_piecal_end_date":"","_piecal_is_allday":false,"footnotes":""},"class_list":["post-14067","page","type-page","status-publish","has-post-thumbnail","hentry"],"acf":[],"yoast_head":"<!-- This site is optimized with the Yoast SEO plugin v27.3 - https:\/\/yoast.com\/product\/yoast-seo-wordpress\/ -->\n<title>Carmen A\u00f1\u00f3n Feli\u00fa - Fundaci\u00f3n Culturas Constructivas Tradicionales<\/title>\n<meta name=\"robots\" content=\"index, follow, max-snippet:-1, max-image-preview:large, max-video-preview:-1\" \/>\n<link rel=\"canonical\" href=\"https:\/\/culturasconstructivas.org\/en\/initiatives\/awards\/richard-h-driehaus-medal-for-heritage-preservation\/laureates\/carmen-anon-feliu\/\" \/>\n<meta property=\"og:locale\" content=\"en_US\" \/>\n<meta property=\"og:type\" content=\"article\" \/>\n<meta property=\"og:title\" content=\"Carmen A\u00f1\u00f3n Feli\u00fa - Fundaci\u00f3n Culturas Constructivas Tradicionales\" \/>\n<meta property=\"og:url\" content=\"https:\/\/culturasconstructivas.org\/en\/initiatives\/awards\/richard-h-driehaus-medal-for-heritage-preservation\/laureates\/carmen-anon-feliu\/\" \/>\n<meta property=\"og:site_name\" content=\"Fundaci\u00f3n Culturas Constructivas Tradicionales\" \/>\n<meta name=\"twitter:card\" content=\"summary_large_image\" \/>\n<script type=\"application\/ld+json\" class=\"yoast-schema-graph\">{\"@context\":\"https:\\\/\\\/schema.org\",\"@graph\":[{\"@type\":\"WebPage\",\"@id\":\"https:\\\/\\\/culturasconstructivas.org\\\/en\\\/initiatives\\\/awards\\\/richard-h-driehaus-medal-for-heritage-preservation\\\/laureates\\\/carmen-anon-feliu\\\/\",\"url\":\"https:\\\/\\\/culturasconstructivas.org\\\/en\\\/initiatives\\\/awards\\\/richard-h-driehaus-medal-for-heritage-preservation\\\/laureates\\\/carmen-anon-feliu\\\/\",\"name\":\"Carmen A\u00f1\u00f3n Feli\u00fa - Fundaci\u00f3n Culturas Constructivas Tradicionales\",\"isPartOf\":{\"@id\":\"https:\\\/\\\/culturasconstructivas.org\\\/en\\\/#website\"},\"primaryImageOfPage\":{\"@id\":\"https:\\\/\\\/culturasconstructivas.org\\\/en\\\/initiatives\\\/awards\\\/richard-h-driehaus-medal-for-heritage-preservation\\\/laureates\\\/carmen-anon-feliu\\\/#primaryimage\"},\"image\":{\"@id\":\"https:\\\/\\\/culturasconstructivas.org\\\/en\\\/initiatives\\\/awards\\\/richard-h-driehaus-medal-for-heritage-preservation\\\/laureates\\\/carmen-anon-feliu\\\/#primaryimage\"},\"thumbnailUrl\":\"https:\\\/\\\/culturasconstructivas.org\\\/wp-content\\\/uploads\\\/2024\\\/11\\\/Medalla2024-3.jpg\",\"datePublished\":\"2024-11-05T22:38:05+00:00\",\"breadcrumb\":{\"@id\":\"https:\\\/\\\/culturasconstructivas.org\\\/en\\\/initiatives\\\/awards\\\/richard-h-driehaus-medal-for-heritage-preservation\\\/laureates\\\/carmen-anon-feliu\\\/#breadcrumb\"},\"inLanguage\":\"en-US\",\"potentialAction\":[{\"@type\":\"ReadAction\",\"target\":[\"https:\\\/\\\/culturasconstructivas.org\\\/en\\\/initiatives\\\/awards\\\/richard-h-driehaus-medal-for-heritage-preservation\\\/laureates\\\/carmen-anon-feliu\\\/\"]}]},{\"@type\":\"ImageObject\",\"inLanguage\":\"en-US\",\"@id\":\"https:\\\/\\\/culturasconstructivas.org\\\/en\\\/initiatives\\\/awards\\\/richard-h-driehaus-medal-for-heritage-preservation\\\/laureates\\\/carmen-anon-feliu\\\/#primaryimage\",\"url\":\"https:\\\/\\\/culturasconstructivas.org\\\/wp-content\\\/uploads\\\/2024\\\/11\\\/Medalla2024-3.jpg\",\"contentUrl\":\"https:\\\/\\\/culturasconstructivas.org\\\/wp-content\\\/uploads\\\/2024\\\/11\\\/Medalla2024-3.jpg\",\"width\":724,\"height\":542},{\"@type\":\"BreadcrumbList\",\"@id\":\"https:\\\/\\\/culturasconstructivas.org\\\/en\\\/initiatives\\\/awards\\\/richard-h-driehaus-medal-for-heritage-preservation\\\/laureates\\\/carmen-anon-feliu\\\/#breadcrumb\",\"itemListElement\":[{\"@type\":\"ListItem\",\"position\":1,\"name\":\"Portada\",\"item\":\"https:\\\/\\\/culturasconstructivas.org\\\/en\\\/traditional-constructive-cultures-foundation\\\/\"},{\"@type\":\"ListItem\",\"position\":2,\"name\":\"Initiatives\",\"item\":\"https:\\\/\\\/culturasconstructivas.org\\\/en\\\/initiatives\\\/\"},{\"@type\":\"ListItem\",\"position\":3,\"name\":\"Awards\",\"item\":\"https:\\\/\\\/culturasconstructivas.org\\\/en\\\/initiatives\\\/awards\\\/\"},{\"@type\":\"ListItem\",\"position\":4,\"name\":\"Richard H. Driehaus Medal for Heritage Preservation\",\"item\":\"https:\\\/\\\/culturasconstructivas.org\\\/en\\\/initiatives\\\/awards\\\/richard-h-driehaus-medal-for-heritage-preservation\\\/\"},{\"@type\":\"ListItem\",\"position\":5,\"name\":\"Laureates\",\"item\":\"https:\\\/\\\/culturasconstructivas.org\\\/en\\\/initiatives\\\/awards\\\/richard-h-driehaus-medal-for-heritage-preservation\\\/laureates\\\/\"},{\"@type\":\"ListItem\",\"position\":6,\"name\":\"Carmen A\u00f1\u00f3n Feli\u00fa\"}]},{\"@type\":\"WebSite\",\"@id\":\"https:\\\/\\\/culturasconstructivas.org\\\/en\\\/#website\",\"url\":\"https:\\\/\\\/culturasconstructivas.org\\\/en\\\/\",\"name\":\"Fundaci\u00f3n Culturas Constructivas Tradicionales\",\"description\":\"\",\"publisher\":{\"@id\":\"https:\\\/\\\/culturasconstructivas.org\\\/en\\\/#organization\"},\"potentialAction\":[{\"@type\":\"SearchAction\",\"target\":{\"@type\":\"EntryPoint\",\"urlTemplate\":\"https:\\\/\\\/culturasconstructivas.org\\\/en\\\/?s={search_term_string}\"},\"query-input\":{\"@type\":\"PropertyValueSpecification\",\"valueRequired\":true,\"valueName\":\"search_term_string\"}}],\"inLanguage\":\"en-US\"},{\"@type\":\"Organization\",\"@id\":\"https:\\\/\\\/culturasconstructivas.org\\\/en\\\/#organization\",\"name\":\"Fundaci\u00f3n Culturas Constructivas Tradicionales\",\"url\":\"https:\\\/\\\/culturasconstructivas.org\\\/en\\\/\",\"logo\":{\"@type\":\"ImageObject\",\"inLanguage\":\"en-US\",\"@id\":\"https:\\\/\\\/culturasconstructivas.org\\\/en\\\/#\\\/schema\\\/logo\\\/image\\\/\",\"url\":\"https:\\\/\\\/culturasconstructivas.org\\\/wp-content\\\/uploads\\\/2023\\\/10\\\/BUILDING-CULTURES-FOUNDATION-Logo.png\",\"contentUrl\":\"https:\\\/\\\/culturasconstructivas.org\\\/wp-content\\\/uploads\\\/2023\\\/10\\\/BUILDING-CULTURES-FOUNDATION-Logo.png\",\"width\":538,\"height\":290,\"caption\":\"Fundaci\u00f3n Culturas Constructivas Tradicionales\"},\"image\":{\"@id\":\"https:\\\/\\\/culturasconstructivas.org\\\/en\\\/#\\\/schema\\\/logo\\\/image\\\/\"}}]}<\/script>\n<!-- \/ Yoast SEO plugin. -->","yoast_head_json":{"title":"Carmen A\u00f1\u00f3n Feli\u00fa - Fundaci\u00f3n Culturas Constructivas Tradicionales","robots":{"index":"index","follow":"follow","max-snippet":"max-snippet:-1","max-image-preview":"max-image-preview:large","max-video-preview":"max-video-preview:-1"},"canonical":"https:\/\/culturasconstructivas.org\/en\/initiatives\/awards\/richard-h-driehaus-medal-for-heritage-preservation\/laureates\/carmen-anon-feliu\/","og_locale":"en_US","og_type":"article","og_title":"Carmen A\u00f1\u00f3n Feli\u00fa - Fundaci\u00f3n Culturas Constructivas Tradicionales","og_url":"https:\/\/culturasconstructivas.org\/en\/initiatives\/awards\/richard-h-driehaus-medal-for-heritage-preservation\/laureates\/carmen-anon-feliu\/","og_site_name":"Fundaci\u00f3n Culturas Constructivas Tradicionales","twitter_card":"summary_large_image","schema":{"@context":"https:\/\/schema.org","@graph":[{"@type":"WebPage","@id":"https:\/\/culturasconstructivas.org\/en\/initiatives\/awards\/richard-h-driehaus-medal-for-heritage-preservation\/laureates\/carmen-anon-feliu\/","url":"https:\/\/culturasconstructivas.org\/en\/initiatives\/awards\/richard-h-driehaus-medal-for-heritage-preservation\/laureates\/carmen-anon-feliu\/","name":"Carmen A\u00f1\u00f3n Feli\u00fa - Fundaci\u00f3n Culturas Constructivas Tradicionales","isPartOf":{"@id":"https:\/\/culturasconstructivas.org\/en\/#website"},"primaryImageOfPage":{"@id":"https:\/\/culturasconstructivas.org\/en\/initiatives\/awards\/richard-h-driehaus-medal-for-heritage-preservation\/laureates\/carmen-anon-feliu\/#primaryimage"},"image":{"@id":"https:\/\/culturasconstructivas.org\/en\/initiatives\/awards\/richard-h-driehaus-medal-for-heritage-preservation\/laureates\/carmen-anon-feliu\/#primaryimage"},"thumbnailUrl":"https:\/\/culturasconstructivas.org\/wp-content\/uploads\/2024\/11\/Medalla2024-3.jpg","datePublished":"2024-11-05T22:38:05+00:00","breadcrumb":{"@id":"https:\/\/culturasconstructivas.org\/en\/initiatives\/awards\/richard-h-driehaus-medal-for-heritage-preservation\/laureates\/carmen-anon-feliu\/#breadcrumb"},"inLanguage":"en-US","potentialAction":[{"@type":"ReadAction","target":["https:\/\/culturasconstructivas.org\/en\/initiatives\/awards\/richard-h-driehaus-medal-for-heritage-preservation\/laureates\/carmen-anon-feliu\/"]}]},{"@type":"ImageObject","inLanguage":"en-US","@id":"https:\/\/culturasconstructivas.org\/en\/initiatives\/awards\/richard-h-driehaus-medal-for-heritage-preservation\/laureates\/carmen-anon-feliu\/#primaryimage","url":"https:\/\/culturasconstructivas.org\/wp-content\/uploads\/2024\/11\/Medalla2024-3.jpg","contentUrl":"https:\/\/culturasconstructivas.org\/wp-content\/uploads\/2024\/11\/Medalla2024-3.jpg","width":724,"height":542},{"@type":"BreadcrumbList","@id":"https:\/\/culturasconstructivas.org\/en\/initiatives\/awards\/richard-h-driehaus-medal-for-heritage-preservation\/laureates\/carmen-anon-feliu\/#breadcrumb","itemListElement":[{"@type":"ListItem","position":1,"name":"Portada","item":"https:\/\/culturasconstructivas.org\/en\/traditional-constructive-cultures-foundation\/"},{"@type":"ListItem","position":2,"name":"Initiatives","item":"https:\/\/culturasconstructivas.org\/en\/initiatives\/"},{"@type":"ListItem","position":3,"name":"Awards","item":"https:\/\/culturasconstructivas.org\/en\/initiatives\/awards\/"},{"@type":"ListItem","position":4,"name":"Richard H. Driehaus Medal for Heritage Preservation","item":"https:\/\/culturasconstructivas.org\/en\/initiatives\/awards\/richard-h-driehaus-medal-for-heritage-preservation\/"},{"@type":"ListItem","position":5,"name":"Laureates","item":"https:\/\/culturasconstructivas.org\/en\/initiatives\/awards\/richard-h-driehaus-medal-for-heritage-preservation\/laureates\/"},{"@type":"ListItem","position":6,"name":"Carmen A\u00f1\u00f3n Feli\u00fa"}]},{"@type":"WebSite","@id":"https:\/\/culturasconstructivas.org\/en\/#website","url":"https:\/\/culturasconstructivas.org\/en\/","name":"Fundaci\u00f3n Culturas Constructivas Tradicionales","description":"","publisher":{"@id":"https:\/\/culturasconstructivas.org\/en\/#organization"},"potentialAction":[{"@type":"SearchAction","target":{"@type":"EntryPoint","urlTemplate":"https:\/\/culturasconstructivas.org\/en\/?s={search_term_string}"},"query-input":{"@type":"PropertyValueSpecification","valueRequired":true,"valueName":"search_term_string"}}],"inLanguage":"en-US"},{"@type":"Organization","@id":"https:\/\/culturasconstructivas.org\/en\/#organization","name":"Fundaci\u00f3n Culturas Constructivas Tradicionales","url":"https:\/\/culturasconstructivas.org\/en\/","logo":{"@type":"ImageObject","inLanguage":"en-US","@id":"https:\/\/culturasconstructivas.org\/en\/#\/schema\/logo\/image\/","url":"https:\/\/culturasconstructivas.org\/wp-content\/uploads\/2023\/10\/BUILDING-CULTURES-FOUNDATION-Logo.png","contentUrl":"https:\/\/culturasconstructivas.org\/wp-content\/uploads\/2023\/10\/BUILDING-CULTURES-FOUNDATION-Logo.png","width":538,"height":290,"caption":"Fundaci\u00f3n Culturas Constructivas Tradicionales"},"image":{"@id":"https:\/\/culturasconstructivas.org\/en\/#\/schema\/logo\/image\/"}}]}},"_links":{"self":[{"href":"https:\/\/culturasconstructivas.org\/en\/wp-json\/wp\/v2\/pages\/14067","targetHints":{"allow":["GET"]}}],"collection":[{"href":"https:\/\/culturasconstructivas.org\/en\/wp-json\/wp\/v2\/pages"}],"about":[{"href":"https:\/\/culturasconstructivas.org\/en\/wp-json\/wp\/v2\/types\/page"}],"author":[{"embeddable":true,"href":"https:\/\/culturasconstructivas.org\/en\/wp-json\/wp\/v2\/users\/3"}],"replies":[{"embeddable":true,"href":"https:\/\/culturasconstructivas.org\/en\/wp-json\/wp\/v2\/comments?post=14067"}],"version-history":[{"count":0,"href":"https:\/\/culturasconstructivas.org\/en\/wp-json\/wp\/v2\/pages\/14067\/revisions"}],"up":[{"embeddable":true,"href":"https:\/\/culturasconstructivas.org\/en\/wp-json\/wp\/v2\/pages\/8686"}],"wp:featuredmedia":[{"embeddable":true,"href":"https:\/\/culturasconstructivas.org\/en\/wp-json\/wp\/v2\/media\/13973"}],"wp:attachment":[{"href":"https:\/\/culturasconstructivas.org\/en\/wp-json\/wp\/v2\/media?parent=14067"}],"curies":[{"name":"wp","href":"https:\/\/api.w.org\/{rel}","templated":true}]}}