{"id":11435,"date":"2024-04-21T16:58:44","date_gmt":"2024-04-21T14:58:44","guid":{"rendered":"https:\/\/culturasconstructivas.org\/initiatives\/awards\/richard-h-driehaus-medal-for-heritage-preservation\/laureates\/jose-maria-ballester\/"},"modified":"2024-08-19T12:14:07","modified_gmt":"2024-08-19T10:14:07","slug":"jose-maria-ballester","status":"publish","type":"page","link":"https:\/\/culturasconstructivas.org\/en\/initiatives\/awards\/richard-h-driehaus-medal-for-heritage-preservation\/laureates\/jose-maria-ballester\/","title":{"rendered":"Jos\u00e9 Mar\u00eda Ballester"},"content":{"rendered":"","protected":false},"excerpt":{"rendered":"","protected":false},"author":4,"featured_media":5298,"parent":8686,"menu_order":3,"comment_status":"closed","ping_status":"closed","template":"","meta":{"_acf_changed":false,"_piecal_is_event":false,"_piecal_start_date":"","_piecal_end_date":"","_piecal_is_allday":false,"footnotes":""},"class_list":["post-11435","page","type-page","status-publish","has-post-thumbnail","hentry"],"acf":[],"yoast_head":"<!-- This site is optimized with the Yoast SEO plugin v27.3 - https:\/\/yoast.com\/product\/yoast-seo-wordpress\/ -->\n<title>Jos\u00e9 Mar\u00eda Ballester - Fundaci\u00f3n Culturas Constructivas Tradicionales<\/title>\n<meta name=\"robots\" content=\"index, follow, max-snippet:-1, max-image-preview:large, max-video-preview:-1\" \/>\n<link rel=\"canonical\" href=\"https:\/\/culturasconstructivas.org\/en\/initiatives\/awards\/richard-h-driehaus-medal-for-heritage-preservation\/laureates\/jose-maria-ballester\/\" \/>\n<meta property=\"og:locale\" content=\"en_US\" \/>\n<meta property=\"og:type\" content=\"article\" \/>\n<meta property=\"og:title\" content=\"Jos\u00e9 Mar\u00eda Ballester - Fundaci\u00f3n Culturas Constructivas Tradicionales\" \/>\n<meta property=\"og:url\" content=\"https:\/\/culturasconstructivas.org\/en\/initiatives\/awards\/richard-h-driehaus-medal-for-heritage-preservation\/laureates\/jose-maria-ballester\/\" \/>\n<meta property=\"og:site_name\" content=\"Fundaci\u00f3n Culturas Constructivas Tradicionales\" \/>\n<meta property=\"article:modified_time\" content=\"2024-08-19T10:14:07+00:00\" \/>\n<meta property=\"og:image\" content=\"https:\/\/culturasconstructivas.org\/wp-content\/uploads\/2024\/04\/San-Andres-de-Valdelomar-1-scaled-2.webp\" \/>\n\t<meta property=\"og:image:width\" content=\"1600\" \/>\n\t<meta property=\"og:image:height\" content=\"1200\" \/>\n\t<meta property=\"og:image:type\" content=\"image\/webp\" \/>\n<meta name=\"twitter:card\" content=\"summary_large_image\" \/>\n<script type=\"application\/ld+json\" class=\"yoast-schema-graph\">{\"@context\":\"https:\\\/\\\/schema.org\",\"@graph\":[{\"@type\":\"WebPage\",\"@id\":\"https:\\\/\\\/culturasconstructivas.org\\\/en\\\/initiatives\\\/awards\\\/richard-h-driehaus-medal-for-heritage-preservation\\\/laureates\\\/jose-maria-ballester\\\/\",\"url\":\"https:\\\/\\\/culturasconstructivas.org\\\/en\\\/initiatives\\\/awards\\\/richard-h-driehaus-medal-for-heritage-preservation\\\/laureates\\\/jose-maria-ballester\\\/\",\"name\":\"Jos\u00e9 Mar\u00eda Ballester - Fundaci\u00f3n Culturas Constructivas Tradicionales\",\"isPartOf\":{\"@id\":\"https:\\\/\\\/culturasconstructivas.org\\\/en\\\/#website\"},\"primaryImageOfPage\":{\"@id\":\"https:\\\/\\\/culturasconstructivas.org\\\/en\\\/initiatives\\\/awards\\\/richard-h-driehaus-medal-for-heritage-preservation\\\/laureates\\\/jose-maria-ballester\\\/#primaryimage\"},\"image\":{\"@id\":\"https:\\\/\\\/culturasconstructivas.org\\\/en\\\/initiatives\\\/awards\\\/richard-h-driehaus-medal-for-heritage-preservation\\\/laureates\\\/jose-maria-ballester\\\/#primaryimage\"},\"thumbnailUrl\":\"https:\\\/\\\/culturasconstructivas.org\\\/wp-content\\\/uploads\\\/2024\\\/04\\\/San-Andres-de-Valdelomar-1-scaled-2.webp\",\"datePublished\":\"2024-04-21T14:58:44+00:00\",\"dateModified\":\"2024-08-19T10:14:07+00:00\",\"breadcrumb\":{\"@id\":\"https:\\\/\\\/culturasconstructivas.org\\\/en\\\/initiatives\\\/awards\\\/richard-h-driehaus-medal-for-heritage-preservation\\\/laureates\\\/jose-maria-ballester\\\/#breadcrumb\"},\"inLanguage\":\"en-US\",\"potentialAction\":[{\"@type\":\"ReadAction\",\"target\":[\"https:\\\/\\\/culturasconstructivas.org\\\/en\\\/initiatives\\\/awards\\\/richard-h-driehaus-medal-for-heritage-preservation\\\/laureates\\\/jose-maria-ballester\\\/\"]}]},{\"@type\":\"ImageObject\",\"inLanguage\":\"en-US\",\"@id\":\"https:\\\/\\\/culturasconstructivas.org\\\/en\\\/initiatives\\\/awards\\\/richard-h-driehaus-medal-for-heritage-preservation\\\/laureates\\\/jose-maria-ballester\\\/#primaryimage\",\"url\":\"https:\\\/\\\/culturasconstructivas.org\\\/wp-content\\\/uploads\\\/2024\\\/04\\\/San-Andres-de-Valdelomar-1-scaled-2.webp\",\"contentUrl\":\"https:\\\/\\\/culturasconstructivas.org\\\/wp-content\\\/uploads\\\/2024\\\/04\\\/San-Andres-de-Valdelomar-1-scaled-2.webp\",\"width\":1600,\"height\":1200},{\"@type\":\"BreadcrumbList\",\"@id\":\"https:\\\/\\\/culturasconstructivas.org\\\/en\\\/initiatives\\\/awards\\\/richard-h-driehaus-medal-for-heritage-preservation\\\/laureates\\\/jose-maria-ballester\\\/#breadcrumb\",\"itemListElement\":[{\"@type\":\"ListItem\",\"position\":1,\"name\":\"Portada\",\"item\":\"https:\\\/\\\/culturasconstructivas.org\\\/en\\\/traditional-constructive-cultures-foundation\\\/\"},{\"@type\":\"ListItem\",\"position\":2,\"name\":\"Initiatives\",\"item\":\"https:\\\/\\\/culturasconstructivas.org\\\/en\\\/initiatives\\\/\"},{\"@type\":\"ListItem\",\"position\":3,\"name\":\"Awards\",\"item\":\"https:\\\/\\\/culturasconstructivas.org\\\/en\\\/initiatives\\\/awards\\\/\"},{\"@type\":\"ListItem\",\"position\":4,\"name\":\"Richard H. Driehaus Medal for Heritage Preservation\",\"item\":\"https:\\\/\\\/culturasconstructivas.org\\\/en\\\/initiatives\\\/awards\\\/richard-h-driehaus-medal-for-heritage-preservation\\\/\"},{\"@type\":\"ListItem\",\"position\":5,\"name\":\"Laureates\",\"item\":\"https:\\\/\\\/culturasconstructivas.org\\\/en\\\/initiatives\\\/awards\\\/richard-h-driehaus-medal-for-heritage-preservation\\\/laureates\\\/\"},{\"@type\":\"ListItem\",\"position\":6,\"name\":\"Jos\u00e9 Mar\u00eda Ballester\"}]},{\"@type\":\"WebSite\",\"@id\":\"https:\\\/\\\/culturasconstructivas.org\\\/en\\\/#website\",\"url\":\"https:\\\/\\\/culturasconstructivas.org\\\/en\\\/\",\"name\":\"Fundaci\u00f3n Culturas Constructivas Tradicionales\",\"description\":\"\",\"publisher\":{\"@id\":\"https:\\\/\\\/culturasconstructivas.org\\\/en\\\/#organization\"},\"potentialAction\":[{\"@type\":\"SearchAction\",\"target\":{\"@type\":\"EntryPoint\",\"urlTemplate\":\"https:\\\/\\\/culturasconstructivas.org\\\/en\\\/?s={search_term_string}\"},\"query-input\":{\"@type\":\"PropertyValueSpecification\",\"valueRequired\":true,\"valueName\":\"search_term_string\"}}],\"inLanguage\":\"en-US\"},{\"@type\":\"Organization\",\"@id\":\"https:\\\/\\\/culturasconstructivas.org\\\/en\\\/#organization\",\"name\":\"Fundaci\u00f3n Culturas Constructivas Tradicionales\",\"url\":\"https:\\\/\\\/culturasconstructivas.org\\\/en\\\/\",\"logo\":{\"@type\":\"ImageObject\",\"inLanguage\":\"en-US\",\"@id\":\"https:\\\/\\\/culturasconstructivas.org\\\/en\\\/#\\\/schema\\\/logo\\\/image\\\/\",\"url\":\"https:\\\/\\\/culturasconstructivas.org\\\/wp-content\\\/uploads\\\/2023\\\/10\\\/BUILDING-CULTURES-FOUNDATION-Logo.png\",\"contentUrl\":\"https:\\\/\\\/culturasconstructivas.org\\\/wp-content\\\/uploads\\\/2023\\\/10\\\/BUILDING-CULTURES-FOUNDATION-Logo.png\",\"width\":538,\"height\":290,\"caption\":\"Fundaci\u00f3n Culturas Constructivas Tradicionales\"},\"image\":{\"@id\":\"https:\\\/\\\/culturasconstructivas.org\\\/en\\\/#\\\/schema\\\/logo\\\/image\\\/\"}}]}<\/script>\n<!-- \/ Yoast SEO plugin. -->","yoast_head_json":{"title":"Jos\u00e9 Mar\u00eda Ballester - Fundaci\u00f3n Culturas Constructivas Tradicionales","robots":{"index":"index","follow":"follow","max-snippet":"max-snippet:-1","max-image-preview":"max-image-preview:large","max-video-preview":"max-video-preview:-1"},"canonical":"https:\/\/culturasconstructivas.org\/en\/initiatives\/awards\/richard-h-driehaus-medal-for-heritage-preservation\/laureates\/jose-maria-ballester\/","og_locale":"en_US","og_type":"article","og_title":"Jos\u00e9 Mar\u00eda Ballester - Fundaci\u00f3n Culturas Constructivas Tradicionales","og_url":"https:\/\/culturasconstructivas.org\/en\/initiatives\/awards\/richard-h-driehaus-medal-for-heritage-preservation\/laureates\/jose-maria-ballester\/","og_site_name":"Fundaci\u00f3n Culturas Constructivas Tradicionales","article_modified_time":"2024-08-19T10:14:07+00:00","og_image":[{"width":1600,"height":1200,"url":"https:\/\/culturasconstructivas.org\/wp-content\/uploads\/2024\/04\/San-Andres-de-Valdelomar-1-scaled-2.webp","type":"image\/webp"}],"twitter_card":"summary_large_image","schema":{"@context":"https:\/\/schema.org","@graph":[{"@type":"WebPage","@id":"https:\/\/culturasconstructivas.org\/en\/initiatives\/awards\/richard-h-driehaus-medal-for-heritage-preservation\/laureates\/jose-maria-ballester\/","url":"https:\/\/culturasconstructivas.org\/en\/initiatives\/awards\/richard-h-driehaus-medal-for-heritage-preservation\/laureates\/jose-maria-ballester\/","name":"Jos\u00e9 Mar\u00eda Ballester - Fundaci\u00f3n Culturas Constructivas Tradicionales","isPartOf":{"@id":"https:\/\/culturasconstructivas.org\/en\/#website"},"primaryImageOfPage":{"@id":"https:\/\/culturasconstructivas.org\/en\/initiatives\/awards\/richard-h-driehaus-medal-for-heritage-preservation\/laureates\/jose-maria-ballester\/#primaryimage"},"image":{"@id":"https:\/\/culturasconstructivas.org\/en\/initiatives\/awards\/richard-h-driehaus-medal-for-heritage-preservation\/laureates\/jose-maria-ballester\/#primaryimage"},"thumbnailUrl":"https:\/\/culturasconstructivas.org\/wp-content\/uploads\/2024\/04\/San-Andres-de-Valdelomar-1-scaled-2.webp","datePublished":"2024-04-21T14:58:44+00:00","dateModified":"2024-08-19T10:14:07+00:00","breadcrumb":{"@id":"https:\/\/culturasconstructivas.org\/en\/initiatives\/awards\/richard-h-driehaus-medal-for-heritage-preservation\/laureates\/jose-maria-ballester\/#breadcrumb"},"inLanguage":"en-US","potentialAction":[{"@type":"ReadAction","target":["https:\/\/culturasconstructivas.org\/en\/initiatives\/awards\/richard-h-driehaus-medal-for-heritage-preservation\/laureates\/jose-maria-ballester\/"]}]},{"@type":"ImageObject","inLanguage":"en-US","@id":"https:\/\/culturasconstructivas.org\/en\/initiatives\/awards\/richard-h-driehaus-medal-for-heritage-preservation\/laureates\/jose-maria-ballester\/#primaryimage","url":"https:\/\/culturasconstructivas.org\/wp-content\/uploads\/2024\/04\/San-Andres-de-Valdelomar-1-scaled-2.webp","contentUrl":"https:\/\/culturasconstructivas.org\/wp-content\/uploads\/2024\/04\/San-Andres-de-Valdelomar-1-scaled-2.webp","width":1600,"height":1200},{"@type":"BreadcrumbList","@id":"https:\/\/culturasconstructivas.org\/en\/initiatives\/awards\/richard-h-driehaus-medal-for-heritage-preservation\/laureates\/jose-maria-ballester\/#breadcrumb","itemListElement":[{"@type":"ListItem","position":1,"name":"Portada","item":"https:\/\/culturasconstructivas.org\/en\/traditional-constructive-cultures-foundation\/"},{"@type":"ListItem","position":2,"name":"Initiatives","item":"https:\/\/culturasconstructivas.org\/en\/initiatives\/"},{"@type":"ListItem","position":3,"name":"Awards","item":"https:\/\/culturasconstructivas.org\/en\/initiatives\/awards\/"},{"@type":"ListItem","position":4,"name":"Richard H. Driehaus Medal for Heritage Preservation","item":"https:\/\/culturasconstructivas.org\/en\/initiatives\/awards\/richard-h-driehaus-medal-for-heritage-preservation\/"},{"@type":"ListItem","position":5,"name":"Laureates","item":"https:\/\/culturasconstructivas.org\/en\/initiatives\/awards\/richard-h-driehaus-medal-for-heritage-preservation\/laureates\/"},{"@type":"ListItem","position":6,"name":"Jos\u00e9 Mar\u00eda Ballester"}]},{"@type":"WebSite","@id":"https:\/\/culturasconstructivas.org\/en\/#website","url":"https:\/\/culturasconstructivas.org\/en\/","name":"Fundaci\u00f3n Culturas Constructivas Tradicionales","description":"","publisher":{"@id":"https:\/\/culturasconstructivas.org\/en\/#organization"},"potentialAction":[{"@type":"SearchAction","target":{"@type":"EntryPoint","urlTemplate":"https:\/\/culturasconstructivas.org\/en\/?s={search_term_string}"},"query-input":{"@type":"PropertyValueSpecification","valueRequired":true,"valueName":"search_term_string"}}],"inLanguage":"en-US"},{"@type":"Organization","@id":"https:\/\/culturasconstructivas.org\/en\/#organization","name":"Fundaci\u00f3n Culturas Constructivas Tradicionales","url":"https:\/\/culturasconstructivas.org\/en\/","logo":{"@type":"ImageObject","inLanguage":"en-US","@id":"https:\/\/culturasconstructivas.org\/en\/#\/schema\/logo\/image\/","url":"https:\/\/culturasconstructivas.org\/wp-content\/uploads\/2023\/10\/BUILDING-CULTURES-FOUNDATION-Logo.png","contentUrl":"https:\/\/culturasconstructivas.org\/wp-content\/uploads\/2023\/10\/BUILDING-CULTURES-FOUNDATION-Logo.png","width":538,"height":290,"caption":"Fundaci\u00f3n Culturas Constructivas Tradicionales"},"image":{"@id":"https:\/\/culturasconstructivas.org\/en\/#\/schema\/logo\/image\/"}}]}},"_links":{"self":[{"href":"https:\/\/culturasconstructivas.org\/en\/wp-json\/wp\/v2\/pages\/11435","targetHints":{"allow":["GET"]}}],"collection":[{"href":"https:\/\/culturasconstructivas.org\/en\/wp-json\/wp\/v2\/pages"}],"about":[{"href":"https:\/\/culturasconstructivas.org\/en\/wp-json\/wp\/v2\/types\/page"}],"author":[{"embeddable":true,"href":"https:\/\/culturasconstructivas.org\/en\/wp-json\/wp\/v2\/users\/4"}],"replies":[{"embeddable":true,"href":"https:\/\/culturasconstructivas.org\/en\/wp-json\/wp\/v2\/comments?post=11435"}],"version-history":[{"count":0,"href":"https:\/\/culturasconstructivas.org\/en\/wp-json\/wp\/v2\/pages\/11435\/revisions"}],"up":[{"embeddable":true,"href":"https:\/\/culturasconstructivas.org\/en\/wp-json\/wp\/v2\/pages\/8686"}],"wp:featuredmedia":[{"embeddable":true,"href":"https:\/\/culturasconstructivas.org\/en\/wp-json\/wp\/v2\/media\/5298"}],"wp:attachment":[{"href":"https:\/\/culturasconstructivas.org\/en\/wp-json\/wp\/v2\/media?parent=11435"}],"curies":[{"name":"wp","href":"https:\/\/api.w.org\/{rel}","templated":true}]}}